{"id":689837,"date":"2025-08-27T13:48:37","date_gmt":"2025-08-27T10:48:37","guid":{"rendered":"https:\/\/roveyayinevi.com.tr\/index.php\/urun\/kopegiyle-dolasan-kadin\/"},"modified":"2026-04-16T01:59:25","modified_gmt":"2026-04-15T22:59:25","slug":"kopegiyle-dolasan-kadin","status":"publish","type":"product","link":"https:\/\/roveyayinevi.com.tr\/index.php\/urun\/kopegiyle-dolasan-kadin\/","title":{"rendered":"K\u00f6pe\u011fiyle Dola\u015fan Kad\u0131n"},"content":{"rendered":"<p>Anton Pavlovi\u00e7 \u00c7ehov (1860-1904): Hayat\u0131n yal\u0131nl\u0131\u011f\u0131 ve karma\u015fas\u0131 i\u00e7indeki insanl\u0131k durumlar\u0131n\u0131 b\u00fcy\u00fck bir duyarl\u0131l\u0131kla i\u015fledi\u011fi \u00f6yk\u00fc ve oyunlar\u0131yla, d\u00fcnya edebiyat\u0131na damgas\u0131n\u0131 vuran en \u00f6nemli 19. y\u00fczy\u0131l yazarlar\u0131ndan biridir. K\u00f6pe\u011fiyle Dola\u015fan Kad\u0131n&#8217;da yer alan otuz yedi se\u00e7me \u00f6yk\u00fcs\u00fc bu b\u00fcy\u00fck ustan\u0131n \u00f6yk\u00fc yazarl\u0131\u011f\u0131n\u0131n farkl\u0131 evrelerine \u0131\u015f\u0131k tutmaktad\u0131r. \ufffc<\/p>\n","protected":false},"excerpt":{"rendered":"<p>Anton Pavlovi\u00e7 \u00c7ehov (1860-1904): Hayat\u0131n yal\u0131nl\u0131\u011f\u0131 ve karma\u015fas\u0131 i\u00e7indeki insanl\u0131k durumlar\u0131n\u0131 b\u00fcy\u00fck bir duyarl\u0131l\u0131kla i\u015fledi\u011fi \u00f6yk\u00fc ve oyunlar\u0131yla, d\u00fcnya edebiyat\u0131na damgas\u0131n\u0131 vuran en \u00f6nemli 19. y\u00fczy\u0131l<span class=\"excerpt-hellip\"> [\u2026]<\/span><\/p>\n","protected":false},"featured_media":0,"template":"","meta":{"_monsterinsights_skip_tracking":false,"_monsterinsights_sitenote_active":false,"_monsterinsights_sitenote_note":"","_monsterinsights_sitenote_category":0},"product_brand":[],"product_cat":[12291,13570],"product_tag":[],"class_list":{"0":"post-689837","1":"product","2":"type-product","3":"status-publish","5":"product_cat-edebiyat","6":"product_cat-rus-edebiyati","7":"pa_cilt-ciltsiz","8":"pa_tur-kitap","9":"pa_yayinevi-is-bankasi-kultur-yayinlari","10":"pa_yazar-anton-pavlovic-cehov","12":"first","13":"instock","14":"sale","15":"shipping-taxable","16":"purchasable","17":"product-type-simple"},"_links":{"self":[{"href":"https:\/\/roveyayinevi.com.tr\/index.php\/wp-json\/wp\/v2\/product\/689837","targetHints":{"allow":["GET"]}}],"collection":[{"href":"https:\/\/roveyayinevi.com.tr\/index.php\/wp-json\/wp\/v2\/product"}],"about":[{"href":"https:\/\/roveyayinevi.com.tr\/index.php\/wp-json\/wp\/v2\/types\/product"}],"wp:attachment":[{"href":"https:\/\/roveyayinevi.com.tr\/index.php\/wp-json\/wp\/v2\/media?parent=689837"}],"wp:term":[{"taxonomy":"product_brand","embeddable":true,"href":"https:\/\/roveyayinevi.com.tr\/index.php\/wp-json\/wp\/v2\/product_brand?post=689837"},{"taxonomy":"product_cat","embeddable":true,"href":"https:\/\/roveyayinevi.com.tr\/index.php\/wp-json\/wp\/v2\/product_cat?post=689837"},{"taxonomy":"product_tag","embeddable":true,"href":"https:\/\/roveyayinevi.com.tr\/index.php\/wp-json\/wp\/v2\/product_tag?post=689837"}],"curies":[{"name":"wp","href":"https:\/\/api.w.org\/{rel}","templated":true}]}}