{"id":689835,"date":"2025-08-27T13:48:32","date_gmt":"2025-08-27T10:48:32","guid":{"rendered":"https:\/\/roveyayinevi.com.tr\/index.php\/urun\/pierrette\/"},"modified":"2026-04-16T01:59:25","modified_gmt":"2026-04-15T22:59:25","slug":"pierrette","status":"publish","type":"product","link":"https:\/\/roveyayinevi.com.tr\/index.php\/urun\/pierrette\/","title":{"rendered":"Pierrette"},"content":{"rendered":"<p>Honore de Balzac (1799-1850): Fransa\u2019n\u0131n 19. y\u00fczy\u0131ldaki sosyal yap\u0131s\u0131n\u0131n tarihsel bir tablosunu \u00e7\u0131kard\u0131\u011f\u0131 eski ve yeni romanlar\u0131n\u0131 1830\u2019dan sonra \u0130nsanl\u0131k Komedyas\u0131 ba\u015fl\u0131\u011f\u0131 alt\u0131nda toplad\u0131. Pierrette bu an\u0131tsal eserin T\u00f6re \u0130ncelemeleri k\u0131sm\u0131n\u0131n Ta\u015fra Ya\u015fam\u0131ndan Sahneler b\u00f6l\u00fcm\u00fcnde yer almaktad\u0131r. Balzac\u2019\u0131n roman kahramanlar\u0131 \u00e7\u0131kar \u00e7at\u0131\u015fmalar\u0131n\u0131n ortas\u0131nda, ait olduklar\u0131 s\u0131n\u0131f\u0131n tipik karakterleri olarak ele al\u0131nsa da, her birinin bireysel ve ruhsal \u00f6zellikleri, tutum ve davran\u0131\u015flar\u0131, giyim ve ku\u015famlar\u0131 ayr\u0131nt\u0131l\u0131 olarak tasvir edilir. Pierrette&#8217;de \u00e7evresindekilerin h\u0131rs, bencillik ve dar kafal\u0131l\u0131\u011f\u0131n\u0131n gen\u00e7 bir k\u0131z\u0131n kaderine yansoyan ac\u0131 sonu\u00e7lar\u0131 sergilenir. Balzac g\u00fcn\u00fcm\u00fczde edebi ger\u00e7ek\u00e7ili\u011fin en b\u00fcy\u00fck yazarlar\u0131ndan biri say\u0131lmaktad\u0131r. \ufffcTan\u0131t\u0131m Metni<\/p>\n","protected":false},"excerpt":{"rendered":"<p>Honore de Balzac (1799-1850): Fransa\u2019n\u0131n 19. y\u00fczy\u0131ldaki sosyal yap\u0131s\u0131n\u0131n tarihsel bir tablosunu \u00e7\u0131kard\u0131\u011f\u0131 eski ve yeni romanlar\u0131n\u0131 1830\u2019dan sonra \u0130nsanl\u0131k Komedyas\u0131 ba\u015fl\u0131\u011f\u0131 alt\u0131nda toplad\u0131. Pierrette bu<span class=\"excerpt-hellip\"> [\u2026]<\/span><\/p>\n","protected":false},"featured_media":0,"template":"","meta":{"_monsterinsights_skip_tracking":false,"_monsterinsights_sitenote_active":false,"_monsterinsights_sitenote_note":"","_monsterinsights_sitenote_category":0},"product_brand":[],"product_cat":[12291,13376],"product_tag":[],"class_list":{"0":"post-689835","1":"product","2":"type-product","3":"status-publish","5":"product_cat-edebiyat","6":"product_cat-fransiz-edebiyati","7":"pa_cilt-ciltsiz","8":"pa_tur-kitap","9":"pa_yayinevi-is-bankasi-kultur-yayinlari","10":"pa_yazar-honore-de-balzac","12":"first","13":"instock","14":"sale","15":"shipping-taxable","16":"purchasable","17":"product-type-simple"},"_links":{"self":[{"href":"https:\/\/roveyayinevi.com.tr\/index.php\/wp-json\/wp\/v2\/product\/689835","targetHints":{"allow":["GET"]}}],"collection":[{"href":"https:\/\/roveyayinevi.com.tr\/index.php\/wp-json\/wp\/v2\/product"}],"about":[{"href":"https:\/\/roveyayinevi.com.tr\/index.php\/wp-json\/wp\/v2\/types\/product"}],"wp:attachment":[{"href":"https:\/\/roveyayinevi.com.tr\/index.php\/wp-json\/wp\/v2\/media?parent=689835"}],"wp:term":[{"taxonomy":"product_brand","embeddable":true,"href":"https:\/\/roveyayinevi.com.tr\/index.php\/wp-json\/wp\/v2\/product_brand?post=689835"},{"taxonomy":"product_cat","embeddable":true,"href":"https:\/\/roveyayinevi.com.tr\/index.php\/wp-json\/wp\/v2\/product_cat?post=689835"},{"taxonomy":"product_tag","embeddable":true,"href":"https:\/\/roveyayinevi.com.tr\/index.php\/wp-json\/wp\/v2\/product_tag?post=689835"}],"curies":[{"name":"wp","href":"https:\/\/api.w.org\/{rel}","templated":true}]}}