{"id":689834,"date":"2025-08-27T13:48:31","date_gmt":"2025-08-27T10:48:31","guid":{"rendered":"https:\/\/roveyayinevi.com.tr\/index.php\/urun\/mesneviden-secme-oykuler\/"},"modified":"2026-04-16T01:59:25","modified_gmt":"2026-04-15T22:59:25","slug":"mesneviden-secme-oykuler","status":"publish","type":"product","link":"https:\/\/roveyayinevi.com.tr\/index.php\/urun\/mesneviden-secme-oykuler\/","title":{"rendered":"Mesnevi\u2019den Se\u00e7me \u00d6yk\u00fcler"},"content":{"rendered":"<p>Mevl\u00e2na, temel yap\u203at\u203a olan Mesnevi\u2019de mistik \u00f6\u00a4retiyi f\u203akralar, \u00f6zdeyi\ufb02ler, \u00f6yk\u00fcler ve alegorilerle anlat\u203ar. Mesnevi\u2019sinin yirmi alt\u203a bin dizesini mistiklerin ve kendi izleyicilerinin severek okudu\u00a4u \ufb02airleri \u00f6rnek alarak yazd\u203a. Tasavvuf d\u00fc\ufb02\u00fcncesinin 13. y\u00fczy\u203aldaki de\u00a4i\ufb02ik y\u00f6nlerini dile getiren Mesnevi, daldan dala atlayan \u00e7a\u00a4r\u203a\ufb02t\u203armalarla okuyan\u203a etkiler. B\u00f6ylece toplum ya\ufb02am\u203an\u203an belli bir d\u00f6nemine \u203a\ufb02\u203ak tutar. Kendi deyi\ufb02iyle ilahi sevginin deneyimini yans\u203at\u203ar.<\/p>\n","protected":false},"excerpt":{"rendered":"<p>Mevl\u00e2na, temel yap\u203at\u203a olan Mesnevi\u2019de mistik \u00f6\u00a4retiyi f\u203akralar, \u00f6zdeyi\ufb02ler, \u00f6yk\u00fcler ve alegorilerle anlat\u203ar. Mesnevi\u2019sinin yirmi alt\u203a bin dizesini mistiklerin ve kendi izleyicilerinin severek okudu\u00a4u \ufb02airleri \u00f6rnek<span class=\"excerpt-hellip\"> [\u2026]<\/span><\/p>\n","protected":false},"featured_media":0,"template":"","meta":{"_monsterinsights_skip_tracking":false,"_monsterinsights_sitenote_active":false,"_monsterinsights_sitenote_note":"","_monsterinsights_sitenote_category":0},"product_brand":[],"product_cat":[12718,12719,12720],"product_tag":[],"class_list":{"0":"post-689834","1":"product","2":"type-product","3":"status-publish","5":"product_cat-din","6":"product_cat-islam","7":"product_cat-tasavvuf-mezhepler-tarikatlar","8":"pa_cilt-ciltsiz","9":"pa_tur-kitap","10":"pa_yayinevi-iskele-yayincilik","11":"pa_yazar-mevlana-celaleddin-rumi","13":"first","14":"instock","15":"sale","16":"shipping-taxable","17":"purchasable","18":"product-type-simple"},"_links":{"self":[{"href":"https:\/\/roveyayinevi.com.tr\/index.php\/wp-json\/wp\/v2\/product\/689834","targetHints":{"allow":["GET"]}}],"collection":[{"href":"https:\/\/roveyayinevi.com.tr\/index.php\/wp-json\/wp\/v2\/product"}],"about":[{"href":"https:\/\/roveyayinevi.com.tr\/index.php\/wp-json\/wp\/v2\/types\/product"}],"wp:attachment":[{"href":"https:\/\/roveyayinevi.com.tr\/index.php\/wp-json\/wp\/v2\/media?parent=689834"}],"wp:term":[{"taxonomy":"product_brand","embeddable":true,"href":"https:\/\/roveyayinevi.com.tr\/index.php\/wp-json\/wp\/v2\/product_brand?post=689834"},{"taxonomy":"product_cat","embeddable":true,"href":"https:\/\/roveyayinevi.com.tr\/index.php\/wp-json\/wp\/v2\/product_cat?post=689834"},{"taxonomy":"product_tag","embeddable":true,"href":"https:\/\/roveyayinevi.com.tr\/index.php\/wp-json\/wp\/v2\/product_tag?post=689834"}],"curies":[{"name":"wp","href":"https:\/\/api.w.org\/{rel}","templated":true}]}}