{"id":689833,"date":"2025-08-27T13:48:31","date_gmt":"2025-08-27T10:48:31","guid":{"rendered":"https:\/\/roveyayinevi.com.tr\/index.php\/urun\/masumiyet-ve-tecrube-sarkilari\/"},"modified":"2026-04-16T01:59:25","modified_gmt":"2026-04-15T22:59:25","slug":"masumiyet-ve-tecrube-sarkilari","status":"publish","type":"product","link":"https:\/\/roveyayinevi.com.tr\/index.php\/urun\/masumiyet-ve-tecrube-sarkilari\/","title":{"rendered":"Masumiyet ve Tecr\u00fcbe \u015eark\u0131lar\u0131"},"content":{"rendered":"<p>William Blake (1757-1827): \u0130nsan duygular\u0131n\u0131 yal\u0131n ve dolays\u0131z bir bi\u00e7imde anlatarak d\u00f6neminde farkl\u0131 bir ifade tarz\u0131 yaratan Blake, \u015fair, ressam ve oymabask\u0131 ustas\u0131yd\u0131. \u015eiir kitaplar\u0131n\u0131n \u00e7o\u011funu kendi resimlemi\u015fti. Duygu ve yarad\u0131l\u0131\u015f olarak p\u00fcriten gelene\u011fe ba\u011fl\u0131yd\u0131. Eserlerinde \u00f6zel m\u00fclkiyete, kilise kurumuna, devlete, yasalara, sava\u015fa ve insan\u0131n kendine yabanc\u0131la\u015fmas\u0131na yol a\u00e7an \u00e7al\u0131\u015fma bi\u00e7imlerine kar\u015f\u0131 \u00e7\u0131kt\u0131. G\u00f6zlem ve deneyimlerini zengin bir d\u00fc\u015f g\u00fcc\u00fcyle aktaran William Blake, 1789\u2019da yay\u0131mlanan Masumiyet \u015eark\u0131lar\u0131\u2019nda \u00e7ocuklu\u011fun ve do\u011fa ile i\u00e7 i\u00e7e ya\u015faman\u0131n hazz\u0131n\u0131, 1794\u2019de yay\u0131mlanan Tecr\u00fcbe \u015eark\u0131lar\u0131\u2019nda ise toplumsal kurumlar\u0131n bask\u0131s\u0131ndan duyulan bunalt\u0131y\u0131 yans\u0131t\u0131r. <\/p>\n","protected":false},"excerpt":{"rendered":"<p>William Blake (1757-1827): \u0130nsan duygular\u0131n\u0131 yal\u0131n ve dolays\u0131z bir bi\u00e7imde anlatarak d\u00f6neminde farkl\u0131 bir ifade tarz\u0131 yaratan Blake, \u015fair, ressam ve oymabask\u0131 ustas\u0131yd\u0131. \u015eiir kitaplar\u0131n\u0131n \u00e7o\u011funu<span class=\"excerpt-hellip\"> [\u2026]<\/span><\/p>\n","protected":false},"featured_media":0,"template":"","meta":{"_monsterinsights_skip_tracking":false,"_monsterinsights_sitenote_active":false,"_monsterinsights_sitenote_note":"","_monsterinsights_sitenote_category":0},"product_brand":[],"product_cat":[12291,12509],"product_tag":[],"class_list":{"0":"post-689833","1":"product","2":"type-product","3":"status-publish","5":"product_cat-edebiyat","6":"product_cat-siir","7":"pa_cilt-ciltsiz","8":"pa_tur-kitap","9":"pa_yayinevi-is-bankasi-kultur-yayinlari","10":"pa_yazar-william-blake","12":"first","13":"instock","14":"sale","15":"shipping-taxable","16":"purchasable","17":"product-type-simple"},"_links":{"self":[{"href":"https:\/\/roveyayinevi.com.tr\/index.php\/wp-json\/wp\/v2\/product\/689833","targetHints":{"allow":["GET"]}}],"collection":[{"href":"https:\/\/roveyayinevi.com.tr\/index.php\/wp-json\/wp\/v2\/product"}],"about":[{"href":"https:\/\/roveyayinevi.com.tr\/index.php\/wp-json\/wp\/v2\/types\/product"}],"wp:attachment":[{"href":"https:\/\/roveyayinevi.com.tr\/index.php\/wp-json\/wp\/v2\/media?parent=689833"}],"wp:term":[{"taxonomy":"product_brand","embeddable":true,"href":"https:\/\/roveyayinevi.com.tr\/index.php\/wp-json\/wp\/v2\/product_brand?post=689833"},{"taxonomy":"product_cat","embeddable":true,"href":"https:\/\/roveyayinevi.com.tr\/index.php\/wp-json\/wp\/v2\/product_cat?post=689833"},{"taxonomy":"product_tag","embeddable":true,"href":"https:\/\/roveyayinevi.com.tr\/index.php\/wp-json\/wp\/v2\/product_tag?post=689833"}],"curies":[{"name":"wp","href":"https:\/\/api.w.org\/{rel}","templated":true}]}}