{"id":689831,"date":"2025-08-27T13:48:31","date_gmt":"2025-08-27T10:48:31","guid":{"rendered":"https:\/\/roveyayinevi.com.tr\/index.php\/urun\/iki-soylu-akraba\/"},"modified":"2026-04-16T01:59:25","modified_gmt":"2026-04-15T22:59:25","slug":"iki-soylu-akraba","status":"publish","type":"product","link":"https:\/\/roveyayinevi.com.tr\/index.php\/urun\/iki-soylu-akraba\/","title":{"rendered":"\u0130ki Soylu Akraba"},"content":{"rendered":"<p>William Shakespeare (1564-1616): Oyunlar\u0131 ve \u015fiirlerinde insanl\u0131k durumlar\u0131n\u0131 dile getiri\u015f g\u00fcc\u00fcyle yakla\u015f\u0131k 400 y\u0131ld\u0131r b\u00fct\u00fcn d\u00fcnya okur ve seyircilerini etkilemeyi s\u00fcrd\u00fcren efsanevi yazar, \u0130ki Soylu akraba&#8217;da soylulukta birbirine e\u015fit, iki yak\u0131\u015f\u0131kl\u0131 delikanl\u0131 ve bunlar\u0131n hangisini se\u00e7ece\u011fini bilemeyen bir gen\u00e7 k\u0131z aras\u0131ndaki olaylar\u0131 konu al\u0131r. \u0130ki Soylu Akraba Shakespeare&#8217;in yard\u0131mc\u0131 biridir. Eserde Shakespeare&#8217;in yazd\u0131\u011f\u0131 b\u00f6l\u00fcmler zengin bir fantezinin \u00fcr\u00fcn\u00fc oaln g\u00fc\u00e7l\u00fc d\u00fc\u015f\u00fcnce ve duygularla y\u00fckl\u00fcd\u00fcr. Fletcher&#8217;\u0131n yazd\u0131\u011f\u0131 b\u00f6l\u00fcmler ise tart\u0131\u015fan ve \u00e7at\u0131\u015fan ki\u015filerin ifadelerinin ayn\u0131 \u00f6l\u00e7\u00fcde derin de\u011fil, daha fazla retorik olu\u015fuyla ay\u0131rt edilir. \ufffcTan\u0131t\u0131m Metni<\/p>\n","protected":false},"excerpt":{"rendered":"<p>William Shakespeare (1564-1616): Oyunlar\u0131 ve \u015fiirlerinde insanl\u0131k durumlar\u0131n\u0131 dile getiri\u015f g\u00fcc\u00fcyle yakla\u015f\u0131k 400 y\u0131ld\u0131r b\u00fct\u00fcn d\u00fcnya okur ve seyircilerini etkilemeyi s\u00fcrd\u00fcren efsanevi yazar, \u0130ki Soylu akraba&#8217;da<span class=\"excerpt-hellip\"> [\u2026]<\/span><\/p>\n","protected":false},"featured_media":0,"template":"","meta":{"_monsterinsights_skip_tracking":false,"_monsterinsights_sitenote_active":false,"_monsterinsights_sitenote_note":"","_monsterinsights_sitenote_category":0},"product_brand":[],"product_cat":[12291,12866],"product_tag":[],"class_list":{"0":"post-689831","1":"product","2":"type-product","3":"status-publish","5":"product_cat-edebiyat","6":"product_cat-ingiliz-edebiyati","7":"pa_cilt-ciltsiz","8":"pa_tur-kitap","9":"pa_yayinevi-is-bankasi-kultur-yayinlari","10":"pa_yazar-john-fletcher","12":"first","13":"instock","14":"sale","15":"shipping-taxable","16":"purchasable","17":"product-type-simple"},"_links":{"self":[{"href":"https:\/\/roveyayinevi.com.tr\/index.php\/wp-json\/wp\/v2\/product\/689831","targetHints":{"allow":["GET"]}}],"collection":[{"href":"https:\/\/roveyayinevi.com.tr\/index.php\/wp-json\/wp\/v2\/product"}],"about":[{"href":"https:\/\/roveyayinevi.com.tr\/index.php\/wp-json\/wp\/v2\/types\/product"}],"wp:attachment":[{"href":"https:\/\/roveyayinevi.com.tr\/index.php\/wp-json\/wp\/v2\/media?parent=689831"}],"wp:term":[{"taxonomy":"product_brand","embeddable":true,"href":"https:\/\/roveyayinevi.com.tr\/index.php\/wp-json\/wp\/v2\/product_brand?post=689831"},{"taxonomy":"product_cat","embeddable":true,"href":"https:\/\/roveyayinevi.com.tr\/index.php\/wp-json\/wp\/v2\/product_cat?post=689831"},{"taxonomy":"product_tag","embeddable":true,"href":"https:\/\/roveyayinevi.com.tr\/index.php\/wp-json\/wp\/v2\/product_tag?post=689831"}],"curies":[{"name":"wp","href":"https:\/\/api.w.org\/{rel}","templated":true}]}}