{"id":689830,"date":"2025-08-27T13:48:31","date_gmt":"2025-08-27T10:48:31","guid":{"rendered":"https:\/\/roveyayinevi.com.tr\/index.php\/urun\/eglenceli-oyunlar\/"},"modified":"2026-04-16T01:59:25","modified_gmt":"2026-04-15T22:59:25","slug":"eglenceli-oyunlar","status":"publish","type":"product","link":"https:\/\/roveyayinevi.com.tr\/index.php\/urun\/eglenceli-oyunlar\/","title":{"rendered":"E\u011flenceli Oyunlar"},"content":{"rendered":"<p>Deniz feneri bek\u00e7isi \u0130rfan Amca bo\u015f vakitlerini de\u011ferlendirebilece\u011fi bir hobi edinmeye \u00e7al\u0131\u015f\u0131yordu. A\u015f\u00e7\u0131l\u0131\u011f\u0131 denedi, m\u00fczikle ilgilendi, do\u011fa gezileri yapt\u0131. Ancak hi\u00e7biri \u0130rfan Amca\u2019y\u0131 mutlu etmedi. Sonunda, as\u0131l istedi\u011finin s\u00f6rf yapmak oldu\u011funu ke\u015ffetti. Ancak s\u00f6rf \u00e7ok zor bir spordu ve \u0130rfan Amca\u2019n\u0131n \u00f6\u011frenmek i\u00e7in yard\u0131ma ihtiyac\u0131 vard\u0131. Deniz Hikayeleri\u2019nin bu maceras\u0131nda \u0130rfan Amca s\u00f6rf yapmay\u0131 \u00f6\u011freniyor.<\/p>\n","protected":false},"excerpt":{"rendered":"<p>Deniz feneri bek\u00e7isi \u0130rfan Amca bo\u015f vakitlerini de\u011ferlendirebilece\u011fi bir hobi edinmeye \u00e7al\u0131\u015f\u0131yordu. A\u015f\u00e7\u0131l\u0131\u011f\u0131 denedi, m\u00fczikle ilgilendi, do\u011fa gezileri yapt\u0131. Ancak hi\u00e7biri \u0130rfan Amca\u2019y\u0131 mutlu etmedi. Sonunda,<span class=\"excerpt-hellip\"> [\u2026]<\/span><\/p>\n","protected":false},"featured_media":0,"template":"","meta":{"_monsterinsights_skip_tracking":false,"_monsterinsights_sitenote_active":false,"_monsterinsights_sitenote_note":"","_monsterinsights_sitenote_category":0},"product_brand":[],"product_cat":[12274,12284],"product_tag":[],"class_list":{"0":"post-689830","1":"product","2":"type-product","3":"status-publish","5":"product_cat-cocuk-ve-genclik-kitaplari","6":"product_cat-hikayeler","7":"pa_cilt-ciltsiz","8":"pa_tur-kitap","9":"pa_yayinevi-is-bankasi-kultur-yayinlari","10":"pa_yazar-david-armitage","12":"first","13":"instock","14":"sale","15":"shipping-taxable","16":"purchasable","17":"product-type-simple"},"_links":{"self":[{"href":"https:\/\/roveyayinevi.com.tr\/index.php\/wp-json\/wp\/v2\/product\/689830","targetHints":{"allow":["GET"]}}],"collection":[{"href":"https:\/\/roveyayinevi.com.tr\/index.php\/wp-json\/wp\/v2\/product"}],"about":[{"href":"https:\/\/roveyayinevi.com.tr\/index.php\/wp-json\/wp\/v2\/types\/product"}],"wp:attachment":[{"href":"https:\/\/roveyayinevi.com.tr\/index.php\/wp-json\/wp\/v2\/media?parent=689830"}],"wp:term":[{"taxonomy":"product_brand","embeddable":true,"href":"https:\/\/roveyayinevi.com.tr\/index.php\/wp-json\/wp\/v2\/product_brand?post=689830"},{"taxonomy":"product_cat","embeddable":true,"href":"https:\/\/roveyayinevi.com.tr\/index.php\/wp-json\/wp\/v2\/product_cat?post=689830"},{"taxonomy":"product_tag","embeddable":true,"href":"https:\/\/roveyayinevi.com.tr\/index.php\/wp-json\/wp\/v2\/product_tag?post=689830"}],"curies":[{"name":"wp","href":"https:\/\/api.w.org\/{rel}","templated":true}]}}