{"id":689829,"date":"2025-08-27T13:48:30","date_gmt":"2025-08-27T10:48:30","guid":{"rendered":"https:\/\/roveyayinevi.com.tr\/index.php\/urun\/eglenceli-bilim-yer-alti\/"},"modified":"2026-04-16T01:59:25","modified_gmt":"2026-04-15T22:59:25","slug":"eglenceli-bilim-yer-alti","status":"publish","type":"product","link":"https:\/\/roveyayinevi.com.tr\/index.php\/urun\/eglenceli-bilim-yer-alti\/","title":{"rendered":"E\u011flenceli Bilim &#8211; Yer Alt\u0131"},"content":{"rendered":"<p>Yer alt\u0131nda hangi hayvanlar ya\u015far? Yer alt\u0131 yollar\u0131 nas\u0131l yap\u0131l\u0131r? Toprak nelerden olu\u015fur? Yer alt\u0131 ile ilgili merak etti\u011finiz her \u015feyi bu ilgin\u00e7 kitapta bulabilirsiniz.<\/p>\n","protected":false},"excerpt":{"rendered":"<p>Yer alt\u0131nda hangi hayvanlar ya\u015far? Yer alt\u0131 yollar\u0131 nas\u0131l yap\u0131l\u0131r? Toprak nelerden olu\u015fur? Yer alt\u0131 ile ilgili merak etti\u011finiz her \u015feyi bu ilgin\u00e7 kitapta bulabilirsiniz.<\/p>\n","protected":false},"featured_media":0,"template":"","meta":{"_monsterinsights_skip_tracking":false,"_monsterinsights_sitenote_active":false,"_monsterinsights_sitenote_note":"","_monsterinsights_sitenote_category":0},"product_brand":[],"product_cat":[12312,12304],"product_tag":[],"class_list":{"0":"post-689829","1":"product","2":"type-product","3":"status-publish","5":"product_cat-diger","6":"product_cat-tarih","7":"pa_cilt-ciltsiz","8":"pa_tur-kitap","9":"pa_yayinevi-is-bankasi-kultur-yayinlari","10":"pa_yazar-frank-littek","12":"first","13":"instock","14":"sale","15":"shipping-taxable","16":"purchasable","17":"product-type-simple"},"_links":{"self":[{"href":"https:\/\/roveyayinevi.com.tr\/index.php\/wp-json\/wp\/v2\/product\/689829","targetHints":{"allow":["GET"]}}],"collection":[{"href":"https:\/\/roveyayinevi.com.tr\/index.php\/wp-json\/wp\/v2\/product"}],"about":[{"href":"https:\/\/roveyayinevi.com.tr\/index.php\/wp-json\/wp\/v2\/types\/product"}],"wp:attachment":[{"href":"https:\/\/roveyayinevi.com.tr\/index.php\/wp-json\/wp\/v2\/media?parent=689829"}],"wp:term":[{"taxonomy":"product_brand","embeddable":true,"href":"https:\/\/roveyayinevi.com.tr\/index.php\/wp-json\/wp\/v2\/product_brand?post=689829"},{"taxonomy":"product_cat","embeddable":true,"href":"https:\/\/roveyayinevi.com.tr\/index.php\/wp-json\/wp\/v2\/product_cat?post=689829"},{"taxonomy":"product_tag","embeddable":true,"href":"https:\/\/roveyayinevi.com.tr\/index.php\/wp-json\/wp\/v2\/product_tag?post=689829"}],"curies":[{"name":"wp","href":"https:\/\/api.w.org\/{rel}","templated":true}]}}