{"id":689823,"date":"2025-08-27T13:48:29","date_gmt":"2025-08-27T10:48:29","guid":{"rendered":"https:\/\/roveyayinevi.com.tr\/index.php\/urun\/louis-lambert\/"},"modified":"2026-04-16T01:59:24","modified_gmt":"2026-04-15T22:59:24","slug":"louis-lambert","status":"publish","type":"product","link":"https:\/\/roveyayinevi.com.tr\/index.php\/urun\/louis-lambert\/","title":{"rendered":"Louis Lambert"},"content":{"rendered":"<p>Honor\u00e9 de Balzac (1799-1850): Fransa\u2019n\u0131n 19. y\u00fczy\u0131ldaki sosyal yap\u0131s\u0131n\u0131n tarihsel bir tablosunu \u00e7\u0131kard\u0131\u011f\u0131 eski ve yeni romanlar\u0131n\u0131 1830\u2019dan sonra \u0130nsanl\u0131k Komedyas\u0131 ba\u015fl\u0131\u011f\u0131 alt\u0131nda toplad\u0131. Louis Lambert bu an\u0131tsal eserde Felsefi \u0130ncelemeler ba\u015fl\u0131\u011f\u0131 alt\u0131nda bir araya gelen romanlar aras\u0131nda yer al\u0131r. Balzac\u2019\u0131n \u00f6nemli metinlerinden biri oldu\u011fu s\u00f6ylenen Louis Lambert, yazar\u0131n \u00e7ocukluk ya\u015fam\u0131ndan izler ta\u015f\u0131r. Anlat\u0131lan olaylarla yazar\u0131n ya\u015fam\u0131 aras\u0131nda benzerlikler bulan edebiyat tarih\u00e7ileri eserin b\u00fcy\u00fck \u00f6l\u00e7\u00fcde otobiyografik bir roman oldu\u011fu g\u00f6r\u00fc\u015f\u00fcndedirler. Balzac g\u00fcn\u00fcm\u00fczde edebi ger\u00e7ek\u00e7ili\u011fin en b\u00fcy\u00fck yazarlar\u0131ndan biri say\u0131lmaktad\u0131r. Oktay Rifat (1914-1988): T\u00fcrk \u015fiirinin en \u00f6nemli \u015fairlerindedir. Orhan Veli ve Melih Cevdet Anday ile birlikte 1941 y\u0131l\u0131nda \u00e7\u0131kard\u0131klar\u0131 Garip adl\u0131 kitapla yeni \u015fiirin kurucular\u0131 aras\u0131nda yer ald\u0131. Yazd\u0131\u011f\u0131 pek \u00e7ok \u015fiir kitab\u0131 ve tiyatro oyununun yan\u0131 s\u0131ra \u00e7eviriyle de k\u00fclt\u00fcr ve edebiyat hayat\u0131m\u0131zda \u00f6nemli izler b\u0131rakt\u0131. Samih Rifat (1945-2007): \u0130T\u00dc Mimarl\u0131k Fak\u00fcltesi&#8217;ni bitirdi. \u00d6\u011frencilik y\u0131llar\u0131nda \u00e7eviri yapmaya ba\u015flad\u0131. Belgesel filmler \u00e7ekti, foto\u011fraf\u00e7\u0131l\u0131kla ilgilendi. Dan\u0131\u015fman ve k\u00fcrat\u00f6r olarak pek \u00e7ok \u00f6nemli serginin d\u00fczenlenmesine katk\u0131da bulundu. Balzac, R. Char, J. Pr\u00e9vent, A. verdet, J. Follain, P.Val\u00e9ry, Kavafis, Le Corbusier&#8217;den \u00e7eviriler yapt\u0131. Akla Kara Aras\u0131, Herakleitos &#8211; Bir Kapal\u0131 S\u00f6z Ustas\u0131yla Bulu\u015fma Denemesi ve Ada adl\u0131 kitaplar\u0131 yay\u0131mland\u0131.<\/p>\n","protected":false},"excerpt":{"rendered":"<p>Honor\u00e9 de Balzac (1799-1850): Fransa\u2019n\u0131n 19. y\u00fczy\u0131ldaki sosyal yap\u0131s\u0131n\u0131n tarihsel bir tablosunu \u00e7\u0131kard\u0131\u011f\u0131 eski ve yeni romanlar\u0131n\u0131 1830\u2019dan sonra \u0130nsanl\u0131k Komedyas\u0131 ba\u015fl\u0131\u011f\u0131 alt\u0131nda toplad\u0131. Louis Lambert<span class=\"excerpt-hellip\"> [\u2026]<\/span><\/p>\n","protected":false},"featured_media":0,"template":"","meta":{"_monsterinsights_skip_tracking":false,"_monsterinsights_sitenote_active":false,"_monsterinsights_sitenote_note":"","_monsterinsights_sitenote_category":0},"product_brand":[],"product_cat":[13946,12304],"product_tag":[],"class_list":{"0":"post-689823","1":"product","2":"type-product","3":"status-publish","5":"product_cat-biyografi-otobiyografi","6":"product_cat-tarih","7":"pa_cilt-ciltsiz","8":"pa_tur-kitap","9":"pa_yayinevi-is-bankasi-kultur-yayinlari","10":"pa_yazar-honore-de-balzac","12":"first","13":"instock","14":"sale","15":"shipping-taxable","16":"purchasable","17":"product-type-simple"},"_links":{"self":[{"href":"https:\/\/roveyayinevi.com.tr\/index.php\/wp-json\/wp\/v2\/product\/689823","targetHints":{"allow":["GET"]}}],"collection":[{"href":"https:\/\/roveyayinevi.com.tr\/index.php\/wp-json\/wp\/v2\/product"}],"about":[{"href":"https:\/\/roveyayinevi.com.tr\/index.php\/wp-json\/wp\/v2\/types\/product"}],"wp:attachment":[{"href":"https:\/\/roveyayinevi.com.tr\/index.php\/wp-json\/wp\/v2\/media?parent=689823"}],"wp:term":[{"taxonomy":"product_brand","embeddable":true,"href":"https:\/\/roveyayinevi.com.tr\/index.php\/wp-json\/wp\/v2\/product_brand?post=689823"},{"taxonomy":"product_cat","embeddable":true,"href":"https:\/\/roveyayinevi.com.tr\/index.php\/wp-json\/wp\/v2\/product_cat?post=689823"},{"taxonomy":"product_tag","embeddable":true,"href":"https:\/\/roveyayinevi.com.tr\/index.php\/wp-json\/wp\/v2\/product_tag?post=689823"}],"curies":[{"name":"wp","href":"https:\/\/api.w.org\/{rel}","templated":true}]}}