{"id":689821,"date":"2025-08-27T13:48:29","date_gmt":"2025-08-27T10:48:29","guid":{"rendered":"https:\/\/roveyayinevi.com.tr\/index.php\/urun\/demir-okce-ciltli\/"},"modified":"2026-04-16T01:59:24","modified_gmt":"2026-04-15T22:59:24","slug":"demir-okce-ciltli","status":"publish","type":"product","link":"https:\/\/roveyayinevi.com.tr\/index.php\/urun\/demir-okce-ciltli\/","title":{"rendered":"Demir \u00d6k\u00e7e (Ciltli)"},"content":{"rendered":"<p>Jack London\u2019\u0131n Demir \u00d6k\u00e7e\u2019si distopya edebiyat\u0131n\u0131n ilk \u00f6rne\u011fi olarak kabul edilir. G\u00fcn\u00fcm\u00fczden y\u00fcz y\u0131l\u0131 a\u015fk\u0131n bir zaman \u00f6nce kaleme ald\u0131\u011f\u0131 eserinde London, \u00e7ok eski ama hi\u00e7 eskimeyen bir hik\u00e2yeyi konu edinir. Ezen ve ezilen m\u00fccadelesi t\u00fcm \u00e7\u0131plakl\u0131\u011f\u0131yla g\u00f6zler \u00f6n\u00fcndedir. Amerika Birle\u015fik Devletleri\u2019ni pen\u00e7esine alm\u0131\u015f olan Oligar\u015fi, nam\u0131di\u011fer Demir \u00d6k\u00e7e t\u00fcm \u015fiddeti ve gaddarl\u0131\u011f\u0131yla emek\u00e7ilerin \u00fczerine y\u00fcr\u00fcmektedir. Ter\u00f6ristler, ekonomik ve siyasi ili\u015fkiler, fa\u015fist devlet yap\u0131lanmas\u0131 sanki daha o zamandan yirminci y\u00fczy\u0131lda insanl\u0131\u011f\u0131n ya\u015fayaca\u011f\u0131 ac\u0131 olaylar\u0131n habercisi gibidir&#8230; Jack London ya da do\u011fdu\u011funda kendisine verilen isimle John Griffith, 12 Ocak 1876&#8217;da San Francisco&#8217;da do\u011fdu. \u0130lk teknesi Razzle Dazzle&#8217;la San Francisco K\u00f6rfezi&#8217;nde maceral\u0131 bir hayata at\u0131ld\u0131. Ka\u00e7ak istiridye avlad\u0131, Japonya&#8217;da fok avlayan bir gemide tayfal\u0131k yapt\u0131, ABD&#8217;yi bir ba\u015f\u0131na dola\u015ft\u0131. Ya\u015fam tarz\u0131n\u0131 de\u011fi\u015ftirmeye karar verip Oakland&#8217;a d\u00f6nd\u00fc, liseye ba\u015flad\u0131; s\u0131navlar\u0131n\u0131 d\u0131\u015f\u0131rdan vererek \u00fcniversiteye girdi. 1897&#8217;de alt\u0131n aramak isteyen binlerce ki\u015fi gibi Jack London da Kanada&#8217;ya gitti ve bu yolculuk yazarl\u0131\u011f\u0131n\u0131n ke\u015ffi oldu. Bir y\u0131l kald\u0131\u011f\u0131 Klondike hakk\u0131nda, 1903&#8217;te yay\u0131nlanan Vah\u015fetin \u00c7a\u011fr\u0131s\u0131 ile 1906&#8217;da \u00e7\u0131kan Beyaz Di\u015f dahil \u00e7ok say\u0131da \u00f6yk\u00fcy\u00fc kaleme ald\u0131. 22 Kas\u0131m 1916&#8217;da geride b\u0131rakt\u0131\u011f\u0131 15 eseriyle, hayata g\u00f6zlerini yumdu. Beyaz Di\u015f ve Vah\u015fetin \u00c7a\u011fr\u0131s\u0131 ile ba\u015flad\u0131\u011f\u0131m\u0131z Jack London&#8217;\u0131n b\u00fct\u00fcn eserleri dizisini Demir \u00d6k\u00e7e ile s\u00fcrd\u00fcr\u00fcyoruz. \ufffcTan\u0131t\u0131m Metni<\/p>\n","protected":false},"excerpt":{"rendered":"<p>Jack London\u2019\u0131n Demir \u00d6k\u00e7e\u2019si distopya edebiyat\u0131n\u0131n ilk \u00f6rne\u011fi olarak kabul edilir. G\u00fcn\u00fcm\u00fczden y\u00fcz y\u0131l\u0131 a\u015fk\u0131n bir zaman \u00f6nce kaleme ald\u0131\u011f\u0131 eserinde London, \u00e7ok eski ama hi\u00e7<span class=\"excerpt-hellip\"> [\u2026]<\/span><\/p>\n","protected":false},"featured_media":0,"template":"","meta":{"_monsterinsights_skip_tracking":false,"_monsterinsights_sitenote_active":false,"_monsterinsights_sitenote_note":"","_monsterinsights_sitenote_category":0},"product_brand":[],"product_cat":[12891,12291],"product_tag":[],"class_list":{"0":"post-689821","1":"product","2":"type-product","3":"status-publish","5":"product_cat-amerikan-edebiyati","6":"product_cat-edebiyat","7":"pa_cilt-ciltli","8":"pa_tur-kitap","9":"pa_yayinevi-is-bankasi-kultur-yayinlari","10":"pa_yazar-jack-london","12":"first","13":"instock","14":"sale","15":"shipping-taxable","16":"purchasable","17":"product-type-simple"},"_links":{"self":[{"href":"https:\/\/roveyayinevi.com.tr\/index.php\/wp-json\/wp\/v2\/product\/689821","targetHints":{"allow":["GET"]}}],"collection":[{"href":"https:\/\/roveyayinevi.com.tr\/index.php\/wp-json\/wp\/v2\/product"}],"about":[{"href":"https:\/\/roveyayinevi.com.tr\/index.php\/wp-json\/wp\/v2\/types\/product"}],"wp:attachment":[{"href":"https:\/\/roveyayinevi.com.tr\/index.php\/wp-json\/wp\/v2\/media?parent=689821"}],"wp:term":[{"taxonomy":"product_brand","embeddable":true,"href":"https:\/\/roveyayinevi.com.tr\/index.php\/wp-json\/wp\/v2\/product_brand?post=689821"},{"taxonomy":"product_cat","embeddable":true,"href":"https:\/\/roveyayinevi.com.tr\/index.php\/wp-json\/wp\/v2\/product_cat?post=689821"},{"taxonomy":"product_tag","embeddable":true,"href":"https:\/\/roveyayinevi.com.tr\/index.php\/wp-json\/wp\/v2\/product_tag?post=689821"}],"curies":[{"name":"wp","href":"https:\/\/api.w.org\/{rel}","templated":true}]}}