{"id":689818,"date":"2025-08-27T13:48:28","date_gmt":"2025-08-27T10:48:28","guid":{"rendered":"https:\/\/roveyayinevi.com.tr\/index.php\/urun\/cizgili-el-yazisi-ogreniyorum\/"},"modified":"2026-04-16T01:59:24","modified_gmt":"2026-04-15T22:59:24","slug":"cizgili-el-yazisi-ogreniyorum","status":"publish","type":"product","link":"https:\/\/roveyayinevi.com.tr\/index.php\/urun\/cizgili-el-yazisi-ogreniyorum\/","title":{"rendered":"\u00c7izgili El Yaz\u0131s\u0131 \u00d6\u011freniyorum"},"content":{"rendered":"<p>Annesiyle babas\u0131, \u00c7izgili\u2019nin ormana tek ba\u015f\u0131na gitmesine izin vermez. Ama s\u0131cak bir yaz g\u00fcn\u00fc, \u00c7izgili dayanamay\u0131p ormana gider ve maceralarla dolu bir g\u00fcn ge\u00e7irir&#8230; \u00c7ocuklar\u0131n hayal g\u00fcc\u00fcn\u00fc zenginle\u015ftiren, e\u011flenceli ve g\u00fczel bir hikaye. Ya\u015f Grubu: Bu kitab\u0131 \u00e7ocu\u011funuza 7 ya\u015f\u0131na kadar siz okuyabilirsiniz. \u00c7ocu\u011funuz okumay\u0131 \u00f6\u011frendikten sonra kendisi okuyabilir. Milli E\u011fitim Bakanl\u0131\u011f\u0131\u2019n\u0131n belirledi\u011fi yaz\u0131 tipi kullan\u0131lm\u0131\u015ft\u0131r. <\/p>\n","protected":false},"excerpt":{"rendered":"<p>Annesiyle babas\u0131, \u00c7izgili\u2019nin ormana tek ba\u015f\u0131na gitmesine izin vermez. Ama s\u0131cak bir yaz g\u00fcn\u00fc, \u00c7izgili dayanamay\u0131p ormana gider ve maceralarla dolu bir g\u00fcn ge\u00e7irir&#8230; \u00c7ocuklar\u0131n hayal<span class=\"excerpt-hellip\"> [\u2026]<\/span><\/p>\n","protected":false},"featured_media":0,"template":"","meta":{"_monsterinsights_skip_tracking":false,"_monsterinsights_sitenote_active":false,"_monsterinsights_sitenote_note":"","_monsterinsights_sitenote_category":0},"product_brand":[],"product_cat":[12913,12274],"product_tag":[],"class_list":{"0":"post-689818","1":"product","2":"type-product","3":"status-publish","5":"product_cat-3-6-yas-kitaplari","6":"product_cat-cocuk-ve-genclik-kitaplari","7":"pa_cilt-ciltsiz","8":"pa_tur-kitap","9":"pa_yayinevi-is-bankasi-kultur-yayinlari","10":"pa_yazar-joanne-partis","12":"first","13":"instock","14":"sale","15":"shipping-taxable","16":"purchasable","17":"product-type-simple"},"_links":{"self":[{"href":"https:\/\/roveyayinevi.com.tr\/index.php\/wp-json\/wp\/v2\/product\/689818","targetHints":{"allow":["GET"]}}],"collection":[{"href":"https:\/\/roveyayinevi.com.tr\/index.php\/wp-json\/wp\/v2\/product"}],"about":[{"href":"https:\/\/roveyayinevi.com.tr\/index.php\/wp-json\/wp\/v2\/types\/product"}],"wp:attachment":[{"href":"https:\/\/roveyayinevi.com.tr\/index.php\/wp-json\/wp\/v2\/media?parent=689818"}],"wp:term":[{"taxonomy":"product_brand","embeddable":true,"href":"https:\/\/roveyayinevi.com.tr\/index.php\/wp-json\/wp\/v2\/product_brand?post=689818"},{"taxonomy":"product_cat","embeddable":true,"href":"https:\/\/roveyayinevi.com.tr\/index.php\/wp-json\/wp\/v2\/product_cat?post=689818"},{"taxonomy":"product_tag","embeddable":true,"href":"https:\/\/roveyayinevi.com.tr\/index.php\/wp-json\/wp\/v2\/product_tag?post=689818"}],"curies":[{"name":"wp","href":"https:\/\/api.w.org\/{rel}","templated":true}]}}