{"id":689817,"date":"2025-08-27T13:48:28","date_gmt":"2025-08-27T10:48:28","guid":{"rendered":"https:\/\/roveyayinevi.com.tr\/index.php\/urun\/kuskun-kahvenin-turkusu\/"},"modified":"2026-04-16T01:59:24","modified_gmt":"2026-04-15T22:59:24","slug":"kuskun-kahvenin-turkusu","status":"publish","type":"product","link":"https:\/\/roveyayinevi.com.tr\/index.php\/urun\/kuskun-kahvenin-turkusu\/","title":{"rendered":"K\u00fcsk\u00fcn Kahvenin T\u00fcrk\u00fcs\u00fc"},"content":{"rendered":"<p>(&#8230;) Bir seven vard\u0131r, bir de sevilen. Ama bunlar ba\u015fka ba\u015fka beldelerin insanlar\u0131d\u0131r. Sevilen \u00e7o\u011fu zaman sevenin i\u00e7inde uzun zamand\u0131r sakl\u0131 duran sevgi i\u00e7in yaln\u0131zca bir uyar\u0131c\u0131d\u0131r&#8230; En s\u0131radan birisi co\u015fkun, ate\u015fli ve batakl\u0131ktaki zehirli zambaklar kadar g\u00fczel bir sevginin nesnesi olabilir&#8230; Carson McCullers daha yirmi \u00fc\u00e7 ya\u015f\u0131nda yazd\u0131\u011f\u0131 Yaln\u0131z Bir Avc\u0131d\u0131r Y\u00fcrek adl\u0131 roman\u0131yla ABD\u2019deki edebiyat \u00e7evrelerinde ad\u0131n\u0131 duyurmu\u015f ve ger\u00e7ek oldu\u011fu kadar karamsar da olan bir varolu\u015f felsefesi i\u00e7eren yap\u0131tlar\u0131yla okuru, insanl\u0131k durumunun temelindeki ruhsal yaln\u0131zl\u0131\u011f\u0131n derinlikleriyle tan\u0131\u015ft\u0131rm\u0131\u015ft\u0131. K\u00fcsk\u00fcn Kahvenin T\u00fcrk\u00fcs\u00fcnde ise daha \u00f6nceki romanlar\u0131n\u0131n ortak temas\u0131 olan sevgi felsefesi ni daha da geli\u015ftirerek sevginin do\u011fas\u0131na ili\u015fkin ger\u00e7ek bir kurama d\u00f6n\u00fc\u015ft\u00fcr\u00fcr. Kitapta yer alan alt\u0131 \u00f6yk\u00fcde de yaln\u0131zl\u0131klar\u0131n\u0131 duyumsayan karakterlerle kar\u015f\u0131la\u015f\u0131r\u0131z&#8230; \u00c7ocukluktan gen\u00e7 k\u0131zl\u0131\u011fa geni\u015f sanc\u0131lar\u0131n\u0131 ya\u015fayan bir k\u0131z&#8230; Yabanc\u0131 bir \u00fclkede ya\u015fayan ve sevgisizli\u011fin ne denli ac\u0131 verece\u011fini ge\u00e7 anlayan bir erkek&#8230; Ya\u015fam\u0131n\u0131 biraz olsun tekd\u00fczelikten kurtarmak i\u00e7in hayalinde farkl\u0131 bir ya\u015fam s\u00fcrd\u00fcrmeye \u00e7al\u0131\u015fan bir dilini yaratan ve derinlemesine hisseden kahramanlar\u0131n \u00f6yk\u00fcs\u00fcn\u00fc anlat\u0131r K\u00fcsk\u00fcn Kahvenin T\u00fcrk\u00fcs\u00fc. (Lula) Carson McCullers 1917 y\u0131l\u0131nda Georgia&#8217;n\u0131n Columbus \u015fehrinde do\u011fdu. Be\u015f ya\u015f\u0131ndan itibaren piyano dersleri almaya ba\u015flad\u0131. 17 ya\u015f\u0131nda New York Julliard School of Music&#8217;e m\u00fczik e\u011fitimi i\u00e7in gitti, ancak okula devam etmeyerek kendini yaz\u0131 \u00e7al\u0131\u015fmalar\u0131na verdi. Columbia ve New York \u00dcniversiteleri&#8217;nde yarat\u0131c\u0131 yaz\u0131m dersleri ald\u0131. Story dergisinde \u00f6yk\u00fcleri yay\u0131mland\u0131. 1937 y\u0131l\u0131nda pek ba\u015far\u0131l\u0131 olmayan bir yazar olan Reeves MCCullers ile evlendi. 30&#8217;lu ya\u015flar\u0131n ba\u015f\u0131nda ge\u00e7irdi\u011fi fel\u00e7 nedeniyle sol taraf\u0131n\u0131 kullanamayan McCculers 1967 y\u0131l\u0131nda \u00f6ld\u00fc. 20. y\u00fczy\u0131l\u0131n en \u00f6nemli yazarlar\u0131ndan biri olarak kabul edilen yazar\u0131n Yaln\u0131z Bir Avc\u0131d\u0131r Y\u00fcrek isimli kitab\u0131 da yay\u0131nlar\u0131m\u0131z aras\u0131ndad\u0131r. \ufffc<\/p>\n","protected":false},"excerpt":{"rendered":"<p>(&#8230;) Bir seven vard\u0131r, bir de sevilen. Ama bunlar ba\u015fka ba\u015fka beldelerin insanlar\u0131d\u0131r. Sevilen \u00e7o\u011fu zaman sevenin i\u00e7inde uzun zamand\u0131r sakl\u0131 duran sevgi i\u00e7in yaln\u0131zca bir<span class=\"excerpt-hellip\"> [\u2026]<\/span><\/p>\n","protected":false},"featured_media":0,"template":"","meta":{"_monsterinsights_skip_tracking":false,"_monsterinsights_sitenote_active":false,"_monsterinsights_sitenote_note":"","_monsterinsights_sitenote_category":0},"product_brand":[],"product_cat":[12891,12291],"product_tag":[],"class_list":{"0":"post-689817","1":"product","2":"type-product","3":"status-publish","5":"product_cat-amerikan-edebiyati","6":"product_cat-edebiyat","7":"pa_cilt-ciltsiz","8":"pa_tur-kitap","9":"pa_yayinevi-is-bankasi-kultur-yayinlari","10":"pa_yazar-carson-mccullers","12":"first","13":"instock","14":"sale","15":"shipping-taxable","16":"purchasable","17":"product-type-simple"},"_links":{"self":[{"href":"https:\/\/roveyayinevi.com.tr\/index.php\/wp-json\/wp\/v2\/product\/689817","targetHints":{"allow":["GET"]}}],"collection":[{"href":"https:\/\/roveyayinevi.com.tr\/index.php\/wp-json\/wp\/v2\/product"}],"about":[{"href":"https:\/\/roveyayinevi.com.tr\/index.php\/wp-json\/wp\/v2\/types\/product"}],"wp:attachment":[{"href":"https:\/\/roveyayinevi.com.tr\/index.php\/wp-json\/wp\/v2\/media?parent=689817"}],"wp:term":[{"taxonomy":"product_brand","embeddable":true,"href":"https:\/\/roveyayinevi.com.tr\/index.php\/wp-json\/wp\/v2\/product_brand?post=689817"},{"taxonomy":"product_cat","embeddable":true,"href":"https:\/\/roveyayinevi.com.tr\/index.php\/wp-json\/wp\/v2\/product_cat?post=689817"},{"taxonomy":"product_tag","embeddable":true,"href":"https:\/\/roveyayinevi.com.tr\/index.php\/wp-json\/wp\/v2\/product_tag?post=689817"}],"curies":[{"name":"wp","href":"https:\/\/api.w.org\/{rel}","templated":true}]}}