{"id":689815,"date":"2025-08-27T13:48:28","date_gmt":"2025-08-27T10:48:28","guid":{"rendered":"https:\/\/roveyayinevi.com.tr\/index.php\/urun\/kisasa-kisas\/"},"modified":"2026-04-16T01:59:24","modified_gmt":"2026-04-15T22:59:24","slug":"kisasa-kisas","status":"publish","type":"product","link":"https:\/\/roveyayinevi.com.tr\/index.php\/urun\/kisasa-kisas\/","title":{"rendered":"K\u0131sasa K\u0131sas"},"content":{"rendered":"<p>William Shakespeare (1564-1616): Oyunlar\u0131 ve \u015fiirlerinde insanl\u0131k durumlar\u0131n\u0131 dile getiri\u015f g\u00fcc\u00fcyle yakla\u015f\u0131k 400 y\u0131ld\u0131r b\u00fct\u00fcn d\u00fcnya okur ve seyircilerini etkilemeyi s\u00fcrd\u00fcren efsanevi yazar, K\u0131sasa K\u0131sas\u2019\u0131 \u0130talyan \u00f6yk\u00fc yazar\u0131 Giraldi\u2019nin bir eserinden esinlenerek kaleme alm\u0131\u015ft\u0131r. Genel olarak cinsel ahlak konusunu ele alan oyunun \u015fiirsel atmosferini din ve \u00e7\u00f6z\u00fcmsel ahlak olu\u015fturur. Eserde zaman\u0131n\u0131n anlay\u0131\u015f\u0131na dayal\u0131 yarg\u0131lara var\u0131l\u0131yor olsa da, Shakespeare\u2019in insan tabiat\u0131na ili\u015fkin d\u00e2hiyane kavray\u0131\u015f\u0131 ile K\u0131sasa K\u0131sas g\u00fcn\u00fcm\u00fcz\u00fcn sorunlar\u0131na \u0131\u015f\u0131k tutacak cevheri de i\u00e7erir. K\u0131sasa K\u0131sas trajik \u00f6gelerle \u00f6r\u00fclm\u00fc\u015f, gerek ahlak, gerekse psikolojik a\u00e7\u0131dan derinlik ta\u015f\u0131yan bir komedyad\u0131r. \u00d6zdemir Nutku (1931): T\u00fcrk tiyatrosuna b\u00fcy\u00fck katk\u0131lar\u0131 olan e\u011fitimci ve y\u00f6netmen \u00d6zdemir Nutku, ele\u015ftirmen, yazar ve \u00e7evirmen olarak da \u00f6nemli yap\u0131tlar ortaya koydu. Sahneledi\u011fi pek \u00e7ok oyunun yan\u0131 s\u0131ra, ara\u015ft\u0131rma, inceleme ve \u00e7evirileriyle de \u00f6d\u00fcller kazand\u0131. \u00dclkemizde oldu\u011fu kadar yurtd\u0131\u015f\u0131nda da sahneye koydu\u011fu oyunlar, verdi\u011fi ders ve konferanslarla tan\u0131nmaktad\u0131r. <\/p>\n","protected":false},"excerpt":{"rendered":"<p>William Shakespeare (1564-1616): Oyunlar\u0131 ve \u015fiirlerinde insanl\u0131k durumlar\u0131n\u0131 dile getiri\u015f g\u00fcc\u00fcyle yakla\u015f\u0131k 400 y\u0131ld\u0131r b\u00fct\u00fcn d\u00fcnya okur ve seyircilerini etkilemeyi s\u00fcrd\u00fcren efsanevi yazar, K\u0131sasa K\u0131sas\u2019\u0131 \u0130talyan<span class=\"excerpt-hellip\"> [\u2026]<\/span><\/p>\n","protected":false},"featured_media":0,"template":"","meta":{"_monsterinsights_skip_tracking":false,"_monsterinsights_sitenote_active":false,"_monsterinsights_sitenote_note":"","_monsterinsights_sitenote_category":0},"product_brand":[],"product_cat":[12291,12866],"product_tag":[],"class_list":{"0":"post-689815","1":"product","2":"type-product","3":"status-publish","5":"product_cat-edebiyat","6":"product_cat-ingiliz-edebiyati","7":"pa_cilt-ciltsiz","8":"pa_tur-kitap","9":"pa_yayinevi-is-bankasi-kultur-yayinlari","10":"pa_yazar-william-shakespeare","12":"first","13":"instock","14":"sale","15":"shipping-taxable","16":"purchasable","17":"product-type-simple"},"_links":{"self":[{"href":"https:\/\/roveyayinevi.com.tr\/index.php\/wp-json\/wp\/v2\/product\/689815","targetHints":{"allow":["GET"]}}],"collection":[{"href":"https:\/\/roveyayinevi.com.tr\/index.php\/wp-json\/wp\/v2\/product"}],"about":[{"href":"https:\/\/roveyayinevi.com.tr\/index.php\/wp-json\/wp\/v2\/types\/product"}],"wp:attachment":[{"href":"https:\/\/roveyayinevi.com.tr\/index.php\/wp-json\/wp\/v2\/media?parent=689815"}],"wp:term":[{"taxonomy":"product_brand","embeddable":true,"href":"https:\/\/roveyayinevi.com.tr\/index.php\/wp-json\/wp\/v2\/product_brand?post=689815"},{"taxonomy":"product_cat","embeddable":true,"href":"https:\/\/roveyayinevi.com.tr\/index.php\/wp-json\/wp\/v2\/product_cat?post=689815"},{"taxonomy":"product_tag","embeddable":true,"href":"https:\/\/roveyayinevi.com.tr\/index.php\/wp-json\/wp\/v2\/product_tag?post=689815"}],"curies":[{"name":"wp","href":"https:\/\/api.w.org\/{rel}","templated":true}]}}