{"id":689814,"date":"2025-08-27T13:48:27","date_gmt":"2025-08-27T10:48:27","guid":{"rendered":"https:\/\/roveyayinevi.com.tr\/index.php\/urun\/demokrasiye-gecis-1946-1950\/"},"modified":"2026-04-16T01:59:24","modified_gmt":"2026-04-15T22:59:24","slug":"demokrasiye-gecis-1946-1950","status":"publish","type":"product","link":"https:\/\/roveyayinevi.com.tr\/index.php\/urun\/demokrasiye-gecis-1946-1950\/","title":{"rendered":"Demokrasiye Ge\u00e7i\u015f (1946-1950)"},"content":{"rendered":"<p>Mahmut Golo\u011flu\u2019nun T\u00fcrkiye Cumhuriyeti Tarihi dizisinin d\u00f6rd\u00fcnc\u00fc kitab\u0131 Demokrasiye Ge\u00e7i\u015f, tek partili d\u00f6nemden \u00e7ok partili d\u00f6neme ge\u00e7i\u015fin ya\u015fand\u0131\u011f\u0131 1946-1950 y\u0131llar\u0131n\u0131 kaps\u0131yor. \ufffc<\/p>\n","protected":false},"excerpt":{"rendered":"<p>Mahmut Golo\u011flu\u2019nun T\u00fcrkiye Cumhuriyeti Tarihi dizisinin d\u00f6rd\u00fcnc\u00fc kitab\u0131 Demokrasiye Ge\u00e7i\u015f, tek partili d\u00f6nemden \u00e7ok partili d\u00f6neme ge\u00e7i\u015fin ya\u015fand\u0131\u011f\u0131 1946-1950 y\u0131llar\u0131n\u0131 kaps\u0131yor. \ufffc<\/p>\n","protected":false},"featured_media":0,"template":"","meta":{"_monsterinsights_skip_tracking":false,"_monsterinsights_sitenote_active":false,"_monsterinsights_sitenote_note":"","_monsterinsights_sitenote_category":0},"product_brand":[],"product_cat":[12304,13493],"product_tag":[],"class_list":{"0":"post-689814","1":"product","2":"type-product","3":"status-publish","5":"product_cat-tarih","6":"product_cat-turkiye-ve-cumhuriyet-tarihi","7":"pa_cilt-ciltsiz","8":"pa_tur-kitap","9":"pa_yayinevi-is-bankasi-kultur-yayinlari","10":"pa_yazar-mahmut-gologlu","12":"first","13":"instock","14":"sale","15":"shipping-taxable","16":"purchasable","17":"product-type-simple"},"_links":{"self":[{"href":"https:\/\/roveyayinevi.com.tr\/index.php\/wp-json\/wp\/v2\/product\/689814","targetHints":{"allow":["GET"]}}],"collection":[{"href":"https:\/\/roveyayinevi.com.tr\/index.php\/wp-json\/wp\/v2\/product"}],"about":[{"href":"https:\/\/roveyayinevi.com.tr\/index.php\/wp-json\/wp\/v2\/types\/product"}],"wp:attachment":[{"href":"https:\/\/roveyayinevi.com.tr\/index.php\/wp-json\/wp\/v2\/media?parent=689814"}],"wp:term":[{"taxonomy":"product_brand","embeddable":true,"href":"https:\/\/roveyayinevi.com.tr\/index.php\/wp-json\/wp\/v2\/product_brand?post=689814"},{"taxonomy":"product_cat","embeddable":true,"href":"https:\/\/roveyayinevi.com.tr\/index.php\/wp-json\/wp\/v2\/product_cat?post=689814"},{"taxonomy":"product_tag","embeddable":true,"href":"https:\/\/roveyayinevi.com.tr\/index.php\/wp-json\/wp\/v2\/product_tag?post=689814"}],"curies":[{"name":"wp","href":"https:\/\/api.w.org\/{rel}","templated":true}]}}