{"id":689812,"date":"2025-08-27T13:48:27","date_gmt":"2025-08-27T10:48:27","guid":{"rendered":"https:\/\/roveyayinevi.com.tr\/index.php\/urun\/casus\/"},"modified":"2026-04-16T01:59:24","modified_gmt":"2026-04-15T22:59:24","slug":"casus","status":"publish","type":"product","link":"https:\/\/roveyayinevi.com.tr\/index.php\/urun\/casus\/","title":{"rendered":"Casus"},"content":{"rendered":"<p>Casus \u00fcnl\u00fc \u0130ngiliz ele\u015ftirmen F.R.Leavis&#8217;den &#8220;kesinlikle bir klasik ve ba\u015fyap\u0131t&#8221; \u00f6vg\u00fcs\u00fcn\u00fc alm\u0131\u015f bir romand\u0131r. Conrad, bir dedektif \u00f6yk\u00fcs\u00fc havas\u0131 ta\u015f\u0131yan bu romanda, insan ya\u015fam\u0131na belli bir a\u00e7\u0131dan bakmay\u0131, insan ruhunun derinliklerinde yatan temel ger\u00e7eklere inmeyi ama\u00e7lar. Conrad i\u00e7in bir romanda ge\u00e7en olaylar, olaylar\u0131n ge\u00e7ti\u011fi ortamlar, ki\u015filer ve onlar aras\u0131ndaki ili\u015fkiler, hep bu amac\u0131n ortaya konabilmesini sa\u011flayacak bi\u00e7imde d\u00fc\u015f\u00fcn\u00fcl\u00fcp tasarlanm\u0131\u015f \u00f6\u011felerdir.Casus&#8217;taki olaylar\u0131n mek\u00e2n\u0131 Londra&#8217;d\u0131r. Yazar\u0131n romana sonradan ekledi\u011fi \u00d6ns\u00f6z&#8217;de bu kent hakk\u0131nda s\u00f6yledikleri \u00e7ok ayd\u0131nlat\u0131c\u0131d\u0131r: &#8220;Derken g\u00f6zlerimin \u00f6n\u00fcnde koskoca bir \u015fehir belirdi -insan eliyle yarat\u0131lm\u0131\u015f g\u00fcc\u00fc sayesinde g\u00f6klerin \u00f6fke ve sevincini hi\u00e7e sayan, yery\u00fcz\u00fcn\u00fcn \u0131\u015f\u0131\u011f\u0131n\u0131 zalimce yutup t\u00fcketen, baz\u0131 kitaplardan \u00e7ok daha kalabal\u0131k, dev bir \u015fehir. Bu \u015fehirde her t\u00fcrl\u00fc \u00f6yk\u00fcye ortam olabilecek kadar bol yer, t\u00fcm g\u00fc\u00e7l\u00fc duygular\u0131 bar\u0131nd\u0131rabilecek derinlik, her t\u00fcrl\u00fc olaya uygun d\u00fc\u015fecek farkl\u0131l\u0131kta toplumsal bir \u00e7evre, be\u015f milyon ki\u015fiyi g\u00f6mmeye yetecek kadar da karanl\u0131k vard\u0131.&#8221;Joseph Conrad (1857-1924) Polonya as\u0131ll\u0131 olan J.Conrad \u0130ngiliz dilinin en \u00f6nemli yazarlar\u0131 aras\u0131nda yer almay\u0131 ba\u015farm\u0131\u015ft\u0131r. Frans\u0131z ticaret gemilerinde mi\u00e7oluk yaparak ba\u015flad\u0131\u011f\u0131 denizcilik kariyerini b\u00fcy\u00fck \u0130ngiliz gemilerinde birince kaptanl\u0131\u011fa kadar y\u00fckseltir. 1886&#8217;da \u0130ngiliz vatanda\u015f\u0131 olur, vatanda\u015fl\u0131kla birlikte kaptanl\u0131k belgesi de alabilecektir.1894&#8217;e kadar s\u00fcrecek olan seferber ile bir yandan da hik\u00e2ye ve romanlar\u0131n\u0131n pek \u00e7o\u011funda canland\u0131raca\u011f\u0131 d\u00fcnyalar\u0131 ke\u015ffeder. Lord Jim (1900), Nostromo (1904), Razumov&#8217;un \u00d6yk\u00fcs\u00fc: Bat\u0131 G\u00f6z\u00fcyle (1911, Under Western Eyes) adl\u0131 romanlar\u0131 ve Karanl\u0131\u011f\u0131n Y\u00fcre\u011fi (1902, Heart of Darkness) adl\u0131 uzun \u00f6yk\u00fcs\u00fc en \u00f6nemli yap\u0131tlar\u0131ndand\u0131r.<\/p>\n","protected":false},"excerpt":{"rendered":"<p>Casus \u00fcnl\u00fc \u0130ngiliz ele\u015ftirmen F.R.Leavis&#8217;den &#8220;kesinlikle bir klasik ve ba\u015fyap\u0131t&#8221; \u00f6vg\u00fcs\u00fcn\u00fc alm\u0131\u015f bir romand\u0131r. Conrad, bir dedektif \u00f6yk\u00fcs\u00fc havas\u0131 ta\u015f\u0131yan bu romanda, insan ya\u015fam\u0131na belli bir<span class=\"excerpt-hellip\"> [\u2026]<\/span><\/p>\n","protected":false},"featured_media":0,"template":"","meta":{"_monsterinsights_skip_tracking":false,"_monsterinsights_sitenote_active":false,"_monsterinsights_sitenote_note":"","_monsterinsights_sitenote_category":0},"product_brand":[],"product_cat":[12291,15445],"product_tag":[],"class_list":{"0":"post-689812","1":"product","2":"type-product","3":"status-publish","5":"product_cat-edebiyat","6":"product_cat-polisiye","7":"pa_cilt-ciltsiz","8":"pa_tur-kitap","9":"pa_yayinevi-is-bankasi-kultur-yayinlari","10":"pa_yazar-joseph-conrad","12":"first","13":"instock","14":"sale","15":"shipping-taxable","16":"purchasable","17":"product-type-simple"},"_links":{"self":[{"href":"https:\/\/roveyayinevi.com.tr\/index.php\/wp-json\/wp\/v2\/product\/689812","targetHints":{"allow":["GET"]}}],"collection":[{"href":"https:\/\/roveyayinevi.com.tr\/index.php\/wp-json\/wp\/v2\/product"}],"about":[{"href":"https:\/\/roveyayinevi.com.tr\/index.php\/wp-json\/wp\/v2\/types\/product"}],"wp:attachment":[{"href":"https:\/\/roveyayinevi.com.tr\/index.php\/wp-json\/wp\/v2\/media?parent=689812"}],"wp:term":[{"taxonomy":"product_brand","embeddable":true,"href":"https:\/\/roveyayinevi.com.tr\/index.php\/wp-json\/wp\/v2\/product_brand?post=689812"},{"taxonomy":"product_cat","embeddable":true,"href":"https:\/\/roveyayinevi.com.tr\/index.php\/wp-json\/wp\/v2\/product_cat?post=689812"},{"taxonomy":"product_tag","embeddable":true,"href":"https:\/\/roveyayinevi.com.tr\/index.php\/wp-json\/wp\/v2\/product_tag?post=689812"}],"curies":[{"name":"wp","href":"https:\/\/api.w.org\/{rel}","templated":true}]}}