{"id":689811,"date":"2025-08-27T13:48:27","date_gmt":"2025-08-27T10:48:27","guid":{"rendered":"https:\/\/roveyayinevi.com.tr\/index.php\/urun\/buyuk-guclerin-yukselis-ve-cokusleri\/"},"modified":"2026-04-16T01:59:24","modified_gmt":"2026-04-15T22:59:24","slug":"buyuk-guclerin-yukselis-ve-cokusleri","status":"publish","type":"product","link":"https:\/\/roveyayinevi.com.tr\/index.php\/urun\/buyuk-guclerin-yukselis-ve-cokusleri\/","title":{"rendered":"B\u00fcy\u00fck G\u00fc\u00e7lerin Y\u00fckseli\u015f ve \u00c7\u00f6k\u00fc\u015fleri"},"content":{"rendered":"<p>Tarih boyunca neden baz\u0131 \u00fclkeler g\u00fc\u00e7 kazan\u0131rken baz\u0131lar\u0131 g\u00fc\u00e7 kaybetmektedir? Bu soru, tarihi anlamak a\u00e7\u0131s\u0131ndan oldu\u011fu kadar, yeni bir y\u00fczy\u0131l\u0131n e\u015fi\u011fine gelmi\u015f olan g\u00fcn\u00fcm\u00fcz d\u00fcnyas\u0131n\u0131 anlamak a\u00e7\u0131s\u0131ndan da ilgi \u00e7ekicidir. \u00c7\u00fcnk\u00fc ge\u00e7mi\u015fteki b\u00fcy\u00fck imparatorluklar nas\u0131l serpilip geli\u015fmi\u015f ve \u00e7\u00f6km\u00fc\u015flerse, g\u00fcn\u00fcm\u00fcz\u00fcn ve yar\u0131n\u0131n imparatorluklar\u0131 da onlar gibi y\u00fckselip \u00e7\u00f6keceklerdir. Paul Kennedy, son be\u015f y\u00fczy\u0131l\u0131n d\u00fcnya politikas\u0131 \u00fczerine yapt\u0131\u011f\u0131 bu detayl\u0131 ara\u015ft\u0131rmada, ekonomik g\u00fc\u00e7 ve askeri g\u00fc\u00e7 aras\u0131ndaki kritik ili\u015fki \u00fczerinde durup, bu ili\u015fkinin imparatorluklar\u0131n y\u00fckseli\u015fi ve \u00e7\u00f6k\u00fc\u015flerine olan etkisini ara\u015ft\u0131r\u0131yor. Milletler, askeri g\u00fc\u00e7lerini, ekonomik kaynaklar\u0131na g\u00f6re ve geni\u015f \u00e7aptaki ekonomik \u00e7\u0131karlar\u0131n\u0131 savunmak amac\u0131yla ayarlamaktad\u0131rlar. Ancak, Kennedy\u2019ye g\u00f6re, bu askeri g\u00fcc\u00fc ortaya koyman\u0131n bedeli, ta\u015f\u0131yamayacaklar\u0131 kadar a\u011f\u0131rd\u0131r. \ufffcTan\u0131t\u0131m Metni<\/p>\n","protected":false},"excerpt":{"rendered":"<p>Tarih boyunca neden baz\u0131 \u00fclkeler g\u00fc\u00e7 kazan\u0131rken baz\u0131lar\u0131 g\u00fc\u00e7 kaybetmektedir? Bu soru, tarihi anlamak a\u00e7\u0131s\u0131ndan oldu\u011fu kadar, yeni bir y\u00fczy\u0131l\u0131n e\u015fi\u011fine gelmi\u015f olan g\u00fcn\u00fcm\u00fcz d\u00fcnyas\u0131n\u0131 anlamak<span class=\"excerpt-hellip\"> [\u2026]<\/span><\/p>\n","protected":false},"featured_media":0,"template":"","meta":{"_monsterinsights_skip_tracking":false,"_monsterinsights_sitenote_active":false,"_monsterinsights_sitenote_note":"","_monsterinsights_sitenote_category":0},"product_brand":[],"product_cat":[12364],"product_tag":[],"class_list":{"0":"post-689811","1":"product","2":"type-product","3":"status-publish","5":"product_cat-genel-konular","6":"pa_cilt-ciltsiz","7":"pa_tur-kitap","8":"pa_yayinevi-is-bankasi-kultur-yayinlari","9":"pa_yazar-paul-kennedy","11":"first","12":"instock","13":"sale","14":"shipping-taxable","15":"purchasable","16":"product-type-simple"},"_links":{"self":[{"href":"https:\/\/roveyayinevi.com.tr\/index.php\/wp-json\/wp\/v2\/product\/689811","targetHints":{"allow":["GET"]}}],"collection":[{"href":"https:\/\/roveyayinevi.com.tr\/index.php\/wp-json\/wp\/v2\/product"}],"about":[{"href":"https:\/\/roveyayinevi.com.tr\/index.php\/wp-json\/wp\/v2\/types\/product"}],"wp:attachment":[{"href":"https:\/\/roveyayinevi.com.tr\/index.php\/wp-json\/wp\/v2\/media?parent=689811"}],"wp:term":[{"taxonomy":"product_brand","embeddable":true,"href":"https:\/\/roveyayinevi.com.tr\/index.php\/wp-json\/wp\/v2\/product_brand?post=689811"},{"taxonomy":"product_cat","embeddable":true,"href":"https:\/\/roveyayinevi.com.tr\/index.php\/wp-json\/wp\/v2\/product_cat?post=689811"},{"taxonomy":"product_tag","embeddable":true,"href":"https:\/\/roveyayinevi.com.tr\/index.php\/wp-json\/wp\/v2\/product_tag?post=689811"}],"curies":[{"name":"wp","href":"https:\/\/api.w.org\/{rel}","templated":true}]}}