{"id":689805,"date":"2025-08-27T13:48:26","date_gmt":"2025-08-27T10:48:26","guid":{"rendered":"https:\/\/roveyayinevi.com.tr\/index.php\/urun\/kral-lear-ciltli\/"},"modified":"2025-10-30T09:03:25","modified_gmt":"2025-10-30T06:03:25","slug":"kral-lear-ciltli","status":"publish","type":"product","link":"https:\/\/roveyayinevi.com.tr\/index.php\/urun\/kral-lear-ciltli\/","title":{"rendered":"Kral Lear (Ciltli)"},"content":{"rendered":"<p>William Shakespeare (1564-1616): Oyunlar\u0131 ve \u015fiirlerinde insanl\u0131k durumlar\u0131n\u0131 dile getiri\u015f g\u00fcc\u00fcyle yakla\u015f\u0131k 400 y\u0131ld\u0131r b\u00fct\u00fcn d\u00fcnya okur ve seyircilerini etkilemeyi s\u00fcrd\u00fcren efsanevi yazar, Kral Lear\u2019de yozla\u015fan d\u00fcnyan\u0131n \u00e7aresi olmayan \u00e7\u00f6k\u00fc\u015f\u00fcn\u00fc ele al\u0131r. Bu oyunun kurgusu, karakterleri, felsefeli konu\u015fmalar\u0131, evrenselli\u011fi ve zaman a\u015f\u0131m\u0131na u\u011framayacak insani boyutuyla ortaya \u00e7\u0131kan g\u00f6r\u00fcn\u00fcm, Shakespeare\u2019in hi\u00e7bir tragedyas\u0131nda g\u00f6r\u00fclmeyen \u00f6l\u00e7\u00fcye ula\u015f\u0131r. Bu tragedyan\u0131n yap\u0131s\u0131na iyice kayna\u015fm\u0131\u015f olan grotesk \u00f6zellikler, tragedya-komedya ikilemi, Kral Lear\u2019in kendine \u00f6zg\u00fc niteliklerinin ba\u015f\u0131nda yer al\u0131r. \u00d6zdemir Nutku (1931): T\u00fcrk tiyatrosuna b\u00fcy\u00fck katk\u0131lar\u0131 olan e\u011fitimci ve y\u00f6netmen \u00d6zdemir Nutku, ele\u015ftirmen, yazar ve \u00e7evirmen olarak da \u00f6nemli yap\u0131tlar ortaya koydu. Sahneledi\u011fi pek \u00e7ok oyunun yan\u0131 s\u0131ra, ara\u015ft\u0131rma, inceleme ve \u00e7evirileriyle de \u00f6d\u00fcller kazand\u0131. \u00dclkemizde oldu\u011fu kadar yurtd\u0131\u015f\u0131nda da sahneye koydu\u011fu oyunlar, verdi\u011fi ders ve konferanslarla tan\u0131nmaktad\u0131r. \ufffcTan\u0131t\u0131m Metni<\/p>\n","protected":false},"excerpt":{"rendered":"<p>William Shakespeare (1564-1616): Oyunlar\u0131 ve \u015fiirlerinde insanl\u0131k durumlar\u0131n\u0131 dile getiri\u015f g\u00fcc\u00fcyle yakla\u015f\u0131k 400 y\u0131ld\u0131r b\u00fct\u00fcn d\u00fcnya okur ve seyircilerini etkilemeyi s\u00fcrd\u00fcren efsanevi yazar, Kral Lear\u2019de yozla\u015fan<span class=\"excerpt-hellip\"> [\u2026]<\/span><\/p>\n","protected":false},"featured_media":0,"template":"","meta":{"_monsterinsights_skip_tracking":false,"_monsterinsights_sitenote_active":false,"_monsterinsights_sitenote_note":"","_monsterinsights_sitenote_category":0},"product_brand":[],"product_cat":[12291,12866],"product_tag":[],"class_list":{"0":"post-689805","1":"product","2":"type-product","3":"status-publish","5":"product_cat-edebiyat","6":"product_cat-ingiliz-edebiyati","7":"pa_cilt-ciltli","8":"pa_tur-kitap","9":"pa_yayinevi-is-bankasi-kultur-yayinlari","10":"pa_yazar-william-shakespeare","12":"first","13":"instock","14":"sale","15":"shipping-taxable","16":"purchasable","17":"product-type-simple"},"_links":{"self":[{"href":"https:\/\/roveyayinevi.com.tr\/index.php\/wp-json\/wp\/v2\/product\/689805","targetHints":{"allow":["GET"]}}],"collection":[{"href":"https:\/\/roveyayinevi.com.tr\/index.php\/wp-json\/wp\/v2\/product"}],"about":[{"href":"https:\/\/roveyayinevi.com.tr\/index.php\/wp-json\/wp\/v2\/types\/product"}],"wp:attachment":[{"href":"https:\/\/roveyayinevi.com.tr\/index.php\/wp-json\/wp\/v2\/media?parent=689805"}],"wp:term":[{"taxonomy":"product_brand","embeddable":true,"href":"https:\/\/roveyayinevi.com.tr\/index.php\/wp-json\/wp\/v2\/product_brand?post=689805"},{"taxonomy":"product_cat","embeddable":true,"href":"https:\/\/roveyayinevi.com.tr\/index.php\/wp-json\/wp\/v2\/product_cat?post=689805"},{"taxonomy":"product_tag","embeddable":true,"href":"https:\/\/roveyayinevi.com.tr\/index.php\/wp-json\/wp\/v2\/product_tag?post=689805"}],"curies":[{"name":"wp","href":"https:\/\/api.w.org\/{rel}","templated":true}]}}