{"id":689804,"date":"2025-08-27T13:48:25","date_gmt":"2025-08-27T10:48:25","guid":{"rendered":"https:\/\/roveyayinevi.com.tr\/index.php\/urun\/kral-8-henry\/"},"modified":"2026-04-16T01:59:24","modified_gmt":"2026-04-15T22:59:24","slug":"kral-8-henry","status":"publish","type":"product","link":"https:\/\/roveyayinevi.com.tr\/index.php\/urun\/kral-8-henry\/","title":{"rendered":"Kral 8. Henry"},"content":{"rendered":"<p>Oyunlar\u0131 ve \u015fiirlerinde insanl\u0131k durumlar\u0131n\u0131 dile getiri\u015f g\u00fcc\u00fcyle yakla\u015f\u0131k 400 y\u0131ld\u0131r b\u00fct\u00fcn d\u00fcnya okur ve seyircilerini etkilemeyi s\u00fcrd\u00fcren efsanevi yazar, tarih oyunlar\u0131nda \u00f6zellikle Holinshed\u2019in 1577\u2019de yay\u0131mlanan Chronicles adl\u0131 eserinden yararlan\u0131r. Shakespeare\u2019in 1613 y\u0131l\u0131nda yazd\u0131\u011f\u0131 Kral VIII. Henry, yazar\u0131n kaleme ald\u0131\u011f\u0131 son oyundur. 1509-1547 y\u0131llar\u0131 aras\u0131nda h\u00fck\u00fcm s\u00fcren VIII. Henry ilk e\u015fi Aragonlu Katherine\u2019den bo\u015fanm\u0131\u015f, ikinci evlili\u011fini Anne Boleyn ile yapm\u0131\u015f, bu arada Vatikan\u2019la ili\u015fkilerini kesip Anglikan kilisesini kurmu\u015ftur. Oyun kral VIII. Henry\u2019nin ilk e\u015finden bo\u015fanmas\u0131 ve ikinci kez evlenmesi s\u0131ras\u0131nda ge\u00e7en olaylar\u0131 konu etmektedir. \ufffcTan\u0131t\u0131m Metni<\/p>\n","protected":false},"excerpt":{"rendered":"<p>Oyunlar\u0131 ve \u015fiirlerinde insanl\u0131k durumlar\u0131n\u0131 dile getiri\u015f g\u00fcc\u00fcyle yakla\u015f\u0131k 400 y\u0131ld\u0131r b\u00fct\u00fcn d\u00fcnya okur ve seyircilerini etkilemeyi s\u00fcrd\u00fcren efsanevi yazar, tarih oyunlar\u0131nda \u00f6zellikle Holinshed\u2019in 1577\u2019de yay\u0131mlanan<span class=\"excerpt-hellip\"> [\u2026]<\/span><\/p>\n","protected":false},"featured_media":0,"template":"","meta":{"_monsterinsights_skip_tracking":false,"_monsterinsights_sitenote_active":false,"_monsterinsights_sitenote_note":"","_monsterinsights_sitenote_category":0},"product_brand":[],"product_cat":[12291,12866],"product_tag":[],"class_list":{"0":"post-689804","1":"product","2":"type-product","3":"status-publish","5":"product_cat-edebiyat","6":"product_cat-ingiliz-edebiyati","7":"pa_cilt-ciltsiz","8":"pa_tur-kitap","9":"pa_yayinevi-is-bankasi-kultur-yayinlari","10":"pa_yazar-william-shakespeare","12":"first","13":"instock","14":"sale","15":"shipping-taxable","16":"purchasable","17":"product-type-simple"},"_links":{"self":[{"href":"https:\/\/roveyayinevi.com.tr\/index.php\/wp-json\/wp\/v2\/product\/689804","targetHints":{"allow":["GET"]}}],"collection":[{"href":"https:\/\/roveyayinevi.com.tr\/index.php\/wp-json\/wp\/v2\/product"}],"about":[{"href":"https:\/\/roveyayinevi.com.tr\/index.php\/wp-json\/wp\/v2\/types\/product"}],"wp:attachment":[{"href":"https:\/\/roveyayinevi.com.tr\/index.php\/wp-json\/wp\/v2\/media?parent=689804"}],"wp:term":[{"taxonomy":"product_brand","embeddable":true,"href":"https:\/\/roveyayinevi.com.tr\/index.php\/wp-json\/wp\/v2\/product_brand?post=689804"},{"taxonomy":"product_cat","embeddable":true,"href":"https:\/\/roveyayinevi.com.tr\/index.php\/wp-json\/wp\/v2\/product_cat?post=689804"},{"taxonomy":"product_tag","embeddable":true,"href":"https:\/\/roveyayinevi.com.tr\/index.php\/wp-json\/wp\/v2\/product_tag?post=689804"}],"curies":[{"name":"wp","href":"https:\/\/api.w.org\/{rel}","templated":true}]}}