{"id":689798,"date":"2025-08-27T13:48:24","date_gmt":"2025-08-27T10:48:24","guid":{"rendered":"https:\/\/roveyayinevi.com.tr\/index.php\/urun\/paris-sikintisi\/"},"modified":"2026-04-16T01:59:24","modified_gmt":"2026-04-15T22:59:24","slug":"paris-sikintisi","status":"publish","type":"product","link":"https:\/\/roveyayinevi.com.tr\/index.php\/urun\/paris-sikintisi\/","title":{"rendered":"Paris S\u0131k\u0131nt\u0131s\u0131"},"content":{"rendered":"<p>Charles Baudelaire (1821-1867); 1857\u2019de yay\u0131mlanan K\u00f6t\u00fcl\u00fck \u00c7i\u00e7ekleri\u2019nin yan\u0131 s\u0131ra, Avrupa\u2019ya tan\u0131tt\u0131\u011f\u0131 Poe \u00e7evirileri ve ele\u015ftirel yaz\u0131lar\u0131yla da 19. y\u00fczy\u0131lda edebiyat\u0131 yenileyen en \u00f6nemli modern ustalardan biridir. Baudelaire\u2019in 1862\u2019de tamamlad\u0131\u011f\u0131 ancak \u00f6l\u00fcm\u00fcnden iki y\u0131l sonra yay\u0131mlanan Paris S\u0131k\u0131nt\u0131s\u0131 , yakla\u015f\u0131k 150 y\u0131ld\u0131r, d\u00fczyaz\u0131 \u015fiirin d\u00fcnya edebiyat\u0131ndaki an\u0131t yap\u0131tlar\u0131ndan biri say\u0131lmaktad\u0131r. Tahsin Y\u00fccel (1933); Dergilerde ilk \u00fcr\u00fcnlerinin yay\u0131mland\u0131\u011f\u0131 1950\u2019den g\u00fcn\u00fcm\u00fcze, edebiyat\u0131m\u0131z\u0131n son elli y\u0131l\u0131na damga vuran en \u00f6nemli ustalar\u0131ndand\u0131r. Gerek \u00f6yk\u00fc ve roman, gerekse deneme ve ele\u015ftirel \u00e7al\u0131\u015fmalar\u0131yla ufuk a\u00e7an bu \u00f6nemli yazar\u0131n Balzac\u2019tan Flaubert\u2019e, Gide\u2019den Camus\u2019ye \u00e7eviri edebiyat\u0131m\u0131za katk\u0131lar\u0131ysa, 80 kitab\u0131 a\u015fmaktad\u0131r. \ufffcTan\u0131t\u0131m Metni<\/p>\n","protected":false},"excerpt":{"rendered":"<p>Charles Baudelaire (1821-1867); 1857\u2019de yay\u0131mlanan K\u00f6t\u00fcl\u00fck \u00c7i\u00e7ekleri\u2019nin yan\u0131 s\u0131ra, Avrupa\u2019ya tan\u0131tt\u0131\u011f\u0131 Poe \u00e7evirileri ve ele\u015ftirel yaz\u0131lar\u0131yla da 19. y\u00fczy\u0131lda edebiyat\u0131 yenileyen en \u00f6nemli modern ustalardan biridir.<span class=\"excerpt-hellip\"> [\u2026]<\/span><\/p>\n","protected":false},"featured_media":0,"template":"","meta":{"_monsterinsights_skip_tracking":false,"_monsterinsights_sitenote_active":false,"_monsterinsights_sitenote_note":"","_monsterinsights_sitenote_category":0},"product_brand":[],"product_cat":[12291,13376],"product_tag":[],"class_list":{"0":"post-689798","1":"product","2":"type-product","3":"status-publish","5":"product_cat-edebiyat","6":"product_cat-fransiz-edebiyati","7":"pa_cilt-ciltsiz","8":"pa_tur-kitap","9":"pa_yayinevi-is-bankasi-kultur-yayinlari","10":"pa_yazar-charles-baudelaire","12":"first","13":"instock","14":"sale","15":"shipping-taxable","16":"purchasable","17":"product-type-simple"},"_links":{"self":[{"href":"https:\/\/roveyayinevi.com.tr\/index.php\/wp-json\/wp\/v2\/product\/689798","targetHints":{"allow":["GET"]}}],"collection":[{"href":"https:\/\/roveyayinevi.com.tr\/index.php\/wp-json\/wp\/v2\/product"}],"about":[{"href":"https:\/\/roveyayinevi.com.tr\/index.php\/wp-json\/wp\/v2\/types\/product"}],"wp:attachment":[{"href":"https:\/\/roveyayinevi.com.tr\/index.php\/wp-json\/wp\/v2\/media?parent=689798"}],"wp:term":[{"taxonomy":"product_brand","embeddable":true,"href":"https:\/\/roveyayinevi.com.tr\/index.php\/wp-json\/wp\/v2\/product_brand?post=689798"},{"taxonomy":"product_cat","embeddable":true,"href":"https:\/\/roveyayinevi.com.tr\/index.php\/wp-json\/wp\/v2\/product_cat?post=689798"},{"taxonomy":"product_tag","embeddable":true,"href":"https:\/\/roveyayinevi.com.tr\/index.php\/wp-json\/wp\/v2\/product_tag?post=689798"}],"curies":[{"name":"wp","href":"https:\/\/api.w.org\/{rel}","templated":true}]}}