{"id":689797,"date":"2025-08-27T13:48:24","date_gmt":"2025-08-27T10:48:24","guid":{"rendered":"https:\/\/roveyayinevi.com.tr\/index.php\/urun\/phaedra-latince-turkce\/"},"modified":"2026-04-16T01:59:24","modified_gmt":"2026-04-15T22:59:24","slug":"phaedra-latince-turkce","status":"publish","type":"product","link":"https:\/\/roveyayinevi.com.tr\/index.php\/urun\/phaedra-latince-turkce\/","title":{"rendered":"Phaedra (Latince &#8211; T\u00fcrk\u00e7e)"},"content":{"rendered":"<p>Seneca (\u0130\u00d6 4-\u0130S 65): Roma uygarl\u0131\u011f\u0131n\u0131n en \u00f6nemli s\u00f6ylev ustalar\u0131ndan biri ve Antik Yunan tiyatrosunun \u00f6nc\u00fc temalar\u0131n\u0131, kendi damgas\u0131n\u0131 vurarak Shakespeare ve H\u00f6lderlin\u2019e ula\u015ft\u0131ran bir trajedi \u015fairidir. Medea\u2019n\u0131n ard\u0131ndan bizi Seneca\u2019n\u0131n Romal\u0131 solu\u011fuyla yeniden bulu\u015fturan Phaedra trajedisi, tutku ve \u00fcmitsizlik aras\u0131nda s\u0131k\u0131\u015fan bir ruhun hazin klasi\u011fi, vah\u015fi do\u011fa ile insan do\u011fas\u0131n\u0131n kar\u015f\u0131t tutkular\u0131n\u0131n k\u0131yas\u0131ya sava\u015f\u0131n\u0131n, a\u015fk ve nefretin t\u00fcrl\u00fc hallerinin sahneye ak\u0131\u015f\u0131d\u0131r. Bu trajedide Seneca\u2019n\u0131n \u00f6zg\u00fcr ve capcanl\u0131 \u00fcslubuyla an\u0131tla\u015fan A\u015fk, her t\u00fcrl\u00fc toplumsal ilke ve yasay\u0131 teker teker y\u0131karak, da\u011flardan sel gibi bo\u015fal\u0131r, dalgalar\u0131 her yan\u0131 kaplar. Prof. Dr. \u00c7i\u011fdem D\u00fcr\u00fc\u015fken: \u0130.\u00dc. Edebiyat Fak\u00fcltesi Latin Dili ve Edebiyat\u0131 \u00f6\u011fretim \u00fcyesidir. Cicero\u2019dan Dostluk \u00dczerine, Seneca\u2019dan Tanr\u0131sal \u00d6ng\u00f6r\u00fc ve Medea gibi Latin edebiyat\u0131ndan \u00e7evirileri, Antik\u00e7a\u011f\u2019da Do\u011fan Bir E\u011fitim Sistemi &#8211; Roma\u2019da Rhetorica E\u011fitimi (1995) ve Roma\u2019n\u0131n Gizem Dinleri (2001) adl\u0131 telif yap\u0131tlar\u0131 bulunmaktad\u0131r. \ufffc<\/p>\n","protected":false},"excerpt":{"rendered":"<p>Seneca (\u0130\u00d6 4-\u0130S 65): Roma uygarl\u0131\u011f\u0131n\u0131n en \u00f6nemli s\u00f6ylev ustalar\u0131ndan biri ve Antik Yunan tiyatrosunun \u00f6nc\u00fc temalar\u0131n\u0131, kendi damgas\u0131n\u0131 vurarak Shakespeare ve H\u00f6lderlin\u2019e ula\u015ft\u0131ran bir trajedi<span class=\"excerpt-hellip\"> [\u2026]<\/span><\/p>\n","protected":false},"featured_media":0,"template":"","meta":{"_monsterinsights_skip_tracking":false,"_monsterinsights_sitenote_active":false,"_monsterinsights_sitenote_note":"","_monsterinsights_sitenote_category":0},"product_brand":[],"product_cat":[13021,12408],"product_tag":[],"class_list":{"0":"post-689797","1":"product","2":"type-product","3":"status-publish","5":"product_cat-sahne-sanatlari","6":"product_cat-sanat","7":"pa_cilt-ciltsiz","8":"pa_tur-kitap","9":"pa_yayinevi-is-bankasi-kultur-yayinlari","10":"pa_yazar-lucius-annaeus-seneca","12":"first","13":"instock","14":"sale","15":"shipping-taxable","16":"purchasable","17":"product-type-simple"},"_links":{"self":[{"href":"https:\/\/roveyayinevi.com.tr\/index.php\/wp-json\/wp\/v2\/product\/689797","targetHints":{"allow":["GET"]}}],"collection":[{"href":"https:\/\/roveyayinevi.com.tr\/index.php\/wp-json\/wp\/v2\/product"}],"about":[{"href":"https:\/\/roveyayinevi.com.tr\/index.php\/wp-json\/wp\/v2\/types\/product"}],"wp:attachment":[{"href":"https:\/\/roveyayinevi.com.tr\/index.php\/wp-json\/wp\/v2\/media?parent=689797"}],"wp:term":[{"taxonomy":"product_brand","embeddable":true,"href":"https:\/\/roveyayinevi.com.tr\/index.php\/wp-json\/wp\/v2\/product_brand?post=689797"},{"taxonomy":"product_cat","embeddable":true,"href":"https:\/\/roveyayinevi.com.tr\/index.php\/wp-json\/wp\/v2\/product_cat?post=689797"},{"taxonomy":"product_tag","embeddable":true,"href":"https:\/\/roveyayinevi.com.tr\/index.php\/wp-json\/wp\/v2\/product_tag?post=689797"}],"curies":[{"name":"wp","href":"https:\/\/api.w.org\/{rel}","templated":true}]}}