{"id":689794,"date":"2025-08-27T13:48:23","date_gmt":"2025-08-27T10:48:23","guid":{"rendered":"https:\/\/roveyayinevi.com.tr\/index.php\/urun\/eglenceli-bilim-gunduz-ve-gece\/"},"modified":"2026-04-16T01:59:24","modified_gmt":"2026-04-15T22:59:24","slug":"eglenceli-bilim-gunduz-ve-gece","status":"publish","type":"product","link":"https:\/\/roveyayinevi.com.tr\/index.php\/urun\/eglenceli-bilim-gunduz-ve-gece\/","title":{"rendered":"E\u011flenceli Bilim &#8211; G\u00fcnd\u00fcz ve Gece"},"content":{"rendered":"<p>Gece ve g\u00fcnd\u00fcz olmas\u0131n\u0131n nedeni nedir? Neden bazen g\u00fcnd\u00fczler daha uzundur? Sabah erken kalkmak neden daha e\u011flencelidir? Gece ve g\u00fcnd\u00fczle ilgili b\u00fct\u00fcn sorular\u0131n yan\u0131t\u0131 bu ilgin\u00e7 kitapta.<\/p>\n","protected":false},"excerpt":{"rendered":"<p>Gece ve g\u00fcnd\u00fcz olmas\u0131n\u0131n nedeni nedir? Neden bazen g\u00fcnd\u00fczler daha uzundur? Sabah erken kalkmak neden daha e\u011flencelidir? Gece ve g\u00fcnd\u00fczle ilgili b\u00fct\u00fcn sorular\u0131n yan\u0131t\u0131 bu ilgin\u00e7<span class=\"excerpt-hellip\"> [\u2026]<\/span><\/p>\n","protected":false},"featured_media":0,"template":"","meta":{"_monsterinsights_skip_tracking":false,"_monsterinsights_sitenote_active":false,"_monsterinsights_sitenote_note":"","_monsterinsights_sitenote_category":0},"product_brand":[],"product_cat":[12492,12274],"product_tag":[],"class_list":{"0":"post-689794","1":"product","2":"type-product","3":"status-publish","5":"product_cat-bilmece-bulmaca","6":"product_cat-cocuk-ve-genclik-kitaplari","7":"pa_cilt-ciltsiz","8":"pa_tur-kitap","9":"pa_yayinevi-is-bankasi-kultur-yayinlari","10":"pa_yazar-imke-rudel","12":"first","13":"instock","14":"sale","15":"shipping-taxable","16":"purchasable","17":"product-type-simple"},"_links":{"self":[{"href":"https:\/\/roveyayinevi.com.tr\/index.php\/wp-json\/wp\/v2\/product\/689794","targetHints":{"allow":["GET"]}}],"collection":[{"href":"https:\/\/roveyayinevi.com.tr\/index.php\/wp-json\/wp\/v2\/product"}],"about":[{"href":"https:\/\/roveyayinevi.com.tr\/index.php\/wp-json\/wp\/v2\/types\/product"}],"wp:attachment":[{"href":"https:\/\/roveyayinevi.com.tr\/index.php\/wp-json\/wp\/v2\/media?parent=689794"}],"wp:term":[{"taxonomy":"product_brand","embeddable":true,"href":"https:\/\/roveyayinevi.com.tr\/index.php\/wp-json\/wp\/v2\/product_brand?post=689794"},{"taxonomy":"product_cat","embeddable":true,"href":"https:\/\/roveyayinevi.com.tr\/index.php\/wp-json\/wp\/v2\/product_cat?post=689794"},{"taxonomy":"product_tag","embeddable":true,"href":"https:\/\/roveyayinevi.com.tr\/index.php\/wp-json\/wp\/v2\/product_tag?post=689794"}],"curies":[{"name":"wp","href":"https:\/\/api.w.org\/{rel}","templated":true}]}}