{"id":689792,"date":"2025-08-27T13:48:23","date_gmt":"2025-08-27T10:48:23","guid":{"rendered":"https:\/\/roveyayinevi.com.tr\/index.php\/urun\/osmanli-imparatorlugu-tarihi\/"},"modified":"2026-04-16T01:59:24","modified_gmt":"2026-04-15T22:59:24","slug":"osmanli-imparatorlugu-tarihi","status":"publish","type":"product","link":"https:\/\/roveyayinevi.com.tr\/index.php\/urun\/osmanli-imparatorlugu-tarihi\/","title":{"rendered":"Osmanl\u0131 \u0130mparatorlu\u011fu Tarihi"},"content":{"rendered":"<p>Osmanl\u0131 Devleti XIV. y\u00fczy\u0131l\u0131n ba\u015flar\u0131nda Anadolu&#8217;da, Bizans ile Sel\u00e7uklu devletlerinin y\u0131k\u0131nt\u0131lar\u0131 \u00fczerinde kurulmu\u015f, Timur istilas\u0131na ve k\u0131sa s\u00fcreli Fetret Devri ne ra\u011fmen, kurulu\u015fundan iki y\u00fcz elli y\u0131l sonra Viyana kap\u0131lar\u0131ndan Yemen&#8217;e, Cezayir&#8217;den Irak&#8217;a, Akdeniz&#8217;den Karadeniz&#8217;e kadar yay\u0131lan bir cihan imparatorlu\u011fu olmu\u015ftu. Uzun s\u00fcre Eski D\u00fcnya&#8217;n\u0131n en \u00f6nde gelen g\u00fc\u00e7leri aras\u0131nda say\u0131lan Osmanl\u0131lar, kanunlar\u0131 ve idaresiyle k\u00f6kl\u00fc bir devlet yap\u0131s\u0131 kurarken, \u00f6zg\u00fcn bir k\u00fclt\u00fcr sanat tarihi yaratmay\u0131 da ba\u015farm\u0131\u015flard\u0131r. \ufffcTan\u0131t\u0131m Metni<\/p>\n","protected":false},"excerpt":{"rendered":"<p>Osmanl\u0131 Devleti XIV. y\u00fczy\u0131l\u0131n ba\u015flar\u0131nda Anadolu&#8217;da, Bizans ile Sel\u00e7uklu devletlerinin y\u0131k\u0131nt\u0131lar\u0131 \u00fczerinde kurulmu\u015f, Timur istilas\u0131na ve k\u0131sa s\u00fcreli Fetret Devri ne ra\u011fmen, kurulu\u015fundan iki y\u00fcz elli<span class=\"excerpt-hellip\"> [\u2026]<\/span><\/p>\n","protected":false},"featured_media":0,"template":"","meta":{"_monsterinsights_skip_tracking":false,"_monsterinsights_sitenote_active":false,"_monsterinsights_sitenote_note":"","_monsterinsights_sitenote_category":0},"product_brand":[],"product_cat":[13590,12337],"product_tag":[],"class_list":{"0":"post-689792","1":"product","2":"type-product","3":"status-publish","5":"product_cat-arastirma-inceleme-politika-siyaset","6":"product_cat-politika-siyaset","7":"pa_cilt-ciltsiz","8":"pa_tur-kitap","9":"pa_yayinevi-is-bankasi-kultur-yayinlari","10":"pa_yazar-robert-mantran","12":"first","13":"instock","14":"sale","15":"shipping-taxable","16":"purchasable","17":"product-type-simple"},"_links":{"self":[{"href":"https:\/\/roveyayinevi.com.tr\/index.php\/wp-json\/wp\/v2\/product\/689792","targetHints":{"allow":["GET"]}}],"collection":[{"href":"https:\/\/roveyayinevi.com.tr\/index.php\/wp-json\/wp\/v2\/product"}],"about":[{"href":"https:\/\/roveyayinevi.com.tr\/index.php\/wp-json\/wp\/v2\/types\/product"}],"wp:attachment":[{"href":"https:\/\/roveyayinevi.com.tr\/index.php\/wp-json\/wp\/v2\/media?parent=689792"}],"wp:term":[{"taxonomy":"product_brand","embeddable":true,"href":"https:\/\/roveyayinevi.com.tr\/index.php\/wp-json\/wp\/v2\/product_brand?post=689792"},{"taxonomy":"product_cat","embeddable":true,"href":"https:\/\/roveyayinevi.com.tr\/index.php\/wp-json\/wp\/v2\/product_cat?post=689792"},{"taxonomy":"product_tag","embeddable":true,"href":"https:\/\/roveyayinevi.com.tr\/index.php\/wp-json\/wp\/v2\/product_tag?post=689792"}],"curies":[{"name":"wp","href":"https:\/\/api.w.org\/{rel}","templated":true}]}}