{"id":689791,"date":"2025-08-27T13:48:23","date_gmt":"2025-08-27T10:48:23","guid":{"rendered":"https:\/\/roveyayinevi.com.tr\/index.php\/urun\/kisa-turkiye-tarihi\/"},"modified":"2026-04-16T01:59:24","modified_gmt":"2026-04-15T22:59:24","slug":"kisa-turkiye-tarihi","status":"publish","type":"product","link":"https:\/\/roveyayinevi.com.tr\/index.php\/urun\/kisa-turkiye-tarihi\/","title":{"rendered":"K\u0131sa T\u00fcrkiye Tarihi"},"content":{"rendered":"<p>Osmanl\u0131 \u0130mparatorlu\u011fu&#8217;nda de\u011fi\u015fim r\u00fczgarlar\u0131 19. y\u00fczy\u0131l ba\u015f\u0131ndan itibaren g\u00fc\u00e7lenmi\u015f, \u00e7a\u011fda\u015flama gereksinimi giderek vazge\u00e7ilmez bir hal alm\u0131\u015ft\u0131r. Sultan 3. Selim&#8217;le ba\u015flayan bu s\u00fcre\u00e7te \u00f6nemli kilometre ta\u015flar\u0131n\u0131 olu\u015fturan Islahat ve Tanzimat fermanlar\u0131; onlar\u0131n pe\u015fiden gelen J\u00f6n T\u00fcrk hareketi ve 2. Me\u015frutiye devrimi, son noktada Kurtulu\u015f Sava\u015f\u0131 ve Cumhuriyet devrimleriyle ta\u00e7lan\u0131rken alt\u0131 y\u00fczy\u0131ll\u0131k bir imparatorluktan modern bir devletin do\u011fu\u015f \u00f6yk\u00fcs\u00fc de \u015fekillenmi\u015ftir. Ama bu \u00f6yk\u00fcn\u00fcn i\u00e7inde ileriye do\u011fru her ad\u0131m b\u00fcy\u00fck m\u00fccadeleler ve ac\u0131lar pahas\u0131na at\u0131lm\u0131\u015f, reform ve h\u00fcrriyet \u00e7o\u015fkular\u0131n\u0131 istibdat d\u00f6nemleri, g\u00f6rece istikrar ve huzur umutlar\u0131n\u0131 bitmek bilmeyen y\u0131k\u0131c\u0131 sava\u015flar izlemi\u015f devrimler ve kar\u015f\u0131-devrimler pe\u015fpe\u015fe s\u0131ralanm\u0131\u015ft\u0131r. T\u00fcrkiye Cumhuriyeti\u2019nin tarihi, gelgitlerle ilerleyen \u00e7a\u011fda\u015fla\u015fma ser\u00fcveninin par\u00e7as\u0131 olmu\u015ftur. Yak\u0131n tarihimiz ve \u0130ttihat ve Terakki \u00fczerine de\u011ferli \u00e7al\u0131\u015fmalar\u0131yla tan\u0131d\u0131\u011f\u0131m\u0131z Prof. Dr. Sina Ak\u015fin, K\u0131sa T\u00fcrkiye Tarihi\u2019nde, 19. y\u00fczy\u0131l ba\u015f\u0131ndaki ilk reform \u00e7abalar\u0131ndan 2000\u2019li y\u0131llar T\u00fcrkiye\u2019sine kadar uzanan bu \u00e7alkant\u0131l\u0131 s\u00fcreci son derece kolay okunan ve ak\u0131lda kalan bir \u00f6zet halinde okuyucuya sunuyor. Tarihini okuyarak bug\u00fcn\u00fcn\u00fc anlamak isteyenler i\u00e7in bir ba\u015fucu kitab\u0131&#8230; Prof. Dr. Sina Ak\u015fin (1937) 1955&#8217;te Robert Kolej&#8217;den, 1959&#8217;da \u0130stanbul Hukuk Fak\u00fcltesi&#8217;nden mezun oldu. ABD&#8217;de Fletcher Scool of Law and Diplamacy&#8217;de y\u00fcksek lisans \u00e7al\u0131\u015fmalar\u0131n\u0131 yapt\u0131. Uygarl\u0131k Tarihi dersleri verdi. 1969&#8217;da Ankara \u00dcniversitesi Siyasal Bilgiler Fak\u00fcltesi&#8217;nde T\u00fcrk Siyasal Hayat\u0131 K\u00fcrs\u00fcs\u00fc&#8217;ne girdi, 1975&#8217;te do\u00e7ent, 1989&#8217;da profes\u00f6r unanlar\u0131n\u0131 ald\u0131. Bug\u00fcne kadar yay\u0131nlam\u0131\u015f kitaplardan baz\u0131lar\u0131: \u015eeriat\u00e7\u0131 Bir Ayaklanma. 31 Mart Olay\u0131; \u0130stanbul H\u00fck\u00fcmetleri ve Milli M\u00fccadele; J\u00f6n T\u00fcrkler ve \u0130ttihat ve Terakki; Yak\u0131n Tarihimizi Sorgulamak; T\u00fcrkiye Tarihi, 5 c. (yay.y\u00f6n) \ufffcTan\u0131t\u0131m Metni<\/p>\n","protected":false},"excerpt":{"rendered":"<p>Osmanl\u0131 \u0130mparatorlu\u011fu&#8217;nda de\u011fi\u015fim r\u00fczgarlar\u0131 19. y\u00fczy\u0131l ba\u015f\u0131ndan itibaren g\u00fc\u00e7lenmi\u015f, \u00e7a\u011fda\u015flama gereksinimi giderek vazge\u00e7ilmez bir hal alm\u0131\u015ft\u0131r. Sultan 3. Selim&#8217;le ba\u015flayan bu s\u00fcre\u00e7te \u00f6nemli kilometre ta\u015flar\u0131n\u0131 olu\u015fturan<span class=\"excerpt-hellip\"> [\u2026]<\/span><\/p>\n","protected":false},"featured_media":0,"template":"","meta":{"_monsterinsights_skip_tracking":false,"_monsterinsights_sitenote_active":false,"_monsterinsights_sitenote_note":"","_monsterinsights_sitenote_category":0},"product_brand":[],"product_cat":[13517,12304],"product_tag":[],"class_list":{"0":"post-689791","1":"product","2":"type-product","3":"status-publish","5":"product_cat-osmanli-tarihi","6":"product_cat-tarih","7":"pa_cilt-ciltsiz","8":"pa_tur-kitap","9":"pa_yayinevi-is-bankasi-kultur-yayinlari","10":"pa_yazar-sina-aksin","12":"first","13":"instock","14":"sale","15":"shipping-taxable","16":"purchasable","17":"product-type-simple"},"_links":{"self":[{"href":"https:\/\/roveyayinevi.com.tr\/index.php\/wp-json\/wp\/v2\/product\/689791","targetHints":{"allow":["GET"]}}],"collection":[{"href":"https:\/\/roveyayinevi.com.tr\/index.php\/wp-json\/wp\/v2\/product"}],"about":[{"href":"https:\/\/roveyayinevi.com.tr\/index.php\/wp-json\/wp\/v2\/types\/product"}],"wp:attachment":[{"href":"https:\/\/roveyayinevi.com.tr\/index.php\/wp-json\/wp\/v2\/media?parent=689791"}],"wp:term":[{"taxonomy":"product_brand","embeddable":true,"href":"https:\/\/roveyayinevi.com.tr\/index.php\/wp-json\/wp\/v2\/product_brand?post=689791"},{"taxonomy":"product_cat","embeddable":true,"href":"https:\/\/roveyayinevi.com.tr\/index.php\/wp-json\/wp\/v2\/product_cat?post=689791"},{"taxonomy":"product_tag","embeddable":true,"href":"https:\/\/roveyayinevi.com.tr\/index.php\/wp-json\/wp\/v2\/product_tag?post=689791"}],"curies":[{"name":"wp","href":"https:\/\/api.w.org\/{rel}","templated":true}]}}