{"id":689790,"date":"2025-08-27T13:48:23","date_gmt":"2025-08-27T10:48:23","guid":{"rendered":"https:\/\/roveyayinevi.com.tr\/index.php\/urun\/kisa-romanlar-uzun-oykuler\/"},"modified":"2026-04-16T01:59:24","modified_gmt":"2026-04-15T22:59:24","slug":"kisa-romanlar-uzun-oykuler","status":"publish","type":"product","link":"https:\/\/roveyayinevi.com.tr\/index.php\/urun\/kisa-romanlar-uzun-oykuler\/","title":{"rendered":"K\u0131sa Romanlar, Uzun \u00d6yk\u00fcler"},"content":{"rendered":"<p>Henry James (1843-1916): 19. Y\u00fczy\u0131l\u0131n son \u00e7eyre\u011finde yerle\u015fti\u011fi \u0130ngiltere\u2019de, \u00f6l\u00fcm\u00fcne dek , gerek romanlar\u0131nda gerekse uzunlu-k\u0131sal\u0131 \u00f6yk\u00fclerinde, do\u011fup yerle\u015fti\u011fi Amerika ile Avrupa\u2019n\u0131n farkl\u0131l\u0131klar\u0131n\u0131 sars\u0131c\u0131 bir g\u00f6zlem g\u00fcc\u00fc ve derinlikle i\u015flemi\u015f bir yaz\u0131 ustas\u0131d\u0131r. Madam de Mauves ten Erdemin \u00d6yk\u00fcs\u00fc ne Elinizdeki kitapta bir araya getirilen yap\u0131tlar\u0131 da James\u2019in bu \u00f6zel li\u011fini alabildi\u011fine g\u00f6stermektedir. \ufffcTan\u0131t\u0131m Metni<\/p>\n","protected":false},"excerpt":{"rendered":"<p>Henry James (1843-1916): 19. Y\u00fczy\u0131l\u0131n son \u00e7eyre\u011finde yerle\u015fti\u011fi \u0130ngiltere\u2019de, \u00f6l\u00fcm\u00fcne dek , gerek romanlar\u0131nda gerekse uzunlu-k\u0131sal\u0131 \u00f6yk\u00fclerinde, do\u011fup yerle\u015fti\u011fi Amerika ile Avrupa\u2019n\u0131n farkl\u0131l\u0131klar\u0131n\u0131 sars\u0131c\u0131 bir g\u00f6zlem<span class=\"excerpt-hellip\"> [\u2026]<\/span><\/p>\n","protected":false},"featured_media":0,"template":"","meta":{"_monsterinsights_skip_tracking":false,"_monsterinsights_sitenote_active":false,"_monsterinsights_sitenote_note":"","_monsterinsights_sitenote_category":0},"product_brand":[],"product_cat":[12891,12291],"product_tag":[],"class_list":{"0":"post-689790","1":"product","2":"type-product","3":"status-publish","5":"product_cat-amerikan-edebiyati","6":"product_cat-edebiyat","7":"pa_cilt-ciltsiz","8":"pa_tur-kitap","9":"pa_yayinevi-is-bankasi-kultur-yayinlari","10":"pa_yazar-henry-james","12":"first","13":"instock","14":"sale","15":"shipping-taxable","16":"purchasable","17":"product-type-simple"},"_links":{"self":[{"href":"https:\/\/roveyayinevi.com.tr\/index.php\/wp-json\/wp\/v2\/product\/689790","targetHints":{"allow":["GET"]}}],"collection":[{"href":"https:\/\/roveyayinevi.com.tr\/index.php\/wp-json\/wp\/v2\/product"}],"about":[{"href":"https:\/\/roveyayinevi.com.tr\/index.php\/wp-json\/wp\/v2\/types\/product"}],"wp:attachment":[{"href":"https:\/\/roveyayinevi.com.tr\/index.php\/wp-json\/wp\/v2\/media?parent=689790"}],"wp:term":[{"taxonomy":"product_brand","embeddable":true,"href":"https:\/\/roveyayinevi.com.tr\/index.php\/wp-json\/wp\/v2\/product_brand?post=689790"},{"taxonomy":"product_cat","embeddable":true,"href":"https:\/\/roveyayinevi.com.tr\/index.php\/wp-json\/wp\/v2\/product_cat?post=689790"},{"taxonomy":"product_tag","embeddable":true,"href":"https:\/\/roveyayinevi.com.tr\/index.php\/wp-json\/wp\/v2\/product_tag?post=689790"}],"curies":[{"name":"wp","href":"https:\/\/api.w.org\/{rel}","templated":true}]}}