{"id":689787,"date":"2025-08-27T13:48:22","date_gmt":"2025-08-27T10:48:22","guid":{"rendered":"https:\/\/roveyayinevi.com.tr\/index.php\/urun\/kesifler-atlasi\/"},"modified":"2025-11-13T02:05:16","modified_gmt":"2025-11-12T23:05:16","slug":"kesifler-atlasi","status":"publish","type":"product","link":"https:\/\/roveyayinevi.com.tr\/index.php\/urun\/kesifler-atlasi\/","title":{"rendered":"Ke\u015fifler Atlas\u0131"},"content":{"rendered":"<p>D\u00fcnyan\u0131n \u00e7evresini dola\u015fan ilk gezgin kimdi?Avrupal\u0131lar Avustralya&#8217;y\u0131 ne zaman ke\u015ffetti?Ke\u015fifler Atlas\u0131 bunlar gibi pek \u00e7ok ilgi \u00e7ekici konuyu i\u015flerken, tarihin \u00fcnl\u00fc ka\u015fiflerini anlat\u0131yor. Afrika&#8217;n\u0131n sonsuz ormanlar\u0131nda kar\u015f\u0131la\u015fan Livingston ve Stanley&#8217;in \u00f6yk\u00fcs\u00fcn\u00fc okurken ya da Kon-Tiki sal\u0131ndaki maceraperestlerle Pasifik Okyanusu&#8217;nu ge\u00e7erken, gezegenimiz hakk\u0131nda bir\u00e7ok \u015fey \u00f6\u011frenip, ka\u015fiflerin heyecan\u0131n\u0131 ya\u015fayacaks\u0131n\u0131z.Ayr\u0131nt\u0131l\u0131 haritalar ve resimler gezilerinizi \u00e7ok daha renkli hale getirecek.<\/p>\n","protected":false},"excerpt":{"rendered":"<p>D\u00fcnyan\u0131n \u00e7evresini dola\u015fan ilk gezgin kimdi?Avrupal\u0131lar Avustralya&#8217;y\u0131 ne zaman ke\u015ffetti?Ke\u015fifler Atlas\u0131 bunlar gibi pek \u00e7ok ilgi \u00e7ekici konuyu i\u015flerken, tarihin \u00fcnl\u00fc ka\u015fiflerini anlat\u0131yor. Afrika&#8217;n\u0131n sonsuz ormanlar\u0131nda<span class=\"excerpt-hellip\"> [\u2026]<\/span><\/p>\n","protected":false},"featured_media":0,"template":"","meta":{"_monsterinsights_skip_tracking":false,"_monsterinsights_sitenote_active":false,"_monsterinsights_sitenote_note":"","_monsterinsights_sitenote_category":0},"product_brand":[],"product_cat":[12274,14573],"product_tag":[],"class_list":{"0":"post-689787","1":"product","2":"type-product","3":"status-publish","5":"product_cat-cocuk-ve-genclik-kitaplari","6":"product_cat-referans-kitaplar-cocuk-ve-genclik-kitaplari","7":"pa_cilt-ciltsiz","8":"pa_tur-kitap","9":"pa_yayinevi-is-bankasi-kultur-yayinlari","10":"pa_yazar-sarah-harrison","12":"first","13":"instock","14":"sale","15":"shipping-taxable","16":"purchasable","17":"product-type-simple"},"_links":{"self":[{"href":"https:\/\/roveyayinevi.com.tr\/index.php\/wp-json\/wp\/v2\/product\/689787","targetHints":{"allow":["GET"]}}],"collection":[{"href":"https:\/\/roveyayinevi.com.tr\/index.php\/wp-json\/wp\/v2\/product"}],"about":[{"href":"https:\/\/roveyayinevi.com.tr\/index.php\/wp-json\/wp\/v2\/types\/product"}],"wp:attachment":[{"href":"https:\/\/roveyayinevi.com.tr\/index.php\/wp-json\/wp\/v2\/media?parent=689787"}],"wp:term":[{"taxonomy":"product_brand","embeddable":true,"href":"https:\/\/roveyayinevi.com.tr\/index.php\/wp-json\/wp\/v2\/product_brand?post=689787"},{"taxonomy":"product_cat","embeddable":true,"href":"https:\/\/roveyayinevi.com.tr\/index.php\/wp-json\/wp\/v2\/product_cat?post=689787"},{"taxonomy":"product_tag","embeddable":true,"href":"https:\/\/roveyayinevi.com.tr\/index.php\/wp-json\/wp\/v2\/product_tag?post=689787"}],"curies":[{"name":"wp","href":"https:\/\/api.w.org\/{rel}","templated":true}]}}