{"id":689786,"date":"2025-08-27T13:48:22","date_gmt":"2025-08-27T10:48:22","guid":{"rendered":"https:\/\/roveyayinevi.com.tr\/index.php\/urun\/kent-imgesi\/"},"modified":"2026-04-16T01:59:23","modified_gmt":"2026-04-15T22:59:23","slug":"kent-imgesi","status":"publish","type":"product","link":"https:\/\/roveyayinevi.com.tr\/index.php\/urun\/kent-imgesi\/","title":{"rendered":"Kent \u0130mgesi"},"content":{"rendered":"<p>Bu k\u00fc\u00e7\u00fck ve okunabilir kitap geni\u015f \u00f6l\u00e7ekli tasar\u0131m kuram\u0131na yap\u0131lm\u0131\u015f en \u00f6nemli modern katk\u0131lardan biridir. David A. Crane, Journal of the American \u0130nstitute of Planners \u00c7o\u011fu zaman, bir kentte ya\u015faman\u0131n asl\u0131nda bir imgede ya\u015famak oldu\u011fu unutulur. O kentin caddeleri, bulvarlar\u0131, k\u0131y\u0131 \u015feritleri, tarihi binalar\u0131, g\u00f6rkemli k\u00f6pr\u00fcleri, al\u0131\u015fveri\u015f merkezleri hep bir izlenimi peki\u015ftirir gibidirler. \u00dcstelik bir kenti alg\u0131lay\u0131\u015f zaman i\u00e7inde oldu\u011fu gibi ki\u015fiden ki\u015fiye de de\u011fi\u015fir. Herhalde ayn\u0131 oldu\u011fu ileri s\u00fcrebilece\u011fimiz tek \u015fey olsa olsa akla gelen sorulard\u0131r: \u0130\u00e7inde hareketli bir ya\u015fant\u0131n\u0131n s\u00fcrd\u00fc\u011f\u00fc bir kentin yap\u0131s\u0131 tam olarak ne anlama gelmektedir? Ya\u015fad\u0131\u011f\u0131m\u0131z kente ili\u015fkin edindi\u011fimiz imge hangi duyarl\u0131l\u0131\u011f\u0131n \u00fcr\u00fcn\u00fcd\u00fcr? Bir yerde iki ker kaybolmak m\u00fcmk\u00fcn m\u00fcd\u00fcr? Ki\u015fisel tarihimize e\u015flik eden bir kent tarihinden s\u00f6z etmek m\u00fcmk\u00fcn m\u00fc? Kevin Lynch, \u015fehir planlamac\u0131l\u0131\u011f\u0131n\u0131n \u00e7ehresini de\u011fi\u015ftiren ve bu alanda temel kaynaklardan biri olma \u00f6zelli\u011fini koruyan Kent \u0130mgesi adl\u0131 kitab\u0131nda bu derinlikli sorular\u0131n kar\u015f\u0131l\u0131klar\u0131n\u0131 \u00fc\u00e7 \u00f6nemli Amerikan kentini, Los Angeles, Boston ve Jersey City\u2019yi merkeze alarak ar\u0131yor. \u015eehir planc\u0131lar\u0131n\u0131n yapt\u0131klar\u0131 de\u011fi\u015fikliklerin insanlar\u0131n kenti alg\u0131lay\u0131\u015flar\u0131nda ne gibi farkl\u0131l\u0131klara yol a\u00e7t\u0131\u011f\u0131ndan sokak g\u00f6r\u00fc\u015fmelerinden \u00e7\u0131kan sonu\u00e7lara kadar pek \u00e7ok ayr\u0131nt\u0131dan olu\u015fan kitap, bir kentle kurulan ili\u015fkinin asl\u0131nda hi\u00e7 de basit bir \u015fey olmad\u0131\u011f\u0131n\u0131n en \u00f6nemli kan\u0131t\u0131. \u00c7\u00fcnk\u00fc asl\u0131nda i\u00e7inde ya\u015farken fark etmiyor olsak da ne kentin kendisinin ne de sahip oldu\u011fumuz imgenin dura\u011fan oldu\u011funu s\u00f6ylemek m\u00fcmk\u00fcn. Kafan\u0131zda ya\u015fad\u0131\u011f\u0131n\u0131z kentle ilgili hala bir imge yoksa, Kent \u0130mgesi size k\u0131lavuzluk edecektir. Kevin Lynch (1918-1984), \u00e7ok tan\u0131nm\u0131\u015f bir \u015fehir planlamac\u0131s\u0131, akademisyen ve yazard\u0131. Uzun y\u0131llar M\u0130T&#8217;de ders veren Lynch&#8217;in t\u00fcm d\u00fcnyada yank\u0131 uyand\u0131ran Kent \u0130mgesi d\u0131\u015f\u0131nda di\u011fer baz\u0131 \u00f6nemli eserleri: What Time is this Place? (1972); Managing the Sense of a Region (1976); A Theory of Good City From (1981). \ufffcTan\u0131t\u0131m Metni<\/p>\n","protected":false},"excerpt":{"rendered":"<p>Bu k\u00fc\u00e7\u00fck ve okunabilir kitap geni\u015f \u00f6l\u00e7ekli tasar\u0131m kuram\u0131na yap\u0131lm\u0131\u015f en \u00f6nemli modern katk\u0131lardan biridir. David A. Crane, Journal of the American \u0130nstitute of Planners \u00c7o\u011fu<span class=\"excerpt-hellip\"> [\u2026]<\/span><\/p>\n","protected":false},"featured_media":0,"template":"","meta":{"_monsterinsights_skip_tracking":false,"_monsterinsights_sitenote_active":false,"_monsterinsights_sitenote_note":"","_monsterinsights_sitenote_category":0},"product_brand":[],"product_cat":[12767,12324],"product_tag":[],"class_list":{"0":"post-689786","1":"product","2":"type-product","3":"status-publish","5":"product_cat-kentlesme-modernlesme","6":"product_cat-sosyoloji","7":"pa_cilt-ciltsiz","8":"pa_tur-kitap","9":"pa_yayinevi-is-bankasi-kultur-yayinlari","10":"pa_yazar-kevin-lynch","12":"first","13":"instock","14":"sale","15":"shipping-taxable","16":"purchasable","17":"product-type-simple"},"_links":{"self":[{"href":"https:\/\/roveyayinevi.com.tr\/index.php\/wp-json\/wp\/v2\/product\/689786","targetHints":{"allow":["GET"]}}],"collection":[{"href":"https:\/\/roveyayinevi.com.tr\/index.php\/wp-json\/wp\/v2\/product"}],"about":[{"href":"https:\/\/roveyayinevi.com.tr\/index.php\/wp-json\/wp\/v2\/types\/product"}],"wp:attachment":[{"href":"https:\/\/roveyayinevi.com.tr\/index.php\/wp-json\/wp\/v2\/media?parent=689786"}],"wp:term":[{"taxonomy":"product_brand","embeddable":true,"href":"https:\/\/roveyayinevi.com.tr\/index.php\/wp-json\/wp\/v2\/product_brand?post=689786"},{"taxonomy":"product_cat","embeddable":true,"href":"https:\/\/roveyayinevi.com.tr\/index.php\/wp-json\/wp\/v2\/product_cat?post=689786"},{"taxonomy":"product_tag","embeddable":true,"href":"https:\/\/roveyayinevi.com.tr\/index.php\/wp-json\/wp\/v2\/product_tag?post=689786"}],"curies":[{"name":"wp","href":"https:\/\/api.w.org\/{rel}","templated":true}]}}