{"id":689784,"date":"2025-08-27T13:48:21","date_gmt":"2025-08-27T10:48:21","guid":{"rendered":"https:\/\/roveyayinevi.com.tr\/index.php\/urun\/cesur-firfir\/"},"modified":"2026-04-16T01:59:23","modified_gmt":"2026-04-15T22:59:23","slug":"cesur-firfir","status":"publish","type":"product","link":"https:\/\/roveyayinevi.com.tr\/index.php\/urun\/cesur-firfir\/","title":{"rendered":"Cesur F\u0131rf\u0131r"},"content":{"rendered":"<p>Ak\u0131ll\u0131 ve iyi kalpli minicik bir kahraman olan F\u0131rf\u0131r&#8217;\u0131n masal\u0131 \u00e7ocuklar\u0131m\u0131za cesaretin ger\u00e7ek anlam\u0131n\u0131 \u00f6\u011fretiyor. Ormanda kaybolan F\u0131rf\u0131r, hi\u00e7 ummad\u0131\u011f\u0131 birinden yard\u0131m al\u0131r ve evine kavu\u015fur. Ancak k\u0131sa s\u00fcre sonra onun da birini kurtarmas\u0131 gerekecektir. Ufac\u0131k bir oyuncak tav\u015fan olan F\u0131rf\u0131r&#8217;\u0131n ormandaki maceralar\u0131 \u00e7ok heyecanl\u0131. \ufffc<\/p>\n","protected":false},"excerpt":{"rendered":"<p>Ak\u0131ll\u0131 ve iyi kalpli minicik bir kahraman olan F\u0131rf\u0131r&#8217;\u0131n masal\u0131 \u00e7ocuklar\u0131m\u0131za cesaretin ger\u00e7ek anlam\u0131n\u0131 \u00f6\u011fretiyor. Ormanda kaybolan F\u0131rf\u0131r, hi\u00e7 ummad\u0131\u011f\u0131 birinden yard\u0131m al\u0131r ve evine kavu\u015fur.<span class=\"excerpt-hellip\"> [\u2026]<\/span><\/p>\n","protected":false},"featured_media":0,"template":"","meta":{"_monsterinsights_skip_tracking":false,"_monsterinsights_sitenote_active":false,"_monsterinsights_sitenote_note":"","_monsterinsights_sitenote_category":0},"product_brand":[],"product_cat":[12274,12284],"product_tag":[],"class_list":{"0":"post-689784","1":"product","2":"type-product","3":"status-publish","5":"product_cat-cocuk-ve-genclik-kitaplari","6":"product_cat-hikayeler","7":"pa_cilt-ciltsiz","8":"pa_tur-kitap","9":"pa_yayinevi-is-bankasi-kultur-yayinlari","10":"pa_yazar-angela-mcallister","12":"first","13":"instock","14":"sale","15":"shipping-taxable","16":"purchasable","17":"product-type-simple"},"_links":{"self":[{"href":"https:\/\/roveyayinevi.com.tr\/index.php\/wp-json\/wp\/v2\/product\/689784","targetHints":{"allow":["GET"]}}],"collection":[{"href":"https:\/\/roveyayinevi.com.tr\/index.php\/wp-json\/wp\/v2\/product"}],"about":[{"href":"https:\/\/roveyayinevi.com.tr\/index.php\/wp-json\/wp\/v2\/types\/product"}],"wp:attachment":[{"href":"https:\/\/roveyayinevi.com.tr\/index.php\/wp-json\/wp\/v2\/media?parent=689784"}],"wp:term":[{"taxonomy":"product_brand","embeddable":true,"href":"https:\/\/roveyayinevi.com.tr\/index.php\/wp-json\/wp\/v2\/product_brand?post=689784"},{"taxonomy":"product_cat","embeddable":true,"href":"https:\/\/roveyayinevi.com.tr\/index.php\/wp-json\/wp\/v2\/product_cat?post=689784"},{"taxonomy":"product_tag","embeddable":true,"href":"https:\/\/roveyayinevi.com.tr\/index.php\/wp-json\/wp\/v2\/product_tag?post=689784"}],"curies":[{"name":"wp","href":"https:\/\/api.w.org\/{rel}","templated":true}]}}