{"id":689783,"date":"2025-08-27T13:48:21","date_gmt":"2025-08-27T10:48:21","guid":{"rendered":"https:\/\/roveyayinevi.com.tr\/index.php\/urun\/cardenio\/"},"modified":"2026-04-16T01:59:23","modified_gmt":"2026-04-15T22:59:23","slug":"cardenio","status":"publish","type":"product","link":"https:\/\/roveyayinevi.com.tr\/index.php\/urun\/cardenio\/","title":{"rendered":"Cardenio"},"content":{"rendered":"<p>William Shakespeare (1564-1616): Oyunlar\u0131 ve \u015fiirlerinde insanl\u0131k durumlar\u0131n\u0131 dile getiri\u015f g\u00fcc\u00fcyle yakla\u015f\u0131k 400 y\u0131ld\u0131r b\u00fct\u00fcn d\u00fcnya okur ve seyircilerini etkilemeyi s\u00fcrd\u00fcren efsanevi yazar, Cardenio\u2019yu Cervantes\u2019in Don Quijote adl\u0131 eserindeki Cardenio\u2019nun \u00f6yk\u00fcs\u00fcnden esinlenerek yazm\u0131\u015ft\u0131r. \u0130ktidar, zorbal\u0131k, a\u015fk, iffet ve \u00f6l\u00fcm \u00f6\u011feleriyle \u015fekillenen tragedyada kad\u0131nlar\u0131n sahip oldu\u011fu de\u011ferlerin \u00fcst\u00fcnl\u00fc\u011f\u00fc vurgulanm\u0131\u015ft\u0131r. Eser sahnelendi\u011finde, ustaca d\u00fc\u015f\u00fcn\u00fclen olay dizisi, canl\u0131 tablolar\u0131 ve m\u00fckemmel oyun kurgusu ile \u00f6vg\u00fc toplam\u0131\u015ft\u0131r. T\u00fcrk\u00e7eye ilk kez \u00e7evrilen Cardenio Shakespeare\u2019in yard\u0131mc\u0131 yazar\u0131 John Fletcher ile birlikte yazd\u0131\u011f\u0131 iki oyundan biridir. \ufffcTan\u0131t\u0131m Metni<\/p>\n","protected":false},"excerpt":{"rendered":"<p>William Shakespeare (1564-1616): Oyunlar\u0131 ve \u015fiirlerinde insanl\u0131k durumlar\u0131n\u0131 dile getiri\u015f g\u00fcc\u00fcyle yakla\u015f\u0131k 400 y\u0131ld\u0131r b\u00fct\u00fcn d\u00fcnya okur ve seyircilerini etkilemeyi s\u00fcrd\u00fcren efsanevi yazar, Cardenio\u2019yu Cervantes\u2019in Don<span class=\"excerpt-hellip\"> [\u2026]<\/span><\/p>\n","protected":false},"featured_media":0,"template":"","meta":{"_monsterinsights_skip_tracking":false,"_monsterinsights_sitenote_active":false,"_monsterinsights_sitenote_note":"","_monsterinsights_sitenote_category":0},"product_brand":[],"product_cat":[12291,14272],"product_tag":[],"class_list":{"0":"post-689783","1":"product","2":"type-product","3":"status-publish","5":"product_cat-edebiyat","6":"product_cat-tiyatro","7":"pa_cilt-ciltsiz","8":"pa_tur-kitap","9":"pa_yayinevi-is-bankasi-kultur-yayinlari","10":"pa_yazar-john-fletcher","12":"first","13":"instock","14":"sale","15":"shipping-taxable","16":"purchasable","17":"product-type-simple"},"_links":{"self":[{"href":"https:\/\/roveyayinevi.com.tr\/index.php\/wp-json\/wp\/v2\/product\/689783","targetHints":{"allow":["GET"]}}],"collection":[{"href":"https:\/\/roveyayinevi.com.tr\/index.php\/wp-json\/wp\/v2\/product"}],"about":[{"href":"https:\/\/roveyayinevi.com.tr\/index.php\/wp-json\/wp\/v2\/types\/product"}],"wp:attachment":[{"href":"https:\/\/roveyayinevi.com.tr\/index.php\/wp-json\/wp\/v2\/media?parent=689783"}],"wp:term":[{"taxonomy":"product_brand","embeddable":true,"href":"https:\/\/roveyayinevi.com.tr\/index.php\/wp-json\/wp\/v2\/product_brand?post=689783"},{"taxonomy":"product_cat","embeddable":true,"href":"https:\/\/roveyayinevi.com.tr\/index.php\/wp-json\/wp\/v2\/product_cat?post=689783"},{"taxonomy":"product_tag","embeddable":true,"href":"https:\/\/roveyayinevi.com.tr\/index.php\/wp-json\/wp\/v2\/product_tag?post=689783"}],"curies":[{"name":"wp","href":"https:\/\/api.w.org\/{rel}","templated":true}]}}