{"id":689781,"date":"2025-08-27T13:48:21","date_gmt":"2025-08-27T10:48:21","guid":{"rendered":"https:\/\/roveyayinevi.com.tr\/index.php\/urun\/mutlu-prens-butun-masallar-butun-oykuler\/"},"modified":"2026-04-16T01:59:23","modified_gmt":"2026-04-15T22:59:23","slug":"mutlu-prens-butun-masallar-butun-oykuler","status":"publish","type":"product","link":"https:\/\/roveyayinevi.com.tr\/index.php\/urun\/mutlu-prens-butun-masallar-butun-oykuler\/","title":{"rendered":"Mutlu Prens (B\u00fct\u00fcn Masallar, B\u00fct\u00fcn \u00d6yk\u00fcler)"},"content":{"rendered":"<p>Oscar Wilde (1854 &#8211; 1900): Yap\u0131tlar\u0131n\u0131n \u00e7e\u015fitlili\u011fi kadar, ya\u015fant\u0131s\u0131yla da 19. y\u00fczy\u0131l\u0131n en iz b\u0131rakan yazarlar\u0131ndand\u0131<\/p>\n","protected":false},"excerpt":{"rendered":"<p>Oscar Wilde (1854 &#8211; 1900): Yap\u0131tlar\u0131n\u0131n \u00e7e\u015fitlili\u011fi kadar, ya\u015fant\u0131s\u0131yla da 19. y\u00fczy\u0131l\u0131n en iz b\u0131rakan yazarlar\u0131ndand\u0131<\/p>\n","protected":false},"featured_media":0,"template":"","meta":{"_monsterinsights_skip_tracking":false,"_monsterinsights_sitenote_active":false,"_monsterinsights_sitenote_note":"","_monsterinsights_sitenote_category":0},"product_brand":[],"product_cat":[12291,12866],"product_tag":[],"class_list":{"0":"post-689781","1":"product","2":"type-product","3":"status-publish","5":"product_cat-edebiyat","6":"product_cat-ingiliz-edebiyati","7":"pa_cilt-ciltsiz","8":"pa_tur-kitap","9":"pa_yayinevi-is-bankasi-kultur-yayinlari","10":"pa_yazar-oscar-wilde","12":"first","13":"instock","14":"sale","15":"shipping-taxable","16":"purchasable","17":"product-type-simple"},"_links":{"self":[{"href":"https:\/\/roveyayinevi.com.tr\/index.php\/wp-json\/wp\/v2\/product\/689781","targetHints":{"allow":["GET"]}}],"collection":[{"href":"https:\/\/roveyayinevi.com.tr\/index.php\/wp-json\/wp\/v2\/product"}],"about":[{"href":"https:\/\/roveyayinevi.com.tr\/index.php\/wp-json\/wp\/v2\/types\/product"}],"wp:attachment":[{"href":"https:\/\/roveyayinevi.com.tr\/index.php\/wp-json\/wp\/v2\/media?parent=689781"}],"wp:term":[{"taxonomy":"product_brand","embeddable":true,"href":"https:\/\/roveyayinevi.com.tr\/index.php\/wp-json\/wp\/v2\/product_brand?post=689781"},{"taxonomy":"product_cat","embeddable":true,"href":"https:\/\/roveyayinevi.com.tr\/index.php\/wp-json\/wp\/v2\/product_cat?post=689781"},{"taxonomy":"product_tag","embeddable":true,"href":"https:\/\/roveyayinevi.com.tr\/index.php\/wp-json\/wp\/v2\/product_tag?post=689781"}],"curies":[{"name":"wp","href":"https:\/\/api.w.org\/{rel}","templated":true}]}}