{"id":689777,"date":"2025-08-27T13:48:20","date_gmt":"2025-08-27T10:48:20","guid":{"rendered":"https:\/\/roveyayinevi.com.tr\/index.php\/urun\/bremen-mizikacilari\/"},"modified":"2026-04-08T01:59:13","modified_gmt":"2026-04-07T22:59:13","slug":"bremen-mizikacilari","status":"publish","type":"product","link":"https:\/\/roveyayinevi.com.tr\/index.php\/urun\/bremen-mizikacilari\/","title":{"rendered":"Bremen M\u0131z\u0131kac\u0131lar\u0131"},"content":{"rendered":"<p>\u00c7iftlikteki ya\u015fam \u00e7ok zorla\u015fmaya ba\u015flam\u0131\u015ft\u0131. E\u015fek, kedi, k\u00f6pek ve horoz bir orkestraya kat\u0131lmak i\u00e7in \u00e7iftlikten ayr\u0131ld\u0131lar. Ancak ne yaz\u0131k ki, orkestra yerine bir haydut grubuyla kar\u015f\u0131la\u015ft\u0131lar. T\u00fcrkiye \u0130\u015f Bankas\u0131 K\u00fclt\u00fcr Yay\u0131nlar\u0131 \u0130lk Okuma Kitaplar\u0131m serisi okumay\u0131 \u00d6\u011frenme s\u00fcrecindeki \u00e7ocuklara yard\u0131mc\u0131 kitaplar olarak haz\u0131rlanm\u0131\u015ft\u0131r. Uzman e\u011fitimciler taraf\u0131ndan haz\u0131rlanan bu kitaplarda \u00e7ocuklar\u0131n ilgisini \u00e7ekecek hikayeler, resimler, rahat okumaya uygun yaz\u0131 bi\u00e7imleri, sonu\u00e7 \u00e7\u0131karma yetilerini geli\u015ftirecek bulmacalar yer almaktad\u0131r. Kitaplar ba\u015flang\u0131\u00e7 seviyesinden rahat okuyabilme seviyesine kadar, \u00e7ocuklar\u0131n okumay\u0131 \u00d6\u011frenirken ge\u00e7ti\u011fi d\u00f6rt seviyede gruplanm\u0131\u015ft\u0131r. <\/p>\n","protected":false},"excerpt":{"rendered":"<p>\u00c7iftlikteki ya\u015fam \u00e7ok zorla\u015fmaya ba\u015flam\u0131\u015ft\u0131. E\u015fek, kedi, k\u00f6pek ve horoz bir orkestraya kat\u0131lmak i\u00e7in \u00e7iftlikten ayr\u0131ld\u0131lar. Ancak ne yaz\u0131k ki, orkestra yerine bir haydut grubuyla kar\u015f\u0131la\u015ft\u0131lar.<span class=\"excerpt-hellip\"> [\u2026]<\/span><\/p>\n","protected":false},"featured_media":0,"template":"","meta":{"_monsterinsights_skip_tracking":false,"_monsterinsights_sitenote_active":false,"_monsterinsights_sitenote_note":"","_monsterinsights_sitenote_category":0},"product_brand":[],"product_cat":[12274,12284],"product_tag":[],"class_list":{"0":"post-689777","1":"product","2":"type-product","3":"status-publish","5":"product_cat-cocuk-ve-genclik-kitaplari","6":"product_cat-hikayeler","7":"pa_cilt-ciltsiz","8":"pa_tur-kitap","9":"pa_yayinevi-is-bankasi-kultur-yayinlari","10":"pa_yazar-susanna-davidson","12":"first","13":"instock","14":"sale","15":"shipping-taxable","16":"purchasable","17":"product-type-simple"},"_links":{"self":[{"href":"https:\/\/roveyayinevi.com.tr\/index.php\/wp-json\/wp\/v2\/product\/689777","targetHints":{"allow":["GET"]}}],"collection":[{"href":"https:\/\/roveyayinevi.com.tr\/index.php\/wp-json\/wp\/v2\/product"}],"about":[{"href":"https:\/\/roveyayinevi.com.tr\/index.php\/wp-json\/wp\/v2\/types\/product"}],"wp:attachment":[{"href":"https:\/\/roveyayinevi.com.tr\/index.php\/wp-json\/wp\/v2\/media?parent=689777"}],"wp:term":[{"taxonomy":"product_brand","embeddable":true,"href":"https:\/\/roveyayinevi.com.tr\/index.php\/wp-json\/wp\/v2\/product_brand?post=689777"},{"taxonomy":"product_cat","embeddable":true,"href":"https:\/\/roveyayinevi.com.tr\/index.php\/wp-json\/wp\/v2\/product_cat?post=689777"},{"taxonomy":"product_tag","embeddable":true,"href":"https:\/\/roveyayinevi.com.tr\/index.php\/wp-json\/wp\/v2\/product_tag?post=689777"}],"curies":[{"name":"wp","href":"https:\/\/api.w.org\/{rel}","templated":true}]}}