{"id":689775,"date":"2025-08-27T13:48:20","date_gmt":"2025-08-27T10:48:20","guid":{"rendered":"https:\/\/roveyayinevi.com.tr\/index.php\/urun\/bitkilerin-en-guzel-tarihi\/"},"modified":"2026-04-16T01:59:23","modified_gmt":"2026-04-15T22:59:23","slug":"bitkilerin-en-guzel-tarihi","status":"publish","type":"product","link":"https:\/\/roveyayinevi.com.tr\/index.php\/urun\/bitkilerin-en-guzel-tarihi\/","title":{"rendered":"Bitkilerin En G\u00fczel Tarihi"},"content":{"rendered":"<p>\u0130nsano\u011flu tar\u0131m\u0131 nas\u0131l ve ne zaman ke\u015ffetti? \u0130lk yeti\u015ftirilen bitkiler nelerdir? \u0130nsan\u0131n en eski atas\u0131 sak\u0131n bir su yosunu olmas\u0131n! Bitkilerin de zekas\u0131 var m\u0131? Varsa birbirleriyle nas\u0131l ileti\u015fim kuruyorlar? \u00c7i\u00e7ekli bitkiler, b\u00f6cek ve hayvanlar\u0131 kendi isteklerine g\u00f6re nas\u0131l y\u00f6nlendiriyor? Denizi terk eden ye\u015fil yosunlar sonra nas\u0131l karaya \u00e7\u0131kt\u0131? Alt\u0131n elma domates kendi \u00f6z vatan\u0131 Amerika\u2019y\u0131 fethetmek i\u00e7in neden y\u00fczy\u0131llar boyunca bekledi? Tibet buddleya s\u0131 mor \u00e7i\u00e7eklerini a\u00e7abilmek i\u00e7in hangi g\u00fc\u00e7le asfalt\u0131 deliyor? Gelece\u011fin tar\u0131m\u0131 nas\u0131l olacak? Yeni bitki t\u00fcrleri do\u011facak m\u0131? Bal\u0131ktan ku\u015fa, b\u00f6cekten insana dek b\u00fct\u00fcn hayvan formlar\u0131 hayatlar\u0131n\u0131 bitkilere mi bor\u00e7lu? \u00d6zetle bizler bitkilerin \u00f6yk\u00fcs\u00fcn\u00fc ger\u00e7ekten biliyor muyuz? \u0130\u015fte akl\u0131n\u0131za gelebilecek pek \u00e7ok sorunun yan\u0131tlar\u0131yla Bitkilerin En G\u00fczel Tarihi elinizde; s\u0131rada ise Hayvanlar\u0131n En G\u00fczel Tarihi var. Jean-Marie Pelt: Metz \u00dcniversitesi bitki biyolojisi ve farmakognozi b\u00f6l\u00fcm\u00fcnden emekli profes\u00f6r ve Avrupa \u00c7evrebilim Enstit\u00fcs\u00fc&#8217;n\u00fcn ba\u015fkanl\u0131\u011f\u0131n\u0131 y\u00fcr\u00fct\u00fcyor. Marcel Mazoyer: Tar\u0131m, Su ve Orman M\u00fchendisi, Frans\u0131z Ulusal Tar\u0131m Enstit\u00fcs\u00fc Kar\u015f\u0131la\u015ft\u0131rmal\u0131 Tar\u0131m ve Tar\u0131msal Geli\u015fim K\u00fcrs\u00fcs\u00fc&#8217;nde g\u00f6revli, Historie des Agricultures du Monde&#8217;u (D\u00fcnya Tar\u0131m Tarihi) yay\u0131mlad\u0131. Th\u00e9odore Monod: \u00c7\u00f6l bilgesi Monod botanik\u00e7i, zoolog, jeolog, arkeolog ve antropolog. Deniza\u015f\u0131r\u0131 Bilimler Akademisi, Bel\u00e7ika, Portekiz, \u0130ngiliz ve Amerikan Bilim Akademileri \u00fcyesi. Jacques Girardon: Gazeteci. \ufffcTan\u0131t\u0131m Metni<\/p>\n","protected":false},"excerpt":{"rendered":"<p>\u0130nsano\u011flu tar\u0131m\u0131 nas\u0131l ve ne zaman ke\u015ffetti? \u0130lk yeti\u015ftirilen bitkiler nelerdir? \u0130nsan\u0131n en eski atas\u0131 sak\u0131n bir su yosunu olmas\u0131n! Bitkilerin de zekas\u0131 var m\u0131? Varsa<span class=\"excerpt-hellip\"> [\u2026]<\/span><\/p>\n","protected":false},"featured_media":0,"template":"","meta":{"_monsterinsights_skip_tracking":false,"_monsterinsights_sitenote_active":false,"_monsterinsights_sitenote_note":"","_monsterinsights_sitenote_category":0},"product_brand":[],"product_cat":[12364],"product_tag":[],"class_list":{"0":"post-689775","1":"product","2":"type-product","3":"status-publish","5":"product_cat-genel-konular","6":"pa_cilt-ciltsiz","7":"pa_tur-kitap","8":"pa_yayinevi-is-bankasi-kultur-yayinlari","9":"pa_yazar-marcel-mazoyer","11":"first","12":"instock","13":"sale","14":"shipping-taxable","15":"purchasable","16":"product-type-simple"},"_links":{"self":[{"href":"https:\/\/roveyayinevi.com.tr\/index.php\/wp-json\/wp\/v2\/product\/689775","targetHints":{"allow":["GET"]}}],"collection":[{"href":"https:\/\/roveyayinevi.com.tr\/index.php\/wp-json\/wp\/v2\/product"}],"about":[{"href":"https:\/\/roveyayinevi.com.tr\/index.php\/wp-json\/wp\/v2\/types\/product"}],"wp:attachment":[{"href":"https:\/\/roveyayinevi.com.tr\/index.php\/wp-json\/wp\/v2\/media?parent=689775"}],"wp:term":[{"taxonomy":"product_brand","embeddable":true,"href":"https:\/\/roveyayinevi.com.tr\/index.php\/wp-json\/wp\/v2\/product_brand?post=689775"},{"taxonomy":"product_cat","embeddable":true,"href":"https:\/\/roveyayinevi.com.tr\/index.php\/wp-json\/wp\/v2\/product_cat?post=689775"},{"taxonomy":"product_tag","embeddable":true,"href":"https:\/\/roveyayinevi.com.tr\/index.php\/wp-json\/wp\/v2\/product_tag?post=689775"}],"curies":[{"name":"wp","href":"https:\/\/api.w.org\/{rel}","templated":true}]}}