{"id":689774,"date":"2025-08-27T13:48:19","date_gmt":"2025-08-27T10:48:19","guid":{"rendered":"https:\/\/roveyayinevi.com.tr\/index.php\/urun\/othello\/"},"modified":"2026-04-16T01:59:23","modified_gmt":"2026-04-15T22:59:23","slug":"othello","status":"publish","type":"product","link":"https:\/\/roveyayinevi.com.tr\/index.php\/urun\/othello\/","title":{"rendered":"Othello"},"content":{"rendered":"<p>William Shakespeare (1564-1616): Oyunlar\u0131 ve \u015fiirlerinde insanl\u0131k durumlar\u0131n\u0131 dile getiri\u015f g\u00fcc\u00fcyle yakla\u015f\u0131k 400 y\u0131ld\u0131r b\u00fct\u00fcn d\u00fcnya okur ve seyircilerini etkilemeyi s\u00fcrd\u00fcren efsanevi yazar, Othello&#8217;da k\u0131skan\u00e7l\u0131\u011f\u0131, h\u0131rs\u0131 ve co\u015fkuyu dinamik ve g\u00f6rkemli bir bi\u00e7imde yans\u0131tm\u0131\u015ft\u0131r. Yine debu eser sadece bir k\u0131skan\u00e7l\u0131k tragedyas\u0131 de\u011fildir. Shakespeare, Othello&#8217;da her \u00e7a\u011fda ge\u00e7erli olan trajik bir durumu, saf d\u00fcr\u00fcstl\u00fc\u011f\u00fcn, yalan ve d\u00fczen d\u00fcnyas\u0131na yenili\u015fini, yazg\u0131lar\u0131n birbirinden ayr\u0131l\u0131p birbiriyle kar\u015f\u0131la\u015ft\u0131\u011f\u0131 labirentler i\u00e7inde aktar\u0131r. \u00d6zdemir Nutku (1931): T\u00fcrk tiyatrosuna b\u00fcy\u00fck katk\u0131lar\u0131 olan e\u011fitimci ve y\u00f6netmen \u00d6zdemir Nutku, ele\u015ftirmen, yazar ve \u00e7evirmen olarak da \u00f6nemli yap\u0131tlar ortaya koydu. Sahneledi\u011fi pek \u00e7ok oyunun yan\u0131 s\u0131ra, ara\u015ft\u0131rma, inceleme ve \u00e7evirileriyle de \u00f6d\u00fcller kazand\u0131. \u00dclkemizde oldu\u011fu kadar yurtd\u0131\u015f\u0131nda da sahneye koydu\u011fu oyunlar, verdi\u011fi ders ve konferanslarla tan\u0131nmaktad\u0131r. \ufffcTan\u0131t\u0131m Metni<\/p>\n","protected":false},"excerpt":{"rendered":"<p>William Shakespeare (1564-1616): Oyunlar\u0131 ve \u015fiirlerinde insanl\u0131k durumlar\u0131n\u0131 dile getiri\u015f g\u00fcc\u00fcyle yakla\u015f\u0131k 400 y\u0131ld\u0131r b\u00fct\u00fcn d\u00fcnya okur ve seyircilerini etkilemeyi s\u00fcrd\u00fcren efsanevi yazar, Othello&#8217;da k\u0131skan\u00e7l\u0131\u011f\u0131, h\u0131rs\u0131<span class=\"excerpt-hellip\"> [\u2026]<\/span><\/p>\n","protected":false},"featured_media":0,"template":"","meta":{"_monsterinsights_skip_tracking":false,"_monsterinsights_sitenote_active":false,"_monsterinsights_sitenote_note":"","_monsterinsights_sitenote_category":0},"product_brand":[],"product_cat":[13835],"product_tag":[],"class_list":{"0":"post-689774","1":"product","2":"type-product","3":"status-publish","5":"product_cat-cok-satanlar","6":"pa_cilt-ciltsiz","7":"pa_tur-kitap","8":"pa_yayinevi-is-bankasi-kultur-yayinlari","9":"pa_yazar-william-shakespeare","11":"first","12":"instock","13":"sale","14":"shipping-taxable","15":"purchasable","16":"product-type-simple"},"_links":{"self":[{"href":"https:\/\/roveyayinevi.com.tr\/index.php\/wp-json\/wp\/v2\/product\/689774","targetHints":{"allow":["GET"]}}],"collection":[{"href":"https:\/\/roveyayinevi.com.tr\/index.php\/wp-json\/wp\/v2\/product"}],"about":[{"href":"https:\/\/roveyayinevi.com.tr\/index.php\/wp-json\/wp\/v2\/types\/product"}],"wp:attachment":[{"href":"https:\/\/roveyayinevi.com.tr\/index.php\/wp-json\/wp\/v2\/media?parent=689774"}],"wp:term":[{"taxonomy":"product_brand","embeddable":true,"href":"https:\/\/roveyayinevi.com.tr\/index.php\/wp-json\/wp\/v2\/product_brand?post=689774"},{"taxonomy":"product_cat","embeddable":true,"href":"https:\/\/roveyayinevi.com.tr\/index.php\/wp-json\/wp\/v2\/product_cat?post=689774"},{"taxonomy":"product_tag","embeddable":true,"href":"https:\/\/roveyayinevi.com.tr\/index.php\/wp-json\/wp\/v2\/product_tag?post=689774"}],"curies":[{"name":"wp","href":"https:\/\/api.w.org\/{rel}","templated":true}]}}