{"id":689771,"date":"2025-08-27T13:48:19","date_gmt":"2025-08-27T10:48:19","guid":{"rendered":"https:\/\/roveyayinevi.com.tr\/index.php\/urun\/boris-godunov\/"},"modified":"2026-04-16T01:59:23","modified_gmt":"2026-04-15T22:59:23","slug":"boris-godunov","status":"publish","type":"product","link":"https:\/\/roveyayinevi.com.tr\/index.php\/urun\/boris-godunov\/","title":{"rendered":"Boris Godunov"},"content":{"rendered":"<p>Aleksandr Pu\u015fkin (1799-18379: Otuz sekiz y\u0131l s\u00fcren k\u0131sa hayat\u0131, komploya \u00e7ok benzeyen bir d\u00fcelloyla son buldu\u011funda Pu\u015fkin \u015fiirleri, romanlar\u0131, \u00f6yk\u00fcleri ve oyunlar\u0131yla \u00e7oktan 19. y\u00fczy\u0131l\u0131n ve Rus Edebiyat\u0131n\u0131n \u00f6nc\u00fc yazarlar\u0131ndan biri olmu\u015ftu. Pu\u015fkin Shakespeare&#8217;in tarihi oyunlar\u0131ndan etkilenerek yazd\u0131\u011f\u0131 Boris Godunov tragedyas\u0131nda insan\u0131n iktidarla ili\u015fkisini gayet yal\u0131n, ger\u00e7ek\u00e7i bir \u015fiir diliyle aktarmaktad\u0131r. Pu\u015fkin&#8217;in 1825 y\u0131l\u0131nda s\u00fcrg\u00fcndeyken yazd\u0131\u011f\u0131 oyun, sans\u00fcr dolay\u0131s\u0131yla ve sahnelenmesinin g\u00fc\u00e7 oldu\u011fu d\u00fc\u015f\u00fcn\u00fcld\u00fc\u011f\u00fcnden ancak \u00f6l\u00fcm\u00fcnden sonra 1865&#8217;te sahnelenebilmi\u015ftir. Daha sonra pek \u00e7ok kez ba\u015far\u0131yla sahnelenen oyun, Musorgski&#8217;nin ayn\u0131 adl\u0131 operas\u0131na da esin kayna\u011f\u0131 olmu\u015ftur. \ufffcTan\u0131t\u0131m Metni<\/p>\n","protected":false},"excerpt":{"rendered":"<p>Aleksandr Pu\u015fkin (1799-18379: Otuz sekiz y\u0131l s\u00fcren k\u0131sa hayat\u0131, komploya \u00e7ok benzeyen bir d\u00fcelloyla son buldu\u011funda Pu\u015fkin \u015fiirleri, romanlar\u0131, \u00f6yk\u00fcleri ve oyunlar\u0131yla \u00e7oktan 19. y\u00fczy\u0131l\u0131n ve<span class=\"excerpt-hellip\"> [\u2026]<\/span><\/p>\n","protected":false},"featured_media":0,"template":"","meta":{"_monsterinsights_skip_tracking":false,"_monsterinsights_sitenote_active":false,"_monsterinsights_sitenote_note":"","_monsterinsights_sitenote_category":0},"product_brand":[],"product_cat":[12291,13570],"product_tag":[],"class_list":{"0":"post-689771","1":"product","2":"type-product","3":"status-publish","5":"product_cat-edebiyat","6":"product_cat-rus-edebiyati","7":"pa_cilt-ciltsiz","8":"pa_tur-kitap","9":"pa_yayinevi-is-bankasi-kultur-yayinlari","10":"pa_yazar-aleksandr-sergeyevic-puskin","12":"first","13":"instock","14":"sale","15":"shipping-taxable","16":"purchasable","17":"product-type-simple"},"_links":{"self":[{"href":"https:\/\/roveyayinevi.com.tr\/index.php\/wp-json\/wp\/v2\/product\/689771","targetHints":{"allow":["GET"]}}],"collection":[{"href":"https:\/\/roveyayinevi.com.tr\/index.php\/wp-json\/wp\/v2\/product"}],"about":[{"href":"https:\/\/roveyayinevi.com.tr\/index.php\/wp-json\/wp\/v2\/types\/product"}],"wp:attachment":[{"href":"https:\/\/roveyayinevi.com.tr\/index.php\/wp-json\/wp\/v2\/media?parent=689771"}],"wp:term":[{"taxonomy":"product_brand","embeddable":true,"href":"https:\/\/roveyayinevi.com.tr\/index.php\/wp-json\/wp\/v2\/product_brand?post=689771"},{"taxonomy":"product_cat","embeddable":true,"href":"https:\/\/roveyayinevi.com.tr\/index.php\/wp-json\/wp\/v2\/product_cat?post=689771"},{"taxonomy":"product_tag","embeddable":true,"href":"https:\/\/roveyayinevi.com.tr\/index.php\/wp-json\/wp\/v2\/product_tag?post=689771"}],"curies":[{"name":"wp","href":"https:\/\/api.w.org\/{rel}","templated":true}]}}