{"id":689770,"date":"2025-08-27T13:48:19","date_gmt":"2025-08-27T10:48:19","guid":{"rendered":"https:\/\/roveyayinevi.com.tr\/index.php\/urun\/bir-havva-kizi\/"},"modified":"2026-04-16T01:59:23","modified_gmt":"2026-04-15T22:59:23","slug":"bir-havva-kizi","status":"publish","type":"product","link":"https:\/\/roveyayinevi.com.tr\/index.php\/urun\/bir-havva-kizi\/","title":{"rendered":"Bir Havva K\u0131z\u0131"},"content":{"rendered":"<p>Honor\u00e9 de Balzac (1799-1850): Fransa&#8217;n\u0131n 19. y\u00fczy\u0131ldaki sosyal yap\u0131s\u0131n\u0131n tarihsel bir tablosunu \u00e7\u0131kard\u0131\u011f\u0131 eski ve yeni romanlar\u0131n\u0131 1830&#8217;dan sonra \u0130nsanl\u0131k Komedyas\u0131 ba\u015fl\u0131\u011f\u0131 alt\u0131nda toplad\u0131. Bir Havva K\u0131z\u0131 bu an\u0131tsal eserin Toplum Ahlak ve G\u00f6renekleri \u00dczerine \u0130ncelemeler b\u00f6l\u00fcm\u00fcn\u00fcn \u00d6zel Hayattan Sahneler ba\u015fl\u0131\u011f\u0131 alt\u0131nda yer al\u0131r. Balzac&#8217;\u0131n roman kahramanlar\u0131 \u00e7\u0131kar \u00e7at\u0131\u015fmalar\u0131n\u0131n ortas\u0131nda, ait olduklar\u0131 s\u0131n\u0131f\u0131n tipik karakterleri olarak ele al\u0131nsa da, her birinin bireysel \u00f6zellikleri, ruh hallerinden giyim ku\u015famlar\u0131na kadar ayr\u0131nt\u0131l\u0131 olarak tasvir edilir. Bir Havva K\u0131z\u0131&#8217;nda romanc\u0131l\u0131\u011f\u0131n\u0131n ve ince alayc\u0131l\u0131\u011f\u0131 b\u00fct\u00fcn \u00f6zellikleri izlenebilen Balzac g\u00fcn\u00fcm\u00fczde edebi ger\u00e7ek\u00e7ili\u011fin en b\u00fcy\u00fck yazarlar\u0131ndan biri say\u0131lmaktad\u0131r. <\/p>\n","protected":false},"excerpt":{"rendered":"<p>Honor\u00e9 de Balzac (1799-1850): Fransa&#8217;n\u0131n 19. y\u00fczy\u0131ldaki sosyal yap\u0131s\u0131n\u0131n tarihsel bir tablosunu \u00e7\u0131kard\u0131\u011f\u0131 eski ve yeni romanlar\u0131n\u0131 1830&#8217;dan sonra \u0130nsanl\u0131k Komedyas\u0131 ba\u015fl\u0131\u011f\u0131 alt\u0131nda toplad\u0131. Bir Havva<span class=\"excerpt-hellip\"> [\u2026]<\/span><\/p>\n","protected":false},"featured_media":0,"template":"","meta":{"_monsterinsights_skip_tracking":false,"_monsterinsights_sitenote_active":false,"_monsterinsights_sitenote_note":"","_monsterinsights_sitenote_category":0},"product_brand":[],"product_cat":[12291,13376],"product_tag":[],"class_list":{"0":"post-689770","1":"product","2":"type-product","3":"status-publish","5":"product_cat-edebiyat","6":"product_cat-fransiz-edebiyati","7":"pa_cilt-ciltsiz","8":"pa_tur-kitap","9":"pa_yayinevi-is-bankasi-kultur-yayinlari","10":"pa_yazar-honore-de-balzac","12":"first","13":"instock","14":"sale","15":"shipping-taxable","16":"purchasable","17":"product-type-simple"},"_links":{"self":[{"href":"https:\/\/roveyayinevi.com.tr\/index.php\/wp-json\/wp\/v2\/product\/689770","targetHints":{"allow":["GET"]}}],"collection":[{"href":"https:\/\/roveyayinevi.com.tr\/index.php\/wp-json\/wp\/v2\/product"}],"about":[{"href":"https:\/\/roveyayinevi.com.tr\/index.php\/wp-json\/wp\/v2\/types\/product"}],"wp:attachment":[{"href":"https:\/\/roveyayinevi.com.tr\/index.php\/wp-json\/wp\/v2\/media?parent=689770"}],"wp:term":[{"taxonomy":"product_brand","embeddable":true,"href":"https:\/\/roveyayinevi.com.tr\/index.php\/wp-json\/wp\/v2\/product_brand?post=689770"},{"taxonomy":"product_cat","embeddable":true,"href":"https:\/\/roveyayinevi.com.tr\/index.php\/wp-json\/wp\/v2\/product_cat?post=689770"},{"taxonomy":"product_tag","embeddable":true,"href":"https:\/\/roveyayinevi.com.tr\/index.php\/wp-json\/wp\/v2\/product_tag?post=689770"}],"curies":[{"name":"wp","href":"https:\/\/api.w.org\/{rel}","templated":true}]}}