{"id":689769,"date":"2025-08-27T13:48:19","date_gmt":"2025-08-27T10:48:19","guid":{"rendered":"https:\/\/roveyayinevi.com.tr\/index.php\/urun\/buyuk-oyunlar-ivanov-orman-cini-vanya-dayi-marti-uc-kizkardes-visne-bahcesi\/"},"modified":"2026-04-16T01:59:23","modified_gmt":"2026-04-15T22:59:23","slug":"buyuk-oyunlar-ivanov-orman-cini-vanya-dayi-marti-uc-kizkardes-visne-bahcesi","status":"publish","type":"product","link":"https:\/\/roveyayinevi.com.tr\/index.php\/urun\/buyuk-oyunlar-ivanov-orman-cini-vanya-dayi-marti-uc-kizkardes-visne-bahcesi\/","title":{"rendered":"B\u00fcy\u00fck Oyunlar &#8211;  \u0130vanov, Orman Cini, Vanya Day\u0131, Mart\u0131, \u00dc\u00e7 K\u0131zkarde\u015f, Vi\u015fne Bah\u00e7esi"},"content":{"rendered":"<p>Anton Pavlovi\u00e7 \u00c7ehov (1860-1904):Hayat\u0131n yal\u0131nl\u0131\u011f\u0131 ve karma\u015fas\u0131 i\u00e7indeki insanl\u0131k durumlar\u0131n\u0131 b\u00fcy\u00fck bir duyarl\u0131l\u0131kla i\u015fledi\u011fi oyun ve \u00f6yk\u00fcleriyle d\u00fcnya edebiyat\u0131na damgas\u0131n\u0131 vuran en \u00f6nemli 19. y\u00fczy\u0131l yazarlar\u0131ndan biridir. Bu kitapta, \u0130vanon ve Mart\u0131&#8217;dan Vi\u015fne Ba\u011f\u00e7esi&#8217;ne, \u00c7ehov&#8217;un alt\u0131 b\u00fcy\u00fck oyunu yaz\u0131l\u0131\u015f s\u0131ras\u0131yla yer almakla ve bu b\u00fcy\u00fck ustan\u0131n oyun yazarl\u0131\u011f\u0131n\u0131n farkl\u0131 evrelerine \u0131\u015f\u0131k tutmaktad\u0131r. Ataol Behramo\u011flu (1942): \u015eiirimizin son 40 y\u0131l\u0131ndaki en \u00f6nemli toplumcu ozanlardan biri olman\u0131n yan\u0131 s\u0131ra, Pu\u015fkin\u2019den \u00c7ehov\u2019a, Lermontov ve Turgenyev\u2019den \u00c7a\u011fda\u015f Rus \u015eiiri Antolojisi\u2019ne \u00e7eviri edebiyat\u0131m\u0131z\u0131n da en yetkin adlar\u0131ndan biridir. <\/p>\n","protected":false},"excerpt":{"rendered":"<p>Anton Pavlovi\u00e7 \u00c7ehov (1860-1904):Hayat\u0131n yal\u0131nl\u0131\u011f\u0131 ve karma\u015fas\u0131 i\u00e7indeki insanl\u0131k durumlar\u0131n\u0131 b\u00fcy\u00fck bir duyarl\u0131l\u0131kla i\u015fledi\u011fi oyun ve \u00f6yk\u00fcleriyle d\u00fcnya edebiyat\u0131na damgas\u0131n\u0131 vuran en \u00f6nemli 19. y\u00fczy\u0131l yazarlar\u0131ndan<span class=\"excerpt-hellip\"> [\u2026]<\/span><\/p>\n","protected":false},"featured_media":0,"template":"","meta":{"_monsterinsights_skip_tracking":false,"_monsterinsights_sitenote_active":false,"_monsterinsights_sitenote_note":"","_monsterinsights_sitenote_category":0},"product_brand":[],"product_cat":[12291,14272],"product_tag":[],"class_list":{"0":"post-689769","1":"product","2":"type-product","3":"status-publish","5":"product_cat-edebiyat","6":"product_cat-tiyatro","7":"pa_cilt-ciltsiz","8":"pa_tur-kitap","9":"pa_yayinevi-is-bankasi-kultur-yayinlari","10":"pa_yazar-anton-pavlovic-cehov","12":"first","13":"instock","14":"sale","15":"shipping-taxable","16":"purchasable","17":"product-type-simple"},"_links":{"self":[{"href":"https:\/\/roveyayinevi.com.tr\/index.php\/wp-json\/wp\/v2\/product\/689769","targetHints":{"allow":["GET"]}}],"collection":[{"href":"https:\/\/roveyayinevi.com.tr\/index.php\/wp-json\/wp\/v2\/product"}],"about":[{"href":"https:\/\/roveyayinevi.com.tr\/index.php\/wp-json\/wp\/v2\/types\/product"}],"wp:attachment":[{"href":"https:\/\/roveyayinevi.com.tr\/index.php\/wp-json\/wp\/v2\/media?parent=689769"}],"wp:term":[{"taxonomy":"product_brand","embeddable":true,"href":"https:\/\/roveyayinevi.com.tr\/index.php\/wp-json\/wp\/v2\/product_brand?post=689769"},{"taxonomy":"product_cat","embeddable":true,"href":"https:\/\/roveyayinevi.com.tr\/index.php\/wp-json\/wp\/v2\/product_cat?post=689769"},{"taxonomy":"product_tag","embeddable":true,"href":"https:\/\/roveyayinevi.com.tr\/index.php\/wp-json\/wp\/v2\/product_tag?post=689769"}],"curies":[{"name":"wp","href":"https:\/\/api.w.org\/{rel}","templated":true}]}}