{"id":689767,"date":"2025-08-27T13:48:18","date_gmt":"2025-08-27T10:48:18","guid":{"rendered":"https:\/\/roveyayinevi.com.tr\/index.php\/urun\/oxford-temel-bilim-sozlugu\/"},"modified":"2026-04-16T01:59:23","modified_gmt":"2026-04-15T22:59:23","slug":"oxford-temel-bilim-sozlugu","status":"publish","type":"product","link":"https:\/\/roveyayinevi.com.tr\/index.php\/urun\/oxford-temel-bilim-sozlugu\/","title":{"rendered":"Oxford Temel Bilim S\u00f6zl\u00fc\u011f\u00fc"},"content":{"rendered":"<p>Kullanmas\u0131 kolay Oxford Temel Bilim S\u00f6zl\u00fc\u011f\u00fc\u2019nde fen bilimleriyle ilgili 600\u2019den fazla s\u00f6zc\u00fck yer al\u0131r. Alfabetik s\u0131rayla dizilmi\u015f kelimelerin anlamlar\u0131 hem bilimsel terminolojide yer ald\u0131\u011f\u0131 \u015fekliyle, hem de kolay anla\u015f\u0131l\u0131r bir dille anlat\u0131lmaktad\u0131r. Bu, \u00e7ocuklar\u0131n kelime hazinelerini zenginle\u015ftirmek i\u00e7in en uygun y\u00f6ntemdir. \u00d6\u011frenilmesi gereken kelimeler Oxford Temel Bilim S\u00f6zl\u00fc\u011f\u00fc \u2018nde yer alan kelimeler fen bilgisi m\u00fcfredat\u0131ndan se\u00e7ilmi\u015ftir. Derslerde kullan\u0131lan kelimelerin yan\u0131 s\u0131ra g\u00fcnl\u00fck hayatta kullan\u0131lan bilimsel terimlere de yer verilmi\u015ftir. Renkli resimler ve \u015femalar metinleri desteklerken, resim altlar\u0131 daha \u00e7ok a\u00e7\u0131klama i\u00e7erir. Daha fazla yard\u0131m Kitab\u0131n sonunda \u00f6l\u00e7\u00fcm ara\u00e7lar\u0131, insan v\u00fccudu, hayvanlar\u0131n s\u0131n\u0131flanmas\u0131, ya\u015fam\u0131n tarihi ve G\u00fcne\u015f Sistemi ile ilgili terimlerin listesi yer al\u0131r. <\/p>\n","protected":false},"excerpt":{"rendered":"<p>Kullanmas\u0131 kolay Oxford Temel Bilim S\u00f6zl\u00fc\u011f\u00fc\u2019nde fen bilimleriyle ilgili 600\u2019den fazla s\u00f6zc\u00fck yer al\u0131r. Alfabetik s\u0131rayla dizilmi\u015f kelimelerin anlamlar\u0131 hem bilimsel terminolojide yer ald\u0131\u011f\u0131 \u015fekliyle, hem<span class=\"excerpt-hellip\"> [\u2026]<\/span><\/p>\n","protected":false},"featured_media":0,"template":"","meta":{"_monsterinsights_skip_tracking":false,"_monsterinsights_sitenote_active":false,"_monsterinsights_sitenote_note":"","_monsterinsights_sitenote_category":0},"product_brand":[],"product_cat":[13829,12274],"product_tag":[],"class_list":{"0":"post-689767","1":"product","2":"type-product","3":"status-publish","5":"product_cat-bilimsel-kitaplar","6":"product_cat-cocuk-ve-genclik-kitaplari","7":"pa_cilt-ciltsiz","8":"pa_tur-kitap","9":"pa_yayinevi-is-bankasi-kultur-yayinlari","10":"pa_yazar-graham-peacock","12":"first","13":"instock","14":"sale","15":"shipping-taxable","16":"purchasable","17":"product-type-simple"},"_links":{"self":[{"href":"https:\/\/roveyayinevi.com.tr\/index.php\/wp-json\/wp\/v2\/product\/689767","targetHints":{"allow":["GET"]}}],"collection":[{"href":"https:\/\/roveyayinevi.com.tr\/index.php\/wp-json\/wp\/v2\/product"}],"about":[{"href":"https:\/\/roveyayinevi.com.tr\/index.php\/wp-json\/wp\/v2\/types\/product"}],"wp:attachment":[{"href":"https:\/\/roveyayinevi.com.tr\/index.php\/wp-json\/wp\/v2\/media?parent=689767"}],"wp:term":[{"taxonomy":"product_brand","embeddable":true,"href":"https:\/\/roveyayinevi.com.tr\/index.php\/wp-json\/wp\/v2\/product_brand?post=689767"},{"taxonomy":"product_cat","embeddable":true,"href":"https:\/\/roveyayinevi.com.tr\/index.php\/wp-json\/wp\/v2\/product_cat?post=689767"},{"taxonomy":"product_tag","embeddable":true,"href":"https:\/\/roveyayinevi.com.tr\/index.php\/wp-json\/wp\/v2\/product_tag?post=689767"}],"curies":[{"name":"wp","href":"https:\/\/api.w.org\/{rel}","templated":true}]}}