{"id":689766,"date":"2025-08-27T13:48:18","date_gmt":"2025-08-27T10:48:18","guid":{"rendered":"https:\/\/roveyayinevi.com.tr\/index.php\/urun\/osmanlidan-gunumuze-parlamento-ictuzuk-metinleri\/"},"modified":"2026-04-16T01:59:23","modified_gmt":"2026-04-15T22:59:23","slug":"osmanlidan-gunumuze-parlamento-ictuzuk-metinleri","status":"publish","type":"product","link":"https:\/\/roveyayinevi.com.tr\/index.php\/urun\/osmanlidan-gunumuze-parlamento-ictuzuk-metinleri\/","title":{"rendered":"Osmanl\u0131&#8217;dan G\u00fcn\u00fcm\u00fcze Parlamento \u0130\u00e7t\u00fcz\u00fck Metinleri"},"content":{"rendered":"<p>130 y\u0131l\u0131 a\u015fan modern parlamento tarihimizin ba\u015fta gelen birincil kaynaklar\u0131 aras\u0131nda i\u00e7t\u00fcz\u00fck metinleri vard\u0131r. Yasama organ\u0131n\u0131n yap\u0131lanmas\u0131n\u0131n ve i\u015flerli\u011finin hukuki \u00e7er\u00e7evesini \u00e7izen i\u00e7t\u00fcz\u00fckler   sessiz anayasa hukuku   olarak adland\u0131r\u0131labilir. <\/p>\n","protected":false},"excerpt":{"rendered":"<p>130 y\u0131l\u0131 a\u015fan modern parlamento tarihimizin ba\u015fta gelen birincil kaynaklar\u0131 aras\u0131nda i\u00e7t\u00fcz\u00fck metinleri vard\u0131r. Yasama organ\u0131n\u0131n yap\u0131lanmas\u0131n\u0131n ve i\u015flerli\u011finin hukuki \u00e7er\u00e7evesini \u00e7izen i\u00e7t\u00fcz\u00fckler sessiz anayasa hukuku<span class=\"excerpt-hellip\"> [\u2026]<\/span><\/p>\n","protected":false},"featured_media":0,"template":"","meta":{"_monsterinsights_skip_tracking":false,"_monsterinsights_sitenote_active":false,"_monsterinsights_sitenote_note":"","_monsterinsights_sitenote_category":0},"product_brand":[],"product_cat":[15351,15350],"product_tag":[],"class_list":{"0":"post-689766","1":"product","2":"type-product","3":"status-publish","5":"product_cat-ders-kitaplari","6":"product_cat-hukuk","7":"pa_cilt-ciltsiz","8":"pa_tur-kitap","9":"pa_yayinevi-is-bankasi-kultur-yayinlari","10":"pa_yazar-saban-iba","12":"first","13":"instock","14":"sale","15":"shipping-taxable","16":"purchasable","17":"product-type-simple"},"_links":{"self":[{"href":"https:\/\/roveyayinevi.com.tr\/index.php\/wp-json\/wp\/v2\/product\/689766","targetHints":{"allow":["GET"]}}],"collection":[{"href":"https:\/\/roveyayinevi.com.tr\/index.php\/wp-json\/wp\/v2\/product"}],"about":[{"href":"https:\/\/roveyayinevi.com.tr\/index.php\/wp-json\/wp\/v2\/types\/product"}],"wp:attachment":[{"href":"https:\/\/roveyayinevi.com.tr\/index.php\/wp-json\/wp\/v2\/media?parent=689766"}],"wp:term":[{"taxonomy":"product_brand","embeddable":true,"href":"https:\/\/roveyayinevi.com.tr\/index.php\/wp-json\/wp\/v2\/product_brand?post=689766"},{"taxonomy":"product_cat","embeddable":true,"href":"https:\/\/roveyayinevi.com.tr\/index.php\/wp-json\/wp\/v2\/product_cat?post=689766"},{"taxonomy":"product_tag","embeddable":true,"href":"https:\/\/roveyayinevi.com.tr\/index.php\/wp-json\/wp\/v2\/product_tag?post=689766"}],"curies":[{"name":"wp","href":"https:\/\/api.w.org\/{rel}","templated":true}]}}