{"id":689763,"date":"2025-08-27T13:48:17","date_gmt":"2025-08-27T10:48:17","guid":{"rendered":"https:\/\/roveyayinevi.com.tr\/index.php\/urun\/meyhane\/"},"modified":"2025-09-26T09:25:09","modified_gmt":"2025-09-26T06:25:09","slug":"meyhane","status":"publish","type":"product","link":"https:\/\/roveyayinevi.com.tr\/index.php\/urun\/meyhane\/","title":{"rendered":"Meyhane"},"content":{"rendered":"<p>Meyhane , yay\u0131mlad\u0131\u011f\u0131 y\u0131llarda Fransa\u2019da b\u00fcy\u00fck bir tart\u0131\u015fma ba\u015flat\u0131r. Frans\u0131z yazarlar\u0131 birbirine d\u00fc\u015f\u00fcren roman, \u00fclkenin edebiyat d\u00fcnyas\u0131n\u0131 da ikiye b\u00f6ler. Ama yazar\u0131n\u0131 ne kadar olumsuz ele\u015ftirenler olursa olsun halk, roman\u0131 sahiplenir ve takip eden bir y\u0131l i\u00e7inde roman tam otuz sekiz bask\u0131 yapar. Kar\u015f\u0131 \u00e7\u0131kanlar\u0131n b\u00fcy\u00fck \u00e7o\u011funlu\u011fu, Zola\u2019n\u0131n i\u015f\u00e7i ve emek\u00e7ilerin g\u00fc\u00e7l\u00fcklerle dolu ya\u015fam\u0131n\u0131 yal\u0131n bir \u015fekilde ele almas\u0131n\u0131 ele\u015ftirmi\u015ftir. Emile Zola\u2019n\u0131n i\u015f\u00e7i sorunlar\u0131n\u0131 farkl\u0131 bir bak\u0131\u015f a\u00e7\u0131s\u0131yla ustaca ele ald\u0131\u011f\u0131 bu eseri, ilk \u00e7\u0131kt\u0131\u011f\u0131nda kendisine yap\u0131lan b\u00fct\u00fcn ele\u015ftirileri unutturdu ve zamanla bir klasik oldu. Ayr\u0131ca o d\u00f6nemde, Amerika\u2019da i\u015f\u00e7i s\u0131n\u0131f\u0131n\u0131n ya\u015fam\u0131n\u0131n konu al\u0131nd\u0131\u011f\u0131 roman t\u00fcr\u00fcn\u00fcn do\u011fmas\u0131na da neden oldu&#8230; Emile Zola ele\u015ftirilere kar\u015f\u0131 kendisini savunurken  Ger\u00e7ekleri yazd\u0131m; roman\u0131n kahramanlar\u0131 k\u00f6t\u00fc insanlar de\u011fil, sadece e\u011fitimsiz ve ya\u015fad\u0131klar\u0131 ortam\u0131n y\u0131pratt\u0131\u011f\u0131 insanlard\u0131,  demi\u015ftir. Ayr\u0131ca yazd\u0131\u011f\u0131 roman\u0131n kendi kendisini savunacak g\u00fc\u00e7te oldu\u011funu belirtmi\u015ftir. <\/p>\n","protected":false},"excerpt":{"rendered":"<p>Meyhane , yay\u0131mlad\u0131\u011f\u0131 y\u0131llarda Fransa\u2019da b\u00fcy\u00fck bir tart\u0131\u015fma ba\u015flat\u0131r. Frans\u0131z yazarlar\u0131 birbirine d\u00fc\u015f\u00fcren roman, \u00fclkenin edebiyat d\u00fcnyas\u0131n\u0131 da ikiye b\u00f6ler. Ama yazar\u0131n\u0131 ne kadar olumsuz ele\u015ftirenler<span class=\"excerpt-hellip\"> [\u2026]<\/span><\/p>\n","protected":false},"featured_media":0,"template":"","meta":{"_monsterinsights_skip_tracking":false,"_monsterinsights_sitenote_active":false,"_monsterinsights_sitenote_note":"","_monsterinsights_sitenote_category":0},"product_brand":[],"product_cat":[12291,13376],"product_tag":[],"class_list":{"0":"post-689763","1":"product","2":"type-product","3":"status-publish","5":"product_cat-edebiyat","6":"product_cat-fransiz-edebiyati","7":"pa_tur-kitap","8":"pa_yayinevi-iskele-yayincilik","9":"pa_yazar-emile-zola","11":"first","12":"instock","13":"sale","14":"shipping-taxable","15":"purchasable","16":"product-type-simple"},"_links":{"self":[{"href":"https:\/\/roveyayinevi.com.tr\/index.php\/wp-json\/wp\/v2\/product\/689763","targetHints":{"allow":["GET"]}}],"collection":[{"href":"https:\/\/roveyayinevi.com.tr\/index.php\/wp-json\/wp\/v2\/product"}],"about":[{"href":"https:\/\/roveyayinevi.com.tr\/index.php\/wp-json\/wp\/v2\/types\/product"}],"wp:attachment":[{"href":"https:\/\/roveyayinevi.com.tr\/index.php\/wp-json\/wp\/v2\/media?parent=689763"}],"wp:term":[{"taxonomy":"product_brand","embeddable":true,"href":"https:\/\/roveyayinevi.com.tr\/index.php\/wp-json\/wp\/v2\/product_brand?post=689763"},{"taxonomy":"product_cat","embeddable":true,"href":"https:\/\/roveyayinevi.com.tr\/index.php\/wp-json\/wp\/v2\/product_cat?post=689763"},{"taxonomy":"product_tag","embeddable":true,"href":"https:\/\/roveyayinevi.com.tr\/index.php\/wp-json\/wp\/v2\/product_tag?post=689763"}],"curies":[{"name":"wp","href":"https:\/\/api.w.org\/{rel}","templated":true}]}}