{"id":689762,"date":"2025-08-27T13:48:17","date_gmt":"2025-08-27T10:48:17","guid":{"rendered":"https:\/\/roveyayinevi.com.tr\/index.php\/urun\/eglenceli-bilim-serisi-hava-durumu\/"},"modified":"2026-04-16T01:59:23","modified_gmt":"2026-04-15T22:59:23","slug":"eglenceli-bilim-serisi-hava-durumu","status":"publish","type":"product","link":"https:\/\/roveyayinevi.com.tr\/index.php\/urun\/eglenceli-bilim-serisi-hava-durumu\/","title":{"rendered":"E\u011flenceli Bilim Serisi &#8211; Hava Durumu"},"content":{"rendered":"<p>Hava durumu g\u00fcnl\u00fck ya\u015fam\u0131m\u0131zda \u00e7ok \u00f6nemlidir. Sabah k\u0131yafetlerimizi giyerken, yolculuklar\u0131m\u0131z\u0131 planlarken ya da bir etkinlik d\u00fczenlerken mutlaka hava durumunu kontrol ederiz. \u00c7ift\u00e7iler, denizciler ve yolcular i\u00e7in hava durumu \u00e7ok daha \u00f6nemlidir. Bu ilgin\u00e7 kitapta, hava durumuyla ilgili merak etti\u011finiz her \u015feyi bulabilirsiniz.<\/p>\n","protected":false},"excerpt":{"rendered":"<p>Hava durumu g\u00fcnl\u00fck ya\u015fam\u0131m\u0131zda \u00e7ok \u00f6nemlidir. Sabah k\u0131yafetlerimizi giyerken, yolculuklar\u0131m\u0131z\u0131 planlarken ya da bir etkinlik d\u00fczenlerken mutlaka hava durumunu kontrol ederiz. \u00c7ift\u00e7iler, denizciler ve yolcular i\u00e7in<span class=\"excerpt-hellip\"> [\u2026]<\/span><\/p>\n","protected":false},"featured_media":0,"template":"","meta":{"_monsterinsights_skip_tracking":false,"_monsterinsights_sitenote_active":false,"_monsterinsights_sitenote_note":"","_monsterinsights_sitenote_category":0},"product_brand":[],"product_cat":[13829,12274],"product_tag":[],"class_list":{"0":"post-689762","1":"product","2":"type-product","3":"status-publish","5":"product_cat-bilimsel-kitaplar","6":"product_cat-cocuk-ve-genclik-kitaplari","7":"pa_cilt-ciltsiz","8":"pa_tur-kitap","9":"pa_yayinevi-is-bankasi-kultur-yayinlari","10":"pa_yazar-imke-rudel","12":"first","13":"instock","14":"sale","15":"shipping-taxable","16":"purchasable","17":"product-type-simple"},"_links":{"self":[{"href":"https:\/\/roveyayinevi.com.tr\/index.php\/wp-json\/wp\/v2\/product\/689762","targetHints":{"allow":["GET"]}}],"collection":[{"href":"https:\/\/roveyayinevi.com.tr\/index.php\/wp-json\/wp\/v2\/product"}],"about":[{"href":"https:\/\/roveyayinevi.com.tr\/index.php\/wp-json\/wp\/v2\/types\/product"}],"wp:attachment":[{"href":"https:\/\/roveyayinevi.com.tr\/index.php\/wp-json\/wp\/v2\/media?parent=689762"}],"wp:term":[{"taxonomy":"product_brand","embeddable":true,"href":"https:\/\/roveyayinevi.com.tr\/index.php\/wp-json\/wp\/v2\/product_brand?post=689762"},{"taxonomy":"product_cat","embeddable":true,"href":"https:\/\/roveyayinevi.com.tr\/index.php\/wp-json\/wp\/v2\/product_cat?post=689762"},{"taxonomy":"product_tag","embeddable":true,"href":"https:\/\/roveyayinevi.com.tr\/index.php\/wp-json\/wp\/v2\/product_tag?post=689762"}],"curies":[{"name":"wp","href":"https:\/\/api.w.org\/{rel}","templated":true}]}}