{"id":689755,"date":"2025-08-27T13:48:16","date_gmt":"2025-08-27T10:48:16","guid":{"rendered":"https:\/\/roveyayinevi.com.tr\/index.php\/urun\/goriot-baba\/"},"modified":"2026-04-16T01:59:23","modified_gmt":"2026-04-15T22:59:23","slug":"goriot-baba","status":"publish","type":"product","link":"https:\/\/roveyayinevi.com.tr\/index.php\/urun\/goriot-baba\/","title":{"rendered":"Goriot Baba"},"content":{"rendered":"<p>B\u00fcy\u00fck Frans\u0131z romanc\u0131s\u0131 Honore de Balzac\u2019\u0131n (1799-1850) \u00fcnl\u00fc dev yap\u0131t\u0131 &#8220;\u0130nsanl\u0131k G\u00fcld\u00fcr\u00fcs\u00fc&#8221;, seksen sekiz ciltten olu\u015fur. &#8220;Goriot Baba&#8221;, bu b\u00fcy\u00fck yap\u0131t\u0131n bir par\u00e7as\u0131d\u0131r. Balzac\u2019\u0131n kafas\u0131nda &#8220;\u0130nsanl\u0131k G\u00fcld\u00fcr\u00fcs\u00fc&#8221; adl\u0131 bu dev yap\u0131t\u0131n \u00fc\u00e7 bin\u2019e yakla\u015fan karakterlerinin \u00f6nemli bir k\u0131sm\u0131n\u0131, hem de en ilgin\u00e7lerini bize tan\u0131t\u0131r: Rastignac, Madame de Beauseant, Madame de Langeais ve bir\u00e7oklar\u0131, \u00fcnl\u00fc Balzac ki\u015fileri olarak ilk kez bu romanda kar\u015f\u0131m\u0131za \u00e7\u0131kar. Bu \u00f6zelli\u011fi g\u00f6z\u00f6n\u00fcne al\u0131n\u0131nca, &#8220;\u0130nsanl\u0131k G\u00fcld\u00fcr\u00fcs\u00fc&#8221;n\u00fcn e\u015fsiz evrenine girmek i\u00e7in en elveri\u015fli kap\u0131n\u0131n &#8220;Goriot Baba&#8221; oldu\u011fu s\u00f6ylenebilir. Yaln\u0131zca yaratt\u0131\u011f\u0131 ilgin\u00e7 baba tipiyle de\u011fil, anlat\u0131m ustal\u0131\u011f\u0131yla da, bu roman okuyan\u0131 s\u00fcr\u00fckler. Eser, ilk \u00f6nce 1834\u2019te Revue de Paris\u2019te tefrika edilir, daha sonra da 1835\u2019te kitap olarak yay\u0131mlan\u0131r. &#8220;Balzac, en b\u00fcy\u00fckler i\u00e7inde ilklerden, en iyiler aras\u0131nda en iyilerden biriydi. Onun b\u00fct\u00fcn kitaplar\u0131, asl\u0131nda tek bir eserdir. B\u00f6ylesine b\u00fcy\u00fck ve g\u00f6z kama\u015ft\u0131r\u0131c\u0131 bir yap\u0131t\u0131n yarat\u0131c\u0131s\u0131, b\u00fcy\u00fck yazarlar\u0131n o g\u00fc\u00e7l\u00fc soyundand\u0131r.&#8221;<\/p>\n","protected":false},"excerpt":{"rendered":"<p>B\u00fcy\u00fck Frans\u0131z romanc\u0131s\u0131 Honore de Balzac\u2019\u0131n (1799-1850) \u00fcnl\u00fc dev yap\u0131t\u0131 &#8220;\u0130nsanl\u0131k G\u00fcld\u00fcr\u00fcs\u00fc&#8221;, seksen sekiz ciltten olu\u015fur. &#8220;Goriot Baba&#8221;, bu b\u00fcy\u00fck yap\u0131t\u0131n bir par\u00e7as\u0131d\u0131r. Balzac\u2019\u0131n kafas\u0131nda &#8220;\u0130nsanl\u0131k<span class=\"excerpt-hellip\"> [\u2026]<\/span><\/p>\n","protected":false},"featured_media":0,"template":"","meta":{"_monsterinsights_skip_tracking":false,"_monsterinsights_sitenote_active":false,"_monsterinsights_sitenote_note":"","_monsterinsights_sitenote_category":0},"product_brand":[],"product_cat":[12291,13376],"product_tag":[],"class_list":{"0":"post-689755","1":"product","2":"type-product","3":"status-publish","5":"product_cat-edebiyat","6":"product_cat-fransiz-edebiyati","7":"pa_cilt-ciltsiz","8":"pa_tur-kitap","9":"pa_yayinevi-iskele-yayincilik","10":"pa_yazar-honore-de-balzac","12":"first","13":"instock","14":"sale","15":"shipping-taxable","16":"purchasable","17":"product-type-simple"},"_links":{"self":[{"href":"https:\/\/roveyayinevi.com.tr\/index.php\/wp-json\/wp\/v2\/product\/689755","targetHints":{"allow":["GET"]}}],"collection":[{"href":"https:\/\/roveyayinevi.com.tr\/index.php\/wp-json\/wp\/v2\/product"}],"about":[{"href":"https:\/\/roveyayinevi.com.tr\/index.php\/wp-json\/wp\/v2\/types\/product"}],"wp:attachment":[{"href":"https:\/\/roveyayinevi.com.tr\/index.php\/wp-json\/wp\/v2\/media?parent=689755"}],"wp:term":[{"taxonomy":"product_brand","embeddable":true,"href":"https:\/\/roveyayinevi.com.tr\/index.php\/wp-json\/wp\/v2\/product_brand?post=689755"},{"taxonomy":"product_cat","embeddable":true,"href":"https:\/\/roveyayinevi.com.tr\/index.php\/wp-json\/wp\/v2\/product_cat?post=689755"},{"taxonomy":"product_tag","embeddable":true,"href":"https:\/\/roveyayinevi.com.tr\/index.php\/wp-json\/wp\/v2\/product_tag?post=689755"}],"curies":[{"name":"wp","href":"https:\/\/api.w.org\/{rel}","templated":true}]}}