{"id":689754,"date":"2025-08-27T13:48:16","date_gmt":"2025-08-27T10:48:16","guid":{"rendered":"https:\/\/roveyayinevi.com.tr\/index.php\/urun\/genc-wertherin-acilari-2\/"},"modified":"2026-04-16T01:59:23","modified_gmt":"2026-04-15T22:59:23","slug":"genc-wertherin-acilari-2","status":"publish","type":"product","link":"https:\/\/roveyayinevi.com.tr\/index.php\/urun\/genc-wertherin-acilari-2\/","title":{"rendered":"Gen\u00e7 Werther\u2019in Ac\u0131lar\u0131"},"content":{"rendered":"<p>\u00d6n\u00fcme sanki bir perde gerildi. Sonsuz hayat manzaras\u0131, sonsuza kadar a\u00e7\u0131k duran bir mezara d\u00f6n\u00fcyor. Her \u015fey gelip ge\u00e7ince, bir \u015fim\u015fek h\u0131z\u0131yla kaybolup gidince, varl\u0131\u011f\u0131na bu kadar az zamana sahip olan bir v\u00fccut ak\u0131nt\u0131ya kap\u0131l\u0131p sulara g\u00f6m\u00fclerek kayalarda par\u00e7alan\u0131nca sen buna art\u0131k varl\u0131k diyebilir misin? Kendini etraf\u0131ndakileri kemirip yemedi\u011fin bir an bile yoktur. Elinde olmayarak, s\u00fcrekli \u00f6n\u00fcne geleni y\u0131kars\u0131n. En masumane bir gezintin bile binlerce zavall\u0131 b\u00f6ce\u011fin hayat\u0131na malolur. Bin bir zahmetle meydana gelmi\u015f kar\u0131nca yuvalar\u0131n\u0131 bozmak, k\u00fc\u00e7\u00fck bir d\u00fcnyay\u0131 mezara \u00e7evirmek i\u00e7in bir ad\u0131m atman yeterlidir. Bana dokunan, d\u00fcnyan\u0131n bir tak\u0131m b\u00fcy\u00fck felaketleri, k\u00f6yleri silip s\u00fcp\u00fcren bask\u0131nla \u015fehirleri y\u0131kan yel zelzeleleri de\u011fil. Tabiat\u0131n t\u00fcm\u00fcnde sakl\u0131 duran, etraf\u0131ndakileri ve kendini y\u0131kacak hi\u00e7bir \u015fey meydana getirmeyen kemirici bir kuvvet beni y\u0131k\u0131yor. <\/p>\n","protected":false},"excerpt":{"rendered":"<p>\u00d6n\u00fcme sanki bir perde gerildi. Sonsuz hayat manzaras\u0131, sonsuza kadar a\u00e7\u0131k duran bir mezara d\u00f6n\u00fcyor. Her \u015fey gelip ge\u00e7ince, bir \u015fim\u015fek h\u0131z\u0131yla kaybolup gidince, varl\u0131\u011f\u0131na bu<span class=\"excerpt-hellip\"> [\u2026]<\/span><\/p>\n","protected":false},"featured_media":0,"template":"","meta":{"_monsterinsights_skip_tracking":false,"_monsterinsights_sitenote_active":false,"_monsterinsights_sitenote_note":"","_monsterinsights_sitenote_category":0},"product_brand":[],"product_cat":[12782,12291],"product_tag":[],"class_list":{"0":"post-689754","1":"product","2":"type-product","3":"status-publish","5":"product_cat-alman-edebiyati","6":"product_cat-edebiyat","7":"pa_tur-kitap","8":"pa_yayinevi-iskele-yayincilik","9":"pa_yazar-johann-wolfgang-von-goethe","11":"first","12":"instock","13":"sale","14":"shipping-taxable","15":"purchasable","16":"product-type-simple"},"_links":{"self":[{"href":"https:\/\/roveyayinevi.com.tr\/index.php\/wp-json\/wp\/v2\/product\/689754","targetHints":{"allow":["GET"]}}],"collection":[{"href":"https:\/\/roveyayinevi.com.tr\/index.php\/wp-json\/wp\/v2\/product"}],"about":[{"href":"https:\/\/roveyayinevi.com.tr\/index.php\/wp-json\/wp\/v2\/types\/product"}],"wp:attachment":[{"href":"https:\/\/roveyayinevi.com.tr\/index.php\/wp-json\/wp\/v2\/media?parent=689754"}],"wp:term":[{"taxonomy":"product_brand","embeddable":true,"href":"https:\/\/roveyayinevi.com.tr\/index.php\/wp-json\/wp\/v2\/product_brand?post=689754"},{"taxonomy":"product_cat","embeddable":true,"href":"https:\/\/roveyayinevi.com.tr\/index.php\/wp-json\/wp\/v2\/product_cat?post=689754"},{"taxonomy":"product_tag","embeddable":true,"href":"https:\/\/roveyayinevi.com.tr\/index.php\/wp-json\/wp\/v2\/product_tag?post=689754"}],"curies":[{"name":"wp","href":"https:\/\/api.w.org\/{rel}","templated":true}]}}