{"id":689753,"date":"2025-08-27T13:48:15","date_gmt":"2025-08-27T10:48:15","guid":{"rendered":"https:\/\/roveyayinevi.com.tr\/index.php\/urun\/ezilenler-2\/"},"modified":"2026-04-16T01:59:23","modified_gmt":"2026-04-15T22:59:23","slug":"ezilenler-2","status":"publish","type":"product","link":"https:\/\/roveyayinevi.com.tr\/index.php\/urun\/ezilenler-2\/","title":{"rendered":"Ezilenler"},"content":{"rendered":"<p>Bir tarafta ge\u00e7imini makalelerle, gazete yaz\u0131lar\u0131yla sa\u011flayan, a\u015fk\u0131n bir anlamda \u00f6zveri oldu\u011funa inanan bir gen\u00e7; di\u011fer tarafta yeni bir d\u00fcnya kurmay\u0131 ama\u00e7larken elindekileri de kaybeden, imkans\u0131z\u0131n pe\u015finden ko\u015fan, daha da k\u00f6t\u00fcs\u00fc babas\u0131n\u0131 \u00fczen bir k\u0131z. Yoksulluk i\u00e7inde bir \u00f6m\u00fcr s\u00fcren, annesini kaybeden, y\u00fcrekleri yakacak bir \u015fekilde hayata g\u00f6zlerini yuman bir yavru&#8230; G\u00f6z\u00fcn\u00fc b\u00fcr\u00fcyen para h\u0131rs\u0131 i\u00e7in iki gencin gelece\u011fini karartan, entrika, dalavere ve ayak oyunlar\u0131n\u0131 kendine meslek edinen, iki y\u00fczl\u00fc, tehlikeli bir tip&#8230; Ayaklar\u0131 \u00fczerinde duramayan, karars\u0131zl\u0131k i\u00e7inde k\u0131vranan, labirentteki fare misali ko\u015fturan, \u015f\u0131psevdi bir zavall\u0131&#8230; Evet,  Ezilenler , z\u0131tl\u0131klar\u0131n uyumu, Romantizm\u2019le Realizm\u2019in bir potada eritildi\u011fi bir roman. Teori ve prati\u011fin \u00e7ok farkl\u0131 kavramlar oldu\u011funu g\u00f6zler \u00f6n\u00fcne seren canl\u0131 bir \u00f6rnek.  Ezilenler i okurken, bir yandan g\u00f6zleriniz ya\u015faracak, di\u011fer yandan hayat\u0131n ac\u0131 ger\u00e7ekleriyle y\u00fczle\u015feceksiniz.  Ezilenler , her insan\u0131n ayr\u0131 bir d\u00fcnya oldu\u011funu g\u00f6zler \u00f6n\u00fcne seren bir \u015faheser, sayfalar\u0131 heyecanla \u00e7evirece\u011finiz bir klasik. <\/p>\n","protected":false},"excerpt":{"rendered":"<p>Bir tarafta ge\u00e7imini makalelerle, gazete yaz\u0131lar\u0131yla sa\u011flayan, a\u015fk\u0131n bir anlamda \u00f6zveri oldu\u011funa inanan bir gen\u00e7; di\u011fer tarafta yeni bir d\u00fcnya kurmay\u0131 ama\u00e7larken elindekileri de kaybeden, imkans\u0131z\u0131n<span class=\"excerpt-hellip\"> [\u2026]<\/span><\/p>\n","protected":false},"featured_media":0,"template":"","meta":{"_monsterinsights_skip_tracking":false,"_monsterinsights_sitenote_active":false,"_monsterinsights_sitenote_note":"","_monsterinsights_sitenote_category":0},"product_brand":[],"product_cat":[12291,13570],"product_tag":[],"class_list":{"0":"post-689753","1":"product","2":"type-product","3":"status-publish","5":"product_cat-edebiyat","6":"product_cat-rus-edebiyati","7":"pa_tur-kitap","8":"pa_yayinevi-iskele-yayincilik","9":"pa_yazar-fyodor-mihaylovic-dostoyevski","11":"first","12":"instock","13":"sale","14":"shipping-taxable","15":"purchasable","16":"product-type-simple"},"_links":{"self":[{"href":"https:\/\/roveyayinevi.com.tr\/index.php\/wp-json\/wp\/v2\/product\/689753","targetHints":{"allow":["GET"]}}],"collection":[{"href":"https:\/\/roveyayinevi.com.tr\/index.php\/wp-json\/wp\/v2\/product"}],"about":[{"href":"https:\/\/roveyayinevi.com.tr\/index.php\/wp-json\/wp\/v2\/types\/product"}],"wp:attachment":[{"href":"https:\/\/roveyayinevi.com.tr\/index.php\/wp-json\/wp\/v2\/media?parent=689753"}],"wp:term":[{"taxonomy":"product_brand","embeddable":true,"href":"https:\/\/roveyayinevi.com.tr\/index.php\/wp-json\/wp\/v2\/product_brand?post=689753"},{"taxonomy":"product_cat","embeddable":true,"href":"https:\/\/roveyayinevi.com.tr\/index.php\/wp-json\/wp\/v2\/product_cat?post=689753"},{"taxonomy":"product_tag","embeddable":true,"href":"https:\/\/roveyayinevi.com.tr\/index.php\/wp-json\/wp\/v2\/product_tag?post=689753"}],"curies":[{"name":"wp","href":"https:\/\/api.w.org\/{rel}","templated":true}]}}