{"id":689752,"date":"2025-08-27T13:48:15","date_gmt":"2025-08-27T10:48:15","guid":{"rendered":"https:\/\/roveyayinevi.com.tr\/index.php\/urun\/durdane-hanim\/"},"modified":"2026-04-16T01:59:23","modified_gmt":"2026-04-15T22:59:23","slug":"durdane-hanim","status":"publish","type":"product","link":"https:\/\/roveyayinevi.com.tr\/index.php\/urun\/durdane-hanim\/","title":{"rendered":"D\u00fcrdane Han\u0131m"},"content":{"rendered":"<p>Ahmet Mithat Efendi, romanlar\u0131nda T\u00fcrkiye\u2019deki bat\u0131l\u0131la\u015fma s\u00fcrecinin toplum ya\u015fam\u0131 \u00fczerindeki etkilerini irdeler. Kad\u0131n erkek e\u015fitsizli\u011fine de\u011finir. Toplumda de\u011fi\u015fmesini istedi\u011fi d\u00fc\u015f\u00fcnce ve ya\u015fam bi\u00e7imlerini a\u00e7\u0131k\u00e7a ortaya koyar. Bat\u0131l\u0131la\u015fman\u0131n etkisiyle toplum ya\u015fam\u0131nda de\u011fi\u015fen ve gittik\u00e7e daha karma\u015f\u0131k duruma gelen ahlak de\u011ferlerini i\u015fler. D\u00fcrdane Han\u0131m, bu yap\u0131tlar\u0131ndan en \u00f6nemlisidir. <\/p>\n","protected":false},"excerpt":{"rendered":"<p>Ahmet Mithat Efendi, romanlar\u0131nda T\u00fcrkiye\u2019deki bat\u0131l\u0131la\u015fma s\u00fcrecinin toplum ya\u015fam\u0131 \u00fczerindeki etkilerini irdeler. Kad\u0131n erkek e\u015fitsizli\u011fine de\u011finir. Toplumda de\u011fi\u015fmesini istedi\u011fi d\u00fc\u015f\u00fcnce ve ya\u015fam bi\u00e7imlerini a\u00e7\u0131k\u00e7a ortaya koyar.<span class=\"excerpt-hellip\"> [\u2026]<\/span><\/p>\n","protected":false},"featured_media":0,"template":"","meta":{"_monsterinsights_skip_tracking":false,"_monsterinsights_sitenote_active":false,"_monsterinsights_sitenote_note":"","_monsterinsights_sitenote_category":0},"product_brand":[],"product_cat":[12291,12292],"product_tag":[],"class_list":{"0":"post-689752","1":"product","2":"type-product","3":"status-publish","5":"product_cat-edebiyat","6":"product_cat-turk-edebiyati","7":"pa_tur-kitap","8":"pa_yayinevi-iskele-yayincilik","9":"pa_yazar-ahmet-mithat-efendi","11":"first","12":"instock","13":"sale","14":"shipping-taxable","15":"purchasable","16":"product-type-simple"},"_links":{"self":[{"href":"https:\/\/roveyayinevi.com.tr\/index.php\/wp-json\/wp\/v2\/product\/689752","targetHints":{"allow":["GET"]}}],"collection":[{"href":"https:\/\/roveyayinevi.com.tr\/index.php\/wp-json\/wp\/v2\/product"}],"about":[{"href":"https:\/\/roveyayinevi.com.tr\/index.php\/wp-json\/wp\/v2\/types\/product"}],"wp:attachment":[{"href":"https:\/\/roveyayinevi.com.tr\/index.php\/wp-json\/wp\/v2\/media?parent=689752"}],"wp:term":[{"taxonomy":"product_brand","embeddable":true,"href":"https:\/\/roveyayinevi.com.tr\/index.php\/wp-json\/wp\/v2\/product_brand?post=689752"},{"taxonomy":"product_cat","embeddable":true,"href":"https:\/\/roveyayinevi.com.tr\/index.php\/wp-json\/wp\/v2\/product_cat?post=689752"},{"taxonomy":"product_tag","embeddable":true,"href":"https:\/\/roveyayinevi.com.tr\/index.php\/wp-json\/wp\/v2\/product_tag?post=689752"}],"curies":[{"name":"wp","href":"https:\/\/api.w.org\/{rel}","templated":true}]}}