{"id":689751,"date":"2025-08-27T13:48:15","date_gmt":"2025-08-27T10:48:15","guid":{"rendered":"https:\/\/roveyayinevi.com.tr\/index.php\/urun\/delikanli\/"},"modified":"2026-04-16T01:59:23","modified_gmt":"2026-04-15T22:59:23","slug":"delikanli","status":"publish","type":"product","link":"https:\/\/roveyayinevi.com.tr\/index.php\/urun\/delikanli\/","title":{"rendered":"Delikanl\u0131"},"content":{"rendered":"<p>Fyodor Mihaylevi\u00e7 Dostoyevski 30 Ekim 1821\u2019de do\u011fdu. Orta s\u0131n\u0131fa mensup bir ailenin \u00e7ocu\u011fuydu ve mutsuz bir \u00e7ocukluk d\u00f6nemi ge\u00e7irdi; gen\u00e7 ya\u015fta edebiyata y\u00f6neldi.   delikanl\u0131  , Dostoyevski\u2019nin b\u00fct\u00fcn b\u00fcy\u00fck romanlar\u0131 gibi bir \u00f6zg\u00fcrl\u00fck sava\u015f\u0131n\u0131n \u00f6yk\u00fcs\u00fcd\u00fcr. \u00d6zg\u00fcrl\u00fc\u011f\u00fc parayla sat\u0131n alma arzusundaki ba\u015fkahraman Dolgurukiy, hayata biraz da ironiyle bakan, gitti\u011fi her yerde babas\u0131n\u0131n olmad\u0131\u011f\u0131n\u0131 s\u00f6yleyen biridir. Ya\u015fad\u0131klar\u0131 onu y\u0131ld\u0131rmayacak, g\u00fcn gelecek k\u00f6lelik yaftas\u0131ndan yava\u015f yava\u015f s\u0131yr\u0131lacak, Dostoyevski\u2019nin   Delikanl\u0131  s\u0131 olarak \u00e7\u0131kacakt\u0131r kar\u015f\u0131m\u0131za. <\/p>\n","protected":false},"excerpt":{"rendered":"<p>Fyodor Mihaylevi\u00e7 Dostoyevski 30 Ekim 1821\u2019de do\u011fdu. Orta s\u0131n\u0131fa mensup bir ailenin \u00e7ocu\u011fuydu ve mutsuz bir \u00e7ocukluk d\u00f6nemi ge\u00e7irdi; gen\u00e7 ya\u015fta edebiyata y\u00f6neldi. delikanl\u0131 , Dostoyevski\u2019nin<span class=\"excerpt-hellip\"> [\u2026]<\/span><\/p>\n","protected":false},"featured_media":0,"template":"","meta":{"_monsterinsights_skip_tracking":false,"_monsterinsights_sitenote_active":false,"_monsterinsights_sitenote_note":"","_monsterinsights_sitenote_category":0},"product_brand":[],"product_cat":[12291,13570],"product_tag":[],"class_list":{"0":"post-689751","1":"product","2":"type-product","3":"status-publish","5":"product_cat-edebiyat","6":"product_cat-rus-edebiyati","7":"pa_cilt-ciltsiz","8":"pa_tur-kitap","9":"pa_yayinevi-iskele-yayincilik","10":"pa_yazar-fyodor-mihaylovic-dostoyevski","12":"first","13":"instock","14":"sale","15":"shipping-taxable","16":"purchasable","17":"product-type-simple"},"_links":{"self":[{"href":"https:\/\/roveyayinevi.com.tr\/index.php\/wp-json\/wp\/v2\/product\/689751","targetHints":{"allow":["GET"]}}],"collection":[{"href":"https:\/\/roveyayinevi.com.tr\/index.php\/wp-json\/wp\/v2\/product"}],"about":[{"href":"https:\/\/roveyayinevi.com.tr\/index.php\/wp-json\/wp\/v2\/types\/product"}],"wp:attachment":[{"href":"https:\/\/roveyayinevi.com.tr\/index.php\/wp-json\/wp\/v2\/media?parent=689751"}],"wp:term":[{"taxonomy":"product_brand","embeddable":true,"href":"https:\/\/roveyayinevi.com.tr\/index.php\/wp-json\/wp\/v2\/product_brand?post=689751"},{"taxonomy":"product_cat","embeddable":true,"href":"https:\/\/roveyayinevi.com.tr\/index.php\/wp-json\/wp\/v2\/product_cat?post=689751"},{"taxonomy":"product_tag","embeddable":true,"href":"https:\/\/roveyayinevi.com.tr\/index.php\/wp-json\/wp\/v2\/product_tag?post=689751"}],"curies":[{"name":"wp","href":"https:\/\/api.w.org\/{rel}","templated":true}]}}