{"id":689749,"date":"2025-08-27T13:48:15","date_gmt":"2025-08-27T10:48:15","guid":{"rendered":"https:\/\/roveyayinevi.com.tr\/index.php\/urun\/caglayanlar\/"},"modified":"2026-04-16T01:59:23","modified_gmt":"2026-04-15T22:59:23","slug":"caglayanlar","status":"publish","type":"product","link":"https:\/\/roveyayinevi.com.tr\/index.php\/urun\/caglayanlar\/","title":{"rendered":"\u00c7a\u011flayanlar"},"content":{"rendered":"<p>Yazar; \u00c7a\u011flayanlar adl\u0131 yap\u0131t\u0131nda T\u00fcrk tarihinin \u00e7e\u015fitli d\u00f6nemlerini, bu d\u00f6nemlerdeki ac\u0131 olaylar\u0131, halk ba\u011flam\u0131nda ele ald\u0131. \u00c7o\u011fu zaman s\u00fcse, yapayl\u0131\u011fa ve s\u00f6z kalabal\u0131\u011f\u0131na ka\u00e7an bi\u00e7emiyle gen\u00e7 yazarlar\u0131 etkiledi. Dilin ar\u0131t\u0131lmas\u0131, yaz\u0131m kurallar\u0131n\u0131n saptanmas\u0131 gibi konularla yak\u0131ndan ilgilendi. <\/p>\n","protected":false},"excerpt":{"rendered":"<p>Yazar; \u00c7a\u011flayanlar adl\u0131 yap\u0131t\u0131nda T\u00fcrk tarihinin \u00e7e\u015fitli d\u00f6nemlerini, bu d\u00f6nemlerdeki ac\u0131 olaylar\u0131, halk ba\u011flam\u0131nda ele ald\u0131. \u00c7o\u011fu zaman s\u00fcse, yapayl\u0131\u011fa ve s\u00f6z kalabal\u0131\u011f\u0131na ka\u00e7an bi\u00e7emiyle gen\u00e7<span class=\"excerpt-hellip\"> [\u2026]<\/span><\/p>\n","protected":false},"featured_media":0,"template":"","meta":{"_monsterinsights_skip_tracking":false,"_monsterinsights_sitenote_active":false,"_monsterinsights_sitenote_note":"","_monsterinsights_sitenote_category":0},"product_brand":[],"product_cat":[12291,12292],"product_tag":[],"class_list":{"0":"post-689749","1":"product","2":"type-product","3":"status-publish","5":"product_cat-edebiyat","6":"product_cat-turk-edebiyati","7":"pa_tur-kitap","8":"pa_yayinevi-iskele-yayincilik","9":"pa_yazar-ahmet-hikmet-muftuoglu","11":"first","12":"instock","13":"sale","14":"shipping-taxable","15":"purchasable","16":"product-type-simple"},"_links":{"self":[{"href":"https:\/\/roveyayinevi.com.tr\/index.php\/wp-json\/wp\/v2\/product\/689749","targetHints":{"allow":["GET"]}}],"collection":[{"href":"https:\/\/roveyayinevi.com.tr\/index.php\/wp-json\/wp\/v2\/product"}],"about":[{"href":"https:\/\/roveyayinevi.com.tr\/index.php\/wp-json\/wp\/v2\/types\/product"}],"wp:attachment":[{"href":"https:\/\/roveyayinevi.com.tr\/index.php\/wp-json\/wp\/v2\/media?parent=689749"}],"wp:term":[{"taxonomy":"product_brand","embeddable":true,"href":"https:\/\/roveyayinevi.com.tr\/index.php\/wp-json\/wp\/v2\/product_brand?post=689749"},{"taxonomy":"product_cat","embeddable":true,"href":"https:\/\/roveyayinevi.com.tr\/index.php\/wp-json\/wp\/v2\/product_cat?post=689749"},{"taxonomy":"product_tag","embeddable":true,"href":"https:\/\/roveyayinevi.com.tr\/index.php\/wp-json\/wp\/v2\/product_tag?post=689749"}],"curies":[{"name":"wp","href":"https:\/\/api.w.org\/{rel}","templated":true}]}}