{"id":689748,"date":"2025-08-27T13:48:14","date_gmt":"2025-08-27T10:48:14","guid":{"rendered":"https:\/\/roveyayinevi.com.tr\/index.php\/urun\/budala-1-cilt\/"},"modified":"2026-04-16T01:59:23","modified_gmt":"2026-04-15T22:59:23","slug":"budala-1-cilt","status":"publish","type":"product","link":"https:\/\/roveyayinevi.com.tr\/index.php\/urun\/budala-1-cilt\/","title":{"rendered":"Budala 1. Cilt"},"content":{"rendered":"<p>19. y\u00fczy\u0131l Rus edebiyat\u0131n\u0131n b\u0131rakt\u0131\u011f\u0131 en \u00f6nemli edebi miras, Fyodor Dostoyevski\u2019dir. Eserlerinde ger\u00e7ekle kurgu aras\u0131ndaki s\u0131n\u0131rlar\u0131 alt\u00fcst eden yazar, kimilerinin fantastik diye tan\u0131mlad\u0131\u011f\u0131 anlat\u0131m bi\u00e7imlerinin, kendisi i\u00e7in ger\u00e7e\u011fi ifade etti\u011fini savunur. Varolu\u015f\u00e7ulu\u011fun ilk izlerini ta\u015f\u0131d\u0131\u011f\u0131 d\u00fc\u015f\u00fcn\u00fclen romanlar\u0131nda gerilim, cinayet, korku, kendi deyimiyle  deh\u015fet  vard\u0131r. Ba\u015fkahraman Prens Mi\u015fkin tam bir ahlak ve ruh dengesine ula\u015fm\u0131\u015f olgun insan tipidir. Yazar\u0131n, ya\u015fad\u0131\u011f\u0131 d\u00f6nemin sorunlar\u0131na ve de\u011ferlerine tepkisinin simgesidir. K\u00f6t\u00fcl\u00fck kar\u015f\u0131s\u0131nda, b\u00fct\u00fcn iyi niyetine ve safl\u0131\u011f\u0131na ra\u011fmen her zaman kaybetmeye mahkum olan Prens Mi\u015fkin; Dostoyesvki\u2019nin en unutulmaz kad\u0131n kahraman\u0131 Nastasya Filippovna\u2019ya duydu\u011fu tutkulu a\u015fk ve A\u011flaya Yepan\u00e7in\u2019e hissetti\u011fi \u00f6l\u00fcmc\u00fcl sevgi aras\u0131nda bocalarken Nastasya Filippovna\u2019n\u0131n cinayete kurban gitmesiyle, iktidar isteyenlerin k\u00f6t\u00fcl\u00fcklerini anlayamad\u0131\u011f\u0131 i\u00e7in sonsuza dek budala olarak kal\u0131yor.  \u0130nsanl\u0131k komedyas\u0131n\u0131n ola\u011fan\u00fcst\u00fc zenginli\u011fine ra\u011fmen, Dostoyevski\u2019nin karakterleri hep ayn\u0131 d\u00fczeyde, al\u00e7akg\u00f6n\u00fcll\u00fcl\u00fck ve gurur d\u00fczeyinde toplan\u0131r ve s\u0131ralan\u0131r&#8230; Kad\u0131n kahramanlar\u0131, erkeklerden de fazla kararl\u0131d\u0131r; onlar\u0131 gurur harekete ge\u00e7irir hep&#8230; <\/p>\n","protected":false},"excerpt":{"rendered":"<p>19. y\u00fczy\u0131l Rus edebiyat\u0131n\u0131n b\u0131rakt\u0131\u011f\u0131 en \u00f6nemli edebi miras, Fyodor Dostoyevski\u2019dir. Eserlerinde ger\u00e7ekle kurgu aras\u0131ndaki s\u0131n\u0131rlar\u0131 alt\u00fcst eden yazar, kimilerinin fantastik diye tan\u0131mlad\u0131\u011f\u0131 anlat\u0131m bi\u00e7imlerinin, kendisi<span class=\"excerpt-hellip\"> [\u2026]<\/span><\/p>\n","protected":false},"featured_media":0,"template":"","meta":{"_monsterinsights_skip_tracking":false,"_monsterinsights_sitenote_active":false,"_monsterinsights_sitenote_note":"","_monsterinsights_sitenote_category":0},"product_brand":[],"product_cat":[12291,13570],"product_tag":[],"class_list":{"0":"post-689748","1":"product","2":"type-product","3":"status-publish","5":"product_cat-edebiyat","6":"product_cat-rus-edebiyati","7":"pa_tur-kitap","8":"pa_yayinevi-iskele-yayincilik","9":"pa_yazar-fyodor-mihaylovic-dostoyevski","11":"first","12":"instock","13":"sale","14":"shipping-taxable","15":"purchasable","16":"product-type-simple"},"_links":{"self":[{"href":"https:\/\/roveyayinevi.com.tr\/index.php\/wp-json\/wp\/v2\/product\/689748","targetHints":{"allow":["GET"]}}],"collection":[{"href":"https:\/\/roveyayinevi.com.tr\/index.php\/wp-json\/wp\/v2\/product"}],"about":[{"href":"https:\/\/roveyayinevi.com.tr\/index.php\/wp-json\/wp\/v2\/types\/product"}],"wp:attachment":[{"href":"https:\/\/roveyayinevi.com.tr\/index.php\/wp-json\/wp\/v2\/media?parent=689748"}],"wp:term":[{"taxonomy":"product_brand","embeddable":true,"href":"https:\/\/roveyayinevi.com.tr\/index.php\/wp-json\/wp\/v2\/product_brand?post=689748"},{"taxonomy":"product_cat","embeddable":true,"href":"https:\/\/roveyayinevi.com.tr\/index.php\/wp-json\/wp\/v2\/product_cat?post=689748"},{"taxonomy":"product_tag","embeddable":true,"href":"https:\/\/roveyayinevi.com.tr\/index.php\/wp-json\/wp\/v2\/product_tag?post=689748"}],"curies":[{"name":"wp","href":"https:\/\/api.w.org\/{rel}","templated":true}]}}