{"id":689747,"date":"2025-08-27T13:48:14","date_gmt":"2025-08-27T10:48:14","guid":{"rendered":"https:\/\/roveyayinevi.com.tr\/index.php\/urun\/boyle-buyurdu-zerdust\/"},"modified":"2026-04-16T01:59:23","modified_gmt":"2026-04-15T22:59:23","slug":"boyle-buyurdu-zerdust","status":"publish","type":"product","link":"https:\/\/roveyayinevi.com.tr\/index.php\/urun\/boyle-buyurdu-zerdust\/","title":{"rendered":"B\u00f6yle Buyurdu Zerd\u00fc\u015ft"},"content":{"rendered":"<p>Otuz ya\u015f\u0131ndayken yurdunu ve yurdunun g\u00f6l\u00fcn\u00fc ard\u0131nda b\u0131rakarak da\u011fa \u00e7ekildi Zerd\u00fc\u015ft. Da\u011fda on y\u0131l zaman zarf\u0131nda, b\u0131kmadan, usanmadan hep ruhunu dinledi&#8230; Ve sonunda i\u00e7inde, g\u00f6nl\u00fcn\u00fcn derinliklerinde bir de\u011fi\u015fiklik duyumsad\u0131. G\u00fcnlerden bir g\u00fcn tan k\u0131z\u0131ll\u0131\u011f\u0131nda kalkt\u0131 ve g\u00fcne\u015fe bakarrak ona s\u00f6yle seslendi:&#8221;Ey b\u00fcy\u00fck y\u0131ld\u0131z, ayd\u0131nlatacak bir \u015feyin kalmasayd\u0131 yazg\u0131n ne olurdu? On y\u0131l varki buraya ma\u011farama \u00e7\u0131k\u0131yorsun. E\u011fer, ben, kartal\u0131m ve y\u0131lan\u0131m olmasayd\u0131k, \u0131\u015f\u0131\u011f\u0131ndan ve yolundan bezerdin. Fakat her sabah seni bekledik. I\u015f\u0131\u011f\u0131n\u0131n fazlas\u0131n\u0131 ald\u0131k ve bunun i\u00e7in seni kutsad\u0131k. Bak! Ben, fazla bal toplam\u0131\u015f ar\u0131 gibi uzanacak ellere muhtac\u0131m. \u0130nsanlar aras\u0131nda, ak\u0131ll\u0131lar deliliklerine; fakirlerde zenginliklerine kavu\u015ftu\u011fu o derin sevinci tekrar ya\u015fatmak i\u00e7in arma\u011fanlar\u0131m\u0131 payla\u015ft\u0131rmak istiyorum. Bunun i\u00e7in a\u015fa\u011f\u0131lara inmeliyim. Nas\u0131l ki sen, c\u00f6mert y\u0131ld\u0131z, ak\u015famlar\u0131 denizin arkas\u0131na iniyor ve arkadaki d\u00fcnyaya \u0131\u015f\u0131k g\u00f6t\u00fcr\u00fcyorsan, ben de senin gibi, inmek istedi\u011fim insanlar\u0131n aras\u0131na girmek istiyorum. Ey, en b\u00fcy\u00fck mutlulu\u011fu bile k\u0131skanmadan g\u00f6rebilen tek g\u00f6z, beni kutsa!&#8230; Ta\u015fmak isteyen kadehi kutsa ki i\u00e7inden su, alt\u0131n gibi aks\u0131n ve mutlulu\u011fun par\u0131lt\u0131lar\u0131n\u0131 her tarafa sa\u00e7s\u0131n. &#8220;Bak, bu kadeh yine bo\u015falmak, Zerd\u00fc\u015ft yine insan olmak istiyor.&#8221; Zerd\u00fc\u015ft\u2019\u00fcn on y\u0131l sonra insanlar\u0131n aras\u0131na kar\u0131\u015fma iste\u011fi ve da\u011fdan ini\u015fi b\u00f6yle ba\u015flad\u0131.<\/p>\n","protected":false},"excerpt":{"rendered":"<p>Otuz ya\u015f\u0131ndayken yurdunu ve yurdunun g\u00f6l\u00fcn\u00fc ard\u0131nda b\u0131rakarak da\u011fa \u00e7ekildi Zerd\u00fc\u015ft. Da\u011fda on y\u0131l zaman zarf\u0131nda, b\u0131kmadan, usanmadan hep ruhunu dinledi&#8230; Ve sonunda i\u00e7inde, g\u00f6nl\u00fcn\u00fcn derinliklerinde<span class=\"excerpt-hellip\"> [\u2026]<\/span><\/p>\n","protected":false},"featured_media":0,"template":"","meta":{"_monsterinsights_skip_tracking":false,"_monsterinsights_sitenote_active":false,"_monsterinsights_sitenote_note":"","_monsterinsights_sitenote_category":0},"product_brand":[],"product_cat":[15319,12388],"product_tag":[],"class_list":{"0":"post-689747","1":"product","2":"type-product","3":"status-publish","5":"product_cat-etik","6":"product_cat-felsefe","7":"pa_cilt-ciltsiz","8":"pa_tur-kitap","9":"pa_yayinevi-iskele-yayincilik","10":"pa_yazar-friedrich-wilhelm-nietzsche","12":"first","13":"instock","14":"sale","15":"shipping-taxable","16":"purchasable","17":"product-type-simple"},"_links":{"self":[{"href":"https:\/\/roveyayinevi.com.tr\/index.php\/wp-json\/wp\/v2\/product\/689747","targetHints":{"allow":["GET"]}}],"collection":[{"href":"https:\/\/roveyayinevi.com.tr\/index.php\/wp-json\/wp\/v2\/product"}],"about":[{"href":"https:\/\/roveyayinevi.com.tr\/index.php\/wp-json\/wp\/v2\/types\/product"}],"wp:attachment":[{"href":"https:\/\/roveyayinevi.com.tr\/index.php\/wp-json\/wp\/v2\/media?parent=689747"}],"wp:term":[{"taxonomy":"product_brand","embeddable":true,"href":"https:\/\/roveyayinevi.com.tr\/index.php\/wp-json\/wp\/v2\/product_brand?post=689747"},{"taxonomy":"product_cat","embeddable":true,"href":"https:\/\/roveyayinevi.com.tr\/index.php\/wp-json\/wp\/v2\/product_cat?post=689747"},{"taxonomy":"product_tag","embeddable":true,"href":"https:\/\/roveyayinevi.com.tr\/index.php\/wp-json\/wp\/v2\/product_tag?post=689747"}],"curies":[{"name":"wp","href":"https:\/\/api.w.org\/{rel}","templated":true}]}}