{"id":689746,"date":"2025-08-27T13:48:14","date_gmt":"2025-08-27T10:48:14","guid":{"rendered":"https:\/\/roveyayinevi.com.tr\/index.php\/urun\/bir-ask-sayfasi\/"},"modified":"2026-04-16T01:59:23","modified_gmt":"2026-04-15T22:59:23","slug":"bir-ask-sayfasi","status":"publish","type":"product","link":"https:\/\/roveyayinevi.com.tr\/index.php\/urun\/bir-ask-sayfasi\/","title":{"rendered":"Bir A\u015fk Sayfas\u0131"},"content":{"rendered":"<p>Bir A\u015fk Sayfas\u0131 , evli bir doktorla; kirac\u0131s\u0131 olan dul bir kad\u0131n\u0131n yasak a\u015fk\u0131n\u0131 konu edinir. Her \u015fey dul kad\u0131n\u0131n k\u0131z\u0131n\u0131n rahats\u0131zlanmas\u0131yla ba\u015flar. Doktor- hasta ili\u015fkisinin i\u00e7ine g\u00f6n\u00fcl ba\u011f\u0131 da girince i\u015flin rengi birden de\u011fi\u015fiverir. Ba\u015flang\u0131\u00e7ta g\u00fczel olarak ba\u015flayan tutkulu a\u015fk, zamanla muhataplar\u0131na ac\u0131 s\u00fcrprizler de haz\u0131rlayacaklard\u0131r.  Bir A\u015fk Sayfas\u0131 , annelikle kad\u0131nl\u0131k i\u00e7g\u00fcd\u00fcs\u00fcn\u00fcn ac\u0131mas\u0131z bir sava\u015f\u0131 olarak zihinlerde kalacakt\u0131r. Eserde, baz\u0131 g\u00fcd\u00fclerin evrensel oldu\u011fu, bilin\u00e7alt\u0131na itilemeyece\u011fi, eninde sonunda kendini g\u00f6sterece\u011fi \u00e7ok net olarak g\u00f6r\u00fclmekte. Yine Paris sosyetesinin d\u00fcnyas\u0131, d\u00f6nen oyunlar, entrikalar ve yalanlar dolanlar&#8230; A\u015fk\u0131n soluksuzca ya\u015fand\u0131\u011f\u0131, tutkular\u0131n y\u0131k\u0131mlara davetiye \u00e7\u0131kard\u0131\u011f\u0131  Bir A\u015fk Sayfas\u0131 n\u0131 kolay kolay unutamayacaks\u0131n\u0131z&#8230; <\/p>\n","protected":false},"excerpt":{"rendered":"<p>Bir A\u015fk Sayfas\u0131 , evli bir doktorla; kirac\u0131s\u0131 olan dul bir kad\u0131n\u0131n yasak a\u015fk\u0131n\u0131 konu edinir. Her \u015fey dul kad\u0131n\u0131n k\u0131z\u0131n\u0131n rahats\u0131zlanmas\u0131yla ba\u015flar. Doktor- hasta ili\u015fkisinin<span class=\"excerpt-hellip\"> [\u2026]<\/span><\/p>\n","protected":false},"featured_media":0,"template":"","meta":{"_monsterinsights_skip_tracking":false,"_monsterinsights_sitenote_active":false,"_monsterinsights_sitenote_note":"","_monsterinsights_sitenote_category":0},"product_brand":[],"product_cat":[12291,13376],"product_tag":[],"class_list":{"0":"post-689746","1":"product","2":"type-product","3":"status-publish","5":"product_cat-edebiyat","6":"product_cat-fransiz-edebiyati","7":"pa_tur-kitap","8":"pa_yayinevi-iskele-yayincilik","9":"pa_yazar-emile-zola","11":"first","12":"instock","13":"sale","14":"shipping-taxable","15":"purchasable","16":"product-type-simple"},"_links":{"self":[{"href":"https:\/\/roveyayinevi.com.tr\/index.php\/wp-json\/wp\/v2\/product\/689746","targetHints":{"allow":["GET"]}}],"collection":[{"href":"https:\/\/roveyayinevi.com.tr\/index.php\/wp-json\/wp\/v2\/product"}],"about":[{"href":"https:\/\/roveyayinevi.com.tr\/index.php\/wp-json\/wp\/v2\/types\/product"}],"wp:attachment":[{"href":"https:\/\/roveyayinevi.com.tr\/index.php\/wp-json\/wp\/v2\/media?parent=689746"}],"wp:term":[{"taxonomy":"product_brand","embeddable":true,"href":"https:\/\/roveyayinevi.com.tr\/index.php\/wp-json\/wp\/v2\/product_brand?post=689746"},{"taxonomy":"product_cat","embeddable":true,"href":"https:\/\/roveyayinevi.com.tr\/index.php\/wp-json\/wp\/v2\/product_cat?post=689746"},{"taxonomy":"product_tag","embeddable":true,"href":"https:\/\/roveyayinevi.com.tr\/index.php\/wp-json\/wp\/v2\/product_tag?post=689746"}],"curies":[{"name":"wp","href":"https:\/\/api.w.org\/{rel}","templated":true}]}}