{"id":689743,"date":"2025-08-27T13:48:14","date_gmt":"2025-08-27T10:48:14","guid":{"rendered":"https:\/\/roveyayinevi.com.tr\/index.php\/urun\/araba-sevdasi-2\/"},"modified":"2025-11-22T02:05:49","modified_gmt":"2025-11-21T23:05:49","slug":"araba-sevdasi-2","status":"publish","type":"product","link":"https:\/\/roveyayinevi.com.tr\/index.php\/urun\/araba-sevdasi-2\/","title":{"rendered":"Araba Sevdas\u0131"},"content":{"rendered":"<p>Bihruz Bey, bir pa\u015fazadedir. Babas\u0131 \u00f6l\u00fcnce Bihruz\u2019la annesine b\u00fcy\u00fck bir miras kal\u0131r. Bihruz Bey, haz\u0131r paran\u0131n bitmeyece\u011fini sanarak kendini gezme ve e\u011flence kapt\u0131r\u0131r, alafaranga giyinmek, yerli yersiz Frans\u0131zca konu\u015fmak, l\u00fcks faytonunda tur atmak ba\u015fl\u0131ca meraklar\u0131d\u0131r. Bir g\u00fcn, o zamanki gezinti yerlerinden \u00c7aml\u0131ca bah\u00e7esinde gen\u00e7 ve g\u00fczel bir kad\u0131n g\u00f6r\u00fcr&#8230; <\/p>\n","protected":false},"excerpt":{"rendered":"<p>Bihruz Bey, bir pa\u015fazadedir. Babas\u0131 \u00f6l\u00fcnce Bihruz\u2019la annesine b\u00fcy\u00fck bir miras kal\u0131r. Bihruz Bey, haz\u0131r paran\u0131n bitmeyece\u011fini sanarak kendini gezme ve e\u011flence kapt\u0131r\u0131r, alafaranga giyinmek, yerli<span class=\"excerpt-hellip\"> [\u2026]<\/span><\/p>\n","protected":false},"featured_media":0,"template":"","meta":{"_monsterinsights_skip_tracking":false,"_monsterinsights_sitenote_active":false,"_monsterinsights_sitenote_note":"","_monsterinsights_sitenote_category":0},"product_brand":[],"product_cat":[12291,12292],"product_tag":[],"class_list":{"0":"post-689743","1":"product","2":"type-product","3":"status-publish","5":"product_cat-edebiyat","6":"product_cat-turk-edebiyati","7":"pa_cilt-ciltsiz","8":"pa_tur-kitap","9":"pa_yayinevi-iskele-yayincilik","10":"pa_yazar-recaizade-mahmut-ekrem","12":"first","13":"instock","14":"sale","15":"shipping-taxable","16":"purchasable","17":"product-type-simple"},"_links":{"self":[{"href":"https:\/\/roveyayinevi.com.tr\/index.php\/wp-json\/wp\/v2\/product\/689743","targetHints":{"allow":["GET"]}}],"collection":[{"href":"https:\/\/roveyayinevi.com.tr\/index.php\/wp-json\/wp\/v2\/product"}],"about":[{"href":"https:\/\/roveyayinevi.com.tr\/index.php\/wp-json\/wp\/v2\/types\/product"}],"wp:attachment":[{"href":"https:\/\/roveyayinevi.com.tr\/index.php\/wp-json\/wp\/v2\/media?parent=689743"}],"wp:term":[{"taxonomy":"product_brand","embeddable":true,"href":"https:\/\/roveyayinevi.com.tr\/index.php\/wp-json\/wp\/v2\/product_brand?post=689743"},{"taxonomy":"product_cat","embeddable":true,"href":"https:\/\/roveyayinevi.com.tr\/index.php\/wp-json\/wp\/v2\/product_cat?post=689743"},{"taxonomy":"product_tag","embeddable":true,"href":"https:\/\/roveyayinevi.com.tr\/index.php\/wp-json\/wp\/v2\/product_tag?post=689743"}],"curies":[{"name":"wp","href":"https:\/\/api.w.org\/{rel}","templated":true}]}}