{"id":689738,"date":"2025-08-27T13:48:13","date_gmt":"2025-08-27T10:48:13","guid":{"rendered":"https:\/\/roveyayinevi.com.tr\/index.php\/urun\/duello\/"},"modified":"2026-04-12T01:59:34","modified_gmt":"2026-04-11T22:59:34","slug":"duello","status":"publish","type":"product","link":"https:\/\/roveyayinevi.com.tr\/index.php\/urun\/duello\/","title":{"rendered":"D\u00fcello"},"content":{"rendered":"<p>Heinrich von Kleist (1777-1811): XIX. y\u00fczy\u0131l Alman edebiyat\u0131n\u0131n en \u00f6nemli yazarlar\u0131ndand\u0131r. Tiyatro oyunlar\u0131, \u015fiirler ve \u00f6yk\u00fcler yazd\u0131. Kant\u2019\u0131 okuduktan sonra bilginin de\u011ferinden ku\u015fkuya d\u00fc\u015ft\u00fc, akla de\u011fil duyguya g\u00fcvenmeyi tercih etti. Ak\u0131l ile duygu aras\u0131nda s\u00fcren z\u0131tl\u0131k eserlerinin \u00f6z\u00fcn\u00fc olu\u015fturdu. \u00d6yk\u00fclerinde insanlar\u0131n ve do\u011fan\u0131n zorbal\u0131\u011f\u0131 kar\u015f\u0131s\u0131nda kendilerini t\u00fcketircesine b\u00fct\u00fcn g\u00fc\u00e7lerini harcayan ki\u015fileri konu ald\u0131. Eserlerinde titizlikle se\u00e7ilmi\u015f s\u00f6zc\u00fcklerle \u00f6r\u00fcl\u00fc g\u00fc\u00e7l\u00fc bir ifade kulland\u0131. Sanatsal dehas\u0131 ile \u00e7a\u011fda\u015f ya\u015fam ve edebiyat\u0131n pek \u00e7ok sorununu \u00f6nceden g\u00f6ren Kleist, kendisinden sonraki Alman ve Frans\u0131z yazarlar\u0131 i\u00e7in \u00f6nemli bir ilk \u00f6rnek oldu. \ufffcTan\u0131t\u0131m Metni<\/p>\n","protected":false},"excerpt":{"rendered":"<p>Heinrich von Kleist (1777-1811): XIX. y\u00fczy\u0131l Alman edebiyat\u0131n\u0131n en \u00f6nemli yazarlar\u0131ndand\u0131r. Tiyatro oyunlar\u0131, \u015fiirler ve \u00f6yk\u00fcler yazd\u0131. Kant\u2019\u0131 okuduktan sonra bilginin de\u011ferinden ku\u015fkuya d\u00fc\u015ft\u00fc, akla de\u011fil<span class=\"excerpt-hellip\"> [\u2026]<\/span><\/p>\n","protected":false},"featured_media":0,"template":"","meta":{"_monsterinsights_skip_tracking":false,"_monsterinsights_sitenote_active":false,"_monsterinsights_sitenote_note":"","_monsterinsights_sitenote_category":0},"product_brand":[],"product_cat":[12291,12711],"product_tag":[],"class_list":{"0":"post-689738","1":"product","2":"type-product","3":"status-publish","5":"product_cat-edebiyat","6":"product_cat-roman-oyku","7":"pa_cilt-ciltsiz","8":"pa_tur-kitap","9":"pa_yayinevi-is-bankasi-kultur-yayinlari","10":"pa_yazar-heinrich-von-kleist","12":"first","13":"instock","14":"sale","15":"shipping-taxable","16":"purchasable","17":"product-type-simple"},"_links":{"self":[{"href":"https:\/\/roveyayinevi.com.tr\/index.php\/wp-json\/wp\/v2\/product\/689738","targetHints":{"allow":["GET"]}}],"collection":[{"href":"https:\/\/roveyayinevi.com.tr\/index.php\/wp-json\/wp\/v2\/product"}],"about":[{"href":"https:\/\/roveyayinevi.com.tr\/index.php\/wp-json\/wp\/v2\/types\/product"}],"wp:attachment":[{"href":"https:\/\/roveyayinevi.com.tr\/index.php\/wp-json\/wp\/v2\/media?parent=689738"}],"wp:term":[{"taxonomy":"product_brand","embeddable":true,"href":"https:\/\/roveyayinevi.com.tr\/index.php\/wp-json\/wp\/v2\/product_brand?post=689738"},{"taxonomy":"product_cat","embeddable":true,"href":"https:\/\/roveyayinevi.com.tr\/index.php\/wp-json\/wp\/v2\/product_cat?post=689738"},{"taxonomy":"product_tag","embeddable":true,"href":"https:\/\/roveyayinevi.com.tr\/index.php\/wp-json\/wp\/v2\/product_tag?post=689738"}],"curies":[{"name":"wp","href":"https:\/\/api.w.org\/{rel}","templated":true}]}}