{"id":689736,"date":"2025-08-27T13:48:12","date_gmt":"2025-08-27T10:48:12","guid":{"rendered":"https:\/\/roveyayinevi.com.tr\/index.php\/urun\/dortlukler\/"},"modified":"2026-04-16T01:59:22","modified_gmt":"2026-04-15T22:59:22","slug":"dortlukler","status":"publish","type":"product","link":"https:\/\/roveyayinevi.com.tr\/index.php\/urun\/dortlukler\/","title":{"rendered":"D\u00f6rtl\u00fckler"},"content":{"rendered":"<p>\u00d6mer Hayyam: Do\u011fum ve \u00f6l\u00fcm tarihleri \u00e7e\u015fitli kaynaklara g\u00f6re farkl\u0131l\u0131k g\u00f6sterse de, 11. y\u00fczy\u0131l\u0131n ortalar\u0131nda do\u011fdu\u011fu, 12. y\u00fczy\u0131l\u0131n ilk \u00e7eyre\u011fi civar\u0131nda \u00f6ld\u00fc\u011f\u00fc kabul edilen \u0130ranl\u0131 \u015fair, felsefeci ve bilim adam\u0131. G\u00fcn\u00fcm\u00fczde ise, daha \u00e7ok rubai t\u00fcr\u00fcn\u00fcn yarat\u0131c\u0131s\u0131 olarak kabul g\u00f6ren Hayyam\u2019\u0131n d\u00f6rtl\u00fckleri, T\u00fcrk\u00e7e\u2019ye Yahya Kemal ve Abd\u00fclbaki G\u00f6lp\u0131narl\u0131 ba\u015fta olmak \u00fczere pek \u00e7ok kez \u00e7evrildi. Sabahattin Ey\u00fcbo\u011flu\u2019nun \u00e7evirisi de, bunlar aras\u0131nda en sevilenlerinden biri.<\/p>\n","protected":false},"excerpt":{"rendered":"<p>\u00d6mer Hayyam: Do\u011fum ve \u00f6l\u00fcm tarihleri \u00e7e\u015fitli kaynaklara g\u00f6re farkl\u0131l\u0131k g\u00f6sterse de, 11. y\u00fczy\u0131l\u0131n ortalar\u0131nda do\u011fdu\u011fu, 12. y\u00fczy\u0131l\u0131n ilk \u00e7eyre\u011fi civar\u0131nda \u00f6ld\u00fc\u011f\u00fc kabul edilen \u0130ranl\u0131 \u015fair,<span class=\"excerpt-hellip\"> [\u2026]<\/span><\/p>\n","protected":false},"featured_media":0,"template":"","meta":{"_monsterinsights_skip_tracking":false,"_monsterinsights_sitenote_active":false,"_monsterinsights_sitenote_note":"","_monsterinsights_sitenote_category":0},"product_brand":[],"product_cat":[12291,12509],"product_tag":[],"class_list":{"0":"post-689736","1":"product","2":"type-product","3":"status-publish","5":"product_cat-edebiyat","6":"product_cat-siir","7":"pa_cilt-ciltsiz","8":"pa_tur-kitap","9":"pa_yayinevi-is-bankasi-kultur-yayinlari","10":"pa_yazar-omer-hayyam","12":"first","13":"instock","14":"sale","15":"shipping-taxable","16":"purchasable","17":"product-type-simple"},"_links":{"self":[{"href":"https:\/\/roveyayinevi.com.tr\/index.php\/wp-json\/wp\/v2\/product\/689736","targetHints":{"allow":["GET"]}}],"collection":[{"href":"https:\/\/roveyayinevi.com.tr\/index.php\/wp-json\/wp\/v2\/product"}],"about":[{"href":"https:\/\/roveyayinevi.com.tr\/index.php\/wp-json\/wp\/v2\/types\/product"}],"wp:attachment":[{"href":"https:\/\/roveyayinevi.com.tr\/index.php\/wp-json\/wp\/v2\/media?parent=689736"}],"wp:term":[{"taxonomy":"product_brand","embeddable":true,"href":"https:\/\/roveyayinevi.com.tr\/index.php\/wp-json\/wp\/v2\/product_brand?post=689736"},{"taxonomy":"product_cat","embeddable":true,"href":"https:\/\/roveyayinevi.com.tr\/index.php\/wp-json\/wp\/v2\/product_cat?post=689736"},{"taxonomy":"product_tag","embeddable":true,"href":"https:\/\/roveyayinevi.com.tr\/index.php\/wp-json\/wp\/v2\/product_tag?post=689736"}],"curies":[{"name":"wp","href":"https:\/\/api.w.org\/{rel}","templated":true}]}}